{"id":37428,"date":"2025-02-20T23:37:52","date_gmt":"2025-02-20T22:37:52","guid":{"rendered":"https:\/\/olemosaic.orbitalia.org\/producto\/iman-de-resina-letrero-alicante\/"},"modified":"2025-07-25T19:59:10","modified_gmt":"2025-07-25T17:59:10","slug":"iman-de-resina-letreiro-alicante","status":"publish","type":"product","link":"https:\/\/olemosaic.orbitalia.org\/pt-pt\/produto\/iman-de-resina-letreiro-alicante\/","title":{"rendered":"\u00cdman de resina. Letreiro. Alicante."},"content":{"rendered":"<p>Este \u00edman de resina &#8220;ALICANTE&#8221; \u00e9 uma recorda\u00e7\u00e3o vibrante e colorida, perfeita para quem deseja levar um pedacinho desta bela cidade alicantina. O design apresenta o nome &#8220;ALICANTE&#8221; em letras grandes e chamativas, decoradas com padr\u00f5es que evocam o estilo dos mosaicos, s\u00edmbolo da rica heran\u00e7a cultural da regi\u00e3o. O fundo branco e cinzento acrescenta uma base moderna e elegante, real\u00e7ando os detalhes em vermelho, azul e amarelo, que conferem um ar festivo e caloroso, refletindo a luz do sol que banha Alicante.<\/p>\n<p>Na parte inferior do design, um encantador desenho de um lagarto, s\u00edmbolo distintivo da zona, acrescenta um toque de divers\u00e3o e autenticidade ao produto. Este \u00edman n\u00e3o \u00e9 apenas um artigo decorativo, mas uma recorda\u00e7\u00e3o ideal das inesquec\u00edveis praias, da arquitetura e do calor dos alicantinos.<\/p>\n<p>As recorda\u00e7\u00f5es de Alicante, como este \u00edman, s\u00e3o perfeitas para turistas que procuram uma lembran\u00e7a aut\u00eantica e representativa da sua visita. Na Ol\u00e9 Mosaic, distribu\u00edmos \u00edmanes de resina de alta qualidade e designs \u00fanicos por grosso, oferecendo uma excelente solu\u00e7\u00e3o para lojas de presentes tur\u00edsticos que desejam enriquecer a sua sele\u00e7\u00e3o com produtos que celebrem a cultura local e a beleza de Alicante.<\/p>\n","protected":false},"excerpt":{"rendered":"<p>\u00cdman com um letreiro colorido que diz &#8220;ALICANTE&#8221;. Este atraente produto apresenta letras com diferentes cores e designs, evocando o estilo mosaico t\u00e3o caracter\u00edstico. O fundo branco e cinzento, com detalhes em vermelho, azul e amarelo, confere-lhe um toque moderno e vibrante. Inclui um simp\u00e1tico desenho de um lagarto, s\u00edmbolo distintivo da regi\u00e3o. Ideal para recordar a sua visita a Alicante ou como um presente original.<\/p>\n","protected":false},"featured_media":14016,"template":"","meta":{"_acf_changed":false},"product_brand":[],"product_cat":[699],"product_tag":[],"class_list":{"0":"post-37428","1":"product","2":"type-product","3":"status-publish","4":"has-post-thumbnail","6":"product_cat-imanes","7":"pa_ciudad-alicante","8":"pa_motivo-letreiros-de-cidades","9":"pa_pais-espana","11":"first","12":"instock","13":"shipping-taxable","14":"product-type-simple"},"acf":[],"_links":{"self":[{"href":"https:\/\/olemosaic.orbitalia.org\/pt-pt\/wp-json\/wp\/v2\/product\/37428","targetHints":{"allow":["GET"]}}],"collection":[{"href":"https:\/\/olemosaic.orbitalia.org\/pt-pt\/wp-json\/wp\/v2\/product"}],"about":[{"href":"https:\/\/olemosaic.orbitalia.org\/pt-pt\/wp-json\/wp\/v2\/types\/product"}],"wp:featuredmedia":[{"embeddable":true,"href":"https:\/\/olemosaic.orbitalia.org\/pt-pt\/wp-json\/wp\/v2\/media\/14016"}],"wp:attachment":[{"href":"https:\/\/olemosaic.orbitalia.org\/pt-pt\/wp-json\/wp\/v2\/media?parent=37428"}],"wp:term":[{"taxonomy":"product_brand","embeddable":true,"href":"https:\/\/olemosaic.orbitalia.org\/pt-pt\/wp-json\/wp\/v2\/product_brand?post=37428"},{"taxonomy":"product_cat","embeddable":true,"href":"https:\/\/olemosaic.orbitalia.org\/pt-pt\/wp-json\/wp\/v2\/product_cat?post=37428"},{"taxonomy":"product_tag","embeddable":true,"href":"https:\/\/olemosaic.orbitalia.org\/pt-pt\/wp-json\/wp\/v2\/product_tag?post=37428"}],"curies":[{"name":"wp","href":"https:\/\/api.w.org\/{rel}","templated":true}]}}