{"id":37417,"date":"2025-02-20T23:37:50","date_gmt":"2025-02-20T22:37:50","guid":{"rendered":"https:\/\/olemosaic.orbitalia.org\/producto\/iman-de-resina-letrero-valencia-11-cm\/"},"modified":"2025-07-26T00:04:04","modified_gmt":"2025-07-25T22:04:04","slug":"iman-de-resina-letreiro-valencia-11-cm","status":"publish","type":"product","link":"https:\/\/olemosaic.orbitalia.org\/pt-pt\/produto\/iman-de-resina-letreiro-valencia-11-cm\/","title":{"rendered":"\u00cdman de resina. Letreiro. Val\u00eancia. 11 cm."},"content":{"rendered":"<p>Este \u00edman de resina com o letreiro &#8220;VAL\u00caNCIA&#8221; \u00e9 uma recorda\u00e7\u00e3o vibrante e colorida que capta a ess\u00eancia desta encantadora cidade espanhola. Com 11 cm de tamanho, este atraente \u00edman destaca-se entre os souvenirs de Val\u00eancia gra\u00e7as \u00e0s suas letras em cores vivas como vermelho, azul, amarelo e verde, que evocam a alegria e o dinamismo da vida valenciana. O fundo do \u00edman apresenta um design tipo mosaico que presta homenagem \u00e0 rica heran\u00e7a cultural e arquitet\u00f3nica da regi\u00e3o, recordando aos turistas a singularidade das constru\u00e7\u00f5es modernas e tradicionais que adornam a cidade.<\/p>\n<p>Para adicionar um toque especial, o letreiro inclui uma ilustra\u00e7\u00e3o da emblem\u00e1tica torre do Miguelete, um s\u00edmbolo indiscut\u00edvel de Val\u00eancia e uma recorda\u00e7\u00e3o da sua hist\u00f3ria. Este \u00edman n\u00e3o \u00e9 apenas uma forma encantadora de decorar a casa, mas tamb\u00e9m um excelente presente tur\u00edstico, ideal para quem procura recorda\u00e7\u00f5es aut\u00eanticas que reflitam a cultura local.<\/p>\n<p>Na Ol\u00e9 Mosaic, como grossistas de souvenirs, oferecemos produtos que combinam qualidade e design, permitindo \u00e0s lojas de presentes tur\u00edsticos apresentar artigos representativos de cada destino. Este \u00edman de Val\u00eancia \u00e9 uma op\u00e7\u00e3o perfeita para quem deseja levar um pedacinho da rica cultura valenciana para casa.<\/p>\n","protected":false},"excerpt":{"rendered":"<p>\u00cdman com a palavra &#8220;VAL\u00caNCIA&#8221;, que mede 11 cm. Este atraente \u00edman apresenta letras em cores vivas como vermelho, azul e amarelo, real\u00e7ando o nome da cidade. O fundo est\u00e1 decorado com um design tipo mosaico que evoca a rica cultura e a arquitetura da regi\u00e3o. Al\u00e9m disso, inclui uma ilustra\u00e7\u00e3o da emblem\u00e1tica torre do Miguelete, o que torna este souvenir a recorda\u00e7\u00e3o perfeita da ess\u00eancia valenciana.<\/p>\n","protected":false},"featured_media":14005,"template":"","meta":{"_acf_changed":false},"product_brand":[],"product_cat":[699],"product_tag":[],"class_list":{"0":"post-37417","1":"product","2":"type-product","3":"status-publish","4":"has-post-thumbnail","6":"product_cat-imanes","7":"pa_ciudad-valencia","8":"pa_motivo-letreiros-de-cidades","9":"pa_pais-espana","11":"first","12":"instock","13":"shipping-taxable","14":"product-type-simple"},"acf":[],"_links":{"self":[{"href":"https:\/\/olemosaic.orbitalia.org\/pt-pt\/wp-json\/wp\/v2\/product\/37417","targetHints":{"allow":["GET"]}}],"collection":[{"href":"https:\/\/olemosaic.orbitalia.org\/pt-pt\/wp-json\/wp\/v2\/product"}],"about":[{"href":"https:\/\/olemosaic.orbitalia.org\/pt-pt\/wp-json\/wp\/v2\/types\/product"}],"wp:featuredmedia":[{"embeddable":true,"href":"https:\/\/olemosaic.orbitalia.org\/pt-pt\/wp-json\/wp\/v2\/media\/14005"}],"wp:attachment":[{"href":"https:\/\/olemosaic.orbitalia.org\/pt-pt\/wp-json\/wp\/v2\/media?parent=37417"}],"wp:term":[{"taxonomy":"product_brand","embeddable":true,"href":"https:\/\/olemosaic.orbitalia.org\/pt-pt\/wp-json\/wp\/v2\/product_brand?post=37417"},{"taxonomy":"product_cat","embeddable":true,"href":"https:\/\/olemosaic.orbitalia.org\/pt-pt\/wp-json\/wp\/v2\/product_cat?post=37417"},{"taxonomy":"product_tag","embeddable":true,"href":"https:\/\/olemosaic.orbitalia.org\/pt-pt\/wp-json\/wp\/v2\/product_tag?post=37417"}],"curies":[{"name":"wp","href":"https:\/\/api.w.org\/{rel}","templated":true}]}}