{"id":37398,"date":"2025-02-20T23:37:47","date_gmt":"2025-02-20T22:37:47","guid":{"rendered":"https:\/\/olemosaic.orbitalia.org\/producto\/iman-de-resina-salamandra-malaga-75-cm\/"},"modified":"2025-07-25T20:14:55","modified_gmt":"2025-07-25T18:14:55","slug":"iman-de-resina-salamandra-malaga-7-5-cm","status":"publish","type":"product","link":"https:\/\/olemosaic.orbitalia.org\/pt-pt\/produto\/iman-de-resina-salamandra-malaga-7-5-cm\/","title":{"rendered":"\u00cdman de resina. Salamandra. M\u00e1laga. 7,5 cm."},"content":{"rendered":"<p>Este \u00edman de resina com design de salamandras coloridas \u00e9 um souvenir emblem\u00e1tico que captura a ess\u00eancia de M\u00e1laga. Com um tamanho de 7,5 cm, este atraente \u00edman apresenta exuberantes salamandras em tons vibrantes de azul, verde e vermelho, adornadas com detalhes florais que conferem um toque de alegria e cor. Cada salamandra \u00e9 meticulosamente elaborada, exibindo um design de mosaico que presta homenagem \u00e0 rica heran\u00e7a cultural desta bela cidade andaluza, conhecida pelas suas cer\u00e2micas e cores vibrantes.<\/p>\n<p>A base do \u00edman evoca a famosa tradi\u00e7\u00e3o dos mosaicos andaluzes, destacando o esp\u00edrito art\u00edstico que define M\u00e1laga. Este \u00edman n\u00e3o \u00e9 apenas um artigo decorativo, mas tamb\u00e9m simboliza a liga\u00e7\u00e3o do visitante com a cultura local, tornando-se uma recorda\u00e7\u00e3o significativa da experi\u00eancia vivida na regi\u00e3o. \u00c9 ideal para quem procura levar um peda\u00e7o da Andaluzia para casa ou como presente perfeito para amigos e familiares que valorizam a arte local.<\/p>\n<p>Na Ol\u00e9 Mosaic, somos especialistas na distribui\u00e7\u00e3o de souvenirs por grosso e oferecemos este \u00edman de salamandras como uma magn\u00edfica op\u00e7\u00e3o para lojas de presentes tur\u00edsticos que procuram produtos aut\u00eanticos e de qualidade. Este \u00edman de resina \u00e9 uma excelente escolha para quem deseja levar um peda\u00e7o de M\u00e1laga, conferindo um toque de cor e cultura a qualquer espa\u00e7o.<\/p>\n","protected":false},"excerpt":{"rendered":"<p>\u00cdman com design de salamandras coloridas, que evocam a ess\u00eancia de M\u00e1laga. Este atraente \u00edman de 7,5 cm apresenta salamandras com designs vibrantes em azul, verde e vermelho, adornadas com detalhes florais em cores contrastantes. A base do \u00edman exibe um mosaico que evoca a rica hist\u00f3ria cultural da cidade. Ideal para levar uma recorda\u00e7\u00e3o emblem\u00e1tica da Andaluzia para o seu lar ou para oferecer a quem aprecia a arte local.<\/p>\n","protected":false},"featured_media":13986,"template":"","meta":{"_acf_changed":false},"product_brand":[],"product_cat":[699],"product_tag":[516],"class_list":{"0":"post-37398","1":"product","2":"type-product","3":"status-publish","4":"has-post-thumbnail","6":"product_cat-imanes","7":"product_tag-animais","8":"pa_ciudad-malaga","9":"pa_motivo-salamandras","10":"pa_pais-espana","12":"first","13":"instock","14":"shipping-taxable","15":"product-type-simple"},"acf":[],"_links":{"self":[{"href":"https:\/\/olemosaic.orbitalia.org\/pt-pt\/wp-json\/wp\/v2\/product\/37398","targetHints":{"allow":["GET"]}}],"collection":[{"href":"https:\/\/olemosaic.orbitalia.org\/pt-pt\/wp-json\/wp\/v2\/product"}],"about":[{"href":"https:\/\/olemosaic.orbitalia.org\/pt-pt\/wp-json\/wp\/v2\/types\/product"}],"wp:featuredmedia":[{"embeddable":true,"href":"https:\/\/olemosaic.orbitalia.org\/pt-pt\/wp-json\/wp\/v2\/media\/13986"}],"wp:attachment":[{"href":"https:\/\/olemosaic.orbitalia.org\/pt-pt\/wp-json\/wp\/v2\/media?parent=37398"}],"wp:term":[{"taxonomy":"product_brand","embeddable":true,"href":"https:\/\/olemosaic.orbitalia.org\/pt-pt\/wp-json\/wp\/v2\/product_brand?post=37398"},{"taxonomy":"product_cat","embeddable":true,"href":"https:\/\/olemosaic.orbitalia.org\/pt-pt\/wp-json\/wp\/v2\/product_cat?post=37398"},{"taxonomy":"product_tag","embeddable":true,"href":"https:\/\/olemosaic.orbitalia.org\/pt-pt\/wp-json\/wp\/v2\/product_tag?post=37398"}],"curies":[{"name":"wp","href":"https:\/\/api.w.org\/{rel}","templated":true}]}}