{"id":37390,"date":"2025-02-20T23:37:45","date_gmt":"2025-02-20T22:37:45","guid":{"rendered":"https:\/\/olemosaic.orbitalia.org\/producto\/iman-de-resina-salamandra-y-flores-marbella\/"},"modified":"2025-07-25T18:37:32","modified_gmt":"2025-07-25T16:37:32","slug":"iman-de-resina-salamandra-e-flores-marbella","status":"publish","type":"product","link":"https:\/\/olemosaic.orbitalia.org\/pt-pt\/produto\/iman-de-resina-salamandra-e-flores-marbella\/","title":{"rendered":"\u00cdman de resina. Salamandra e flores. Marbella."},"content":{"rendered":"<p>Este \u00edman de resina com decora\u00e7\u00e3o de salamandras e flores \u00e9 uma recorda\u00e7\u00e3o colorida e irresist\u00edvel de Marbella, ideal para quem quer levar um peda\u00e7o da beleza da Costa del Sol. Com o seu design vibrante em mosaico, o \u00edman apresenta duas salamandras em tonalidades impactantes, que simbolizam a biodiversidade \u00fanica da regi\u00e3o. Rodeadas por uma moldura floral, estas criaturas exibem cores brilhantes que evocam a alegria e o clima ensolarado de Marbella. A palavra &#8220;MARBELLA&#8221; aparece impressa em letras chamativas, o que torna este \u00edman um artigo distintivo que capta a aten\u00e7\u00e3o instantaneamente.<\/p>\n<p>O acabamento em resina assegura durabilidade e resist\u00eancia, tornando-o um souvenir perfeito para decorar qualquer superf\u00edcie met\u00e1lica. Este \u00edman n\u00e3o s\u00f3 \u00e9 atrativo, como tamb\u00e9m tem um significado cultural, j\u00e1 que as salamandras s\u00e3o um s\u00edmbolo da arte tradicional dos mosaicos andaluzes, uma forma de express\u00e3o que real\u00e7a a hist\u00f3ria e o patrim\u00f3nio regional. Na Ol\u00e9 Mosaic, oferecemos este e outros souvenirs de Marbella por grosso, proporcionando \u00e0s lojas de presentes tur\u00edsticos a oportunidade de oferecer produtos aut\u00eanticos que realcem a riqueza cultural de Espanha. Este \u00edman de resina \u00e9 uma excelente op\u00e7\u00e3o para os turistas que procuram levar uma recorda\u00e7\u00e3o exclusiva e significativa da sua visita \u00e0 encantadora Marbella.<\/p>\n","protected":false},"excerpt":{"rendered":"<p>\u00cdman decorado com salamandras e flores, inspirado na beleza de Marbella. Este atrativo \u00edman apresenta um design colorido em mosaico que representa duas salamandras em tons vibrantes rodeadas de flores. A palavra &#8220;MARBELLA&#8221; est\u00e1 impressa em letras chamativas, o que lhe confere um toque distintivo. O seu acabamento em resina confere-lhe durabilidade, tornando-o um souvenir perfeito que captura a ess\u00eancia da arte andaluza. Ideal para recordar os seus momentos na Costa del Sol.<\/p>\n","protected":false},"featured_media":13978,"template":"","meta":{"_acf_changed":false},"product_brand":[],"product_cat":[699],"product_tag":[516],"class_list":{"0":"post-37390","1":"product","2":"type-product","3":"status-publish","4":"has-post-thumbnail","6":"product_cat-imanes","7":"product_tag-animais","8":"pa_ciudad-marbella","9":"pa_motivo-salamandras","10":"pa_pais-espana","12":"first","13":"instock","14":"shipping-taxable","15":"product-type-simple"},"acf":[],"_links":{"self":[{"href":"https:\/\/olemosaic.orbitalia.org\/pt-pt\/wp-json\/wp\/v2\/product\/37390","targetHints":{"allow":["GET"]}}],"collection":[{"href":"https:\/\/olemosaic.orbitalia.org\/pt-pt\/wp-json\/wp\/v2\/product"}],"about":[{"href":"https:\/\/olemosaic.orbitalia.org\/pt-pt\/wp-json\/wp\/v2\/types\/product"}],"wp:featuredmedia":[{"embeddable":true,"href":"https:\/\/olemosaic.orbitalia.org\/pt-pt\/wp-json\/wp\/v2\/media\/13978"}],"wp:attachment":[{"href":"https:\/\/olemosaic.orbitalia.org\/pt-pt\/wp-json\/wp\/v2\/media?parent=37390"}],"wp:term":[{"taxonomy":"product_brand","embeddable":true,"href":"https:\/\/olemosaic.orbitalia.org\/pt-pt\/wp-json\/wp\/v2\/product_brand?post=37390"},{"taxonomy":"product_cat","embeddable":true,"href":"https:\/\/olemosaic.orbitalia.org\/pt-pt\/wp-json\/wp\/v2\/product_cat?post=37390"},{"taxonomy":"product_tag","embeddable":true,"href":"https:\/\/olemosaic.orbitalia.org\/pt-pt\/wp-json\/wp\/v2\/product_tag?post=37390"}],"curies":[{"name":"wp","href":"https:\/\/api.w.org\/{rel}","templated":true}]}}