{"id":37387,"date":"2025-02-20T23:37:45","date_gmt":"2025-02-20T22:37:45","guid":{"rendered":"https:\/\/olemosaic.orbitalia.org\/producto\/iman-de-resina-toro-y-bailaora-marbella\/"},"modified":"2025-07-25T18:39:34","modified_gmt":"2025-07-25T16:39:34","slug":"iman-de-resina-touro-e-bailarina-marbella","status":"publish","type":"product","link":"https:\/\/olemosaic.orbitalia.org\/pt-pt\/produto\/iman-de-resina-touro-e-bailarina-marbella\/","title":{"rendered":"\u00cdman de resina. Touro e bailarina. Marbella."},"content":{"rendered":"<p>Este colorido \u00edman de resina, que representa um touro e uma bailarina, \u00e9 uma emblem\u00e1tica recorda\u00e7\u00e3o de Marbella, desenhado para capturar a vibrante ess\u00eancia da cultura andaluza. O seu design estilizado mistura uma paleta de tons vermelhos, amarelos e azuis, evocando a beleza da cer\u00e2mica tradicional da regi\u00e3o. A bailarina, com um vestido de folhos de m\u00faltiplas camadas, irradia gra\u00e7a e movimento numa pose din\u00e2mica, complementando a poderosa imagem do touro, que se apresenta com a sua imponente figura e chifres caracter\u00edsticos. Este atrativo souvenir n\u00e3o s\u00f3 \u00e9 um \u00edman funcional, como tamb\u00e9m atua como uma obra de arte que celebra a paix\u00e3o do flamenco e a tradi\u00e7\u00e3o taurom\u00e1quica da Andaluzia.<\/p>\n<p>Com o nome &#8220;Marbella&#8221; em letras coloridas mesmo na base, este \u00edman torna-se uma recorda\u00e7\u00e3o perfeita para aqueles que procuram levar um peda\u00e7o da cultura local. \u00c9 um excelente presente para turistas que desejam recordar a sua visita a esta ic\u00f3nica cidade do sul de Espanha. Na Ol\u00e9 Mosaic, especializamo-nos na distribui\u00e7\u00e3o de souvenirs por grosso, e este \u00edman de Marbella \u00e9 uma op\u00e7\u00e3o ideal para lojas de presentes tur\u00edsticos que desejem oferecer produtos aut\u00eanticos e representativos da cultura andaluza. Levar este \u00edman de touro e bailarina significa conservar uma tradi\u00e7\u00e3o cheia de hist\u00f3ria e emo\u00e7\u00e3o.<\/p>\n","protected":false},"excerpt":{"rendered":"<p>\u00cdman colorido que representa um touro e uma bailarina, inspirado na cultura de Marbella. Esta atrativa recorda\u00e7\u00e3o captura a ess\u00eancia andaluza com o seu design vibrante e estilizado, que mistura tons vermelhos, amarelos e azuis num acabamento que evoca a cer\u00e2mica tradicional. A bailarina, com o seu vestido de folhos, mostra a sua gra\u00e7a numa pose din\u00e2mica, enquanto o touro a acompanha com a sua imponente presen\u00e7a, tudo isto complementado com o nome &#8220;Marbella&#8221; na base.<\/p>\n","protected":false},"featured_media":13975,"template":"","meta":{"_acf_changed":false},"product_brand":[],"product_cat":[699],"product_tag":[516],"class_list":{"0":"post-37387","1":"product","2":"type-product","3":"status-publish","4":"has-post-thumbnail","6":"product_cat-imanes","7":"product_tag-animais","8":"pa_ciudad-marbella","9":"pa_motivo-touros","10":"pa_pais-espana","12":"first","13":"instock","14":"shipping-taxable","15":"product-type-simple"},"acf":[],"_links":{"self":[{"href":"https:\/\/olemosaic.orbitalia.org\/pt-pt\/wp-json\/wp\/v2\/product\/37387","targetHints":{"allow":["GET"]}}],"collection":[{"href":"https:\/\/olemosaic.orbitalia.org\/pt-pt\/wp-json\/wp\/v2\/product"}],"about":[{"href":"https:\/\/olemosaic.orbitalia.org\/pt-pt\/wp-json\/wp\/v2\/types\/product"}],"wp:featuredmedia":[{"embeddable":true,"href":"https:\/\/olemosaic.orbitalia.org\/pt-pt\/wp-json\/wp\/v2\/media\/13975"}],"wp:attachment":[{"href":"https:\/\/olemosaic.orbitalia.org\/pt-pt\/wp-json\/wp\/v2\/media?parent=37387"}],"wp:term":[{"taxonomy":"product_brand","embeddable":true,"href":"https:\/\/olemosaic.orbitalia.org\/pt-pt\/wp-json\/wp\/v2\/product_brand?post=37387"},{"taxonomy":"product_cat","embeddable":true,"href":"https:\/\/olemosaic.orbitalia.org\/pt-pt\/wp-json\/wp\/v2\/product_cat?post=37387"},{"taxonomy":"product_tag","embeddable":true,"href":"https:\/\/olemosaic.orbitalia.org\/pt-pt\/wp-json\/wp\/v2\/product_tag?post=37387"}],"curies":[{"name":"wp","href":"https:\/\/api.w.org\/{rel}","templated":true}]}}