{"id":37383,"date":"2025-02-20T23:37:44","date_gmt":"2025-02-20T22:37:44","guid":{"rendered":"https:\/\/olemosaic.orbitalia.org\/producto\/iman-de-metal-toro-negro-11-cm-4\/"},"modified":"2025-07-25T20:10:41","modified_gmt":"2025-07-25T18:10:41","slug":"iman-de-metal-touro-preto-11-cm-4","status":"publish","type":"product","link":"https:\/\/olemosaic.orbitalia.org\/pt-pt\/produto\/iman-de-metal-touro-preto-11-cm-4\/","title":{"rendered":"\u00cdman de metal. Touro. Preto. Estilo Mosaico. 11 cm."},"content":{"rendered":"<p>Este \u00edman met\u00e1lico com o colorido design de um touro \u00e9 um souvenir emblem\u00e1tico que capta a ess\u00eancia da cultura espanhola. Com os seus 11 cm, apresenta um vibrante mosaico que combina tons azuis, vermelhos, verdes e amarelos, criando um efeito visual impactante que n\u00e3o s\u00f3 adornar\u00e1 o seu frigor\u00edfico, mas tamb\u00e9m evocar\u00e1 a rica tradi\u00e7\u00e3o do folclore espanhol. Este impressionante design mostra um touro, s\u00edmbolo de for\u00e7a e valentia, que tem sido parte integrante da identidade cultural de Espanha, representando a paix\u00e3o pela tauromaquia e a vida no campo.<\/p>\n<p>Cada detalhe deste \u00edman destaca-se pelo seu acabamento brilhante e pelo seu colorido mosaico, inspirado na diversidade art\u00edstica do pa\u00eds. A figura do touro, tradicionalmente associada \u00e0s festividades e \u00e0 energia de lugares como a Andaluzia e Castela, apresenta-se de forma moderna e criativa, o que o torna uma excelente op\u00e7\u00e3o para os turistas que procuram souvenirs aut\u00eanticos que reflitam a cultura espanhola.<\/p>\n<p>Na Ol\u00e9 Mosaic, como grossistas de souvenirs, oferecemos este \u00edman de touro como uma fant\u00e1stica op\u00e7\u00e3o para lojas de presentes tur\u00edsticos que desejem proporcionar aos seus clientes uma recorda\u00e7\u00e3o significativa e representativa de Espanha. Este \u00edman, al\u00e9m de ser um elemento decorativo atraente, \u00e9 um verdadeiro testemunho do patrim\u00f3nio cultural espanhol, ideal para quem procura levar um peda\u00e7o da tradi\u00e7\u00e3o para casa.<\/p>\n","protected":false},"excerpt":{"rendered":"<p>\u00cdman met\u00e1lico com um colorido design de touro, um s\u00edmbolo ic\u00f3nico da cultura espanhola. Com 11 cm de tamanho, este \u00edman apresenta um chamativo mosaico que combina tons vibrantes de azul, vermelho, verde e amarelo, criando um efeito visual impactante. Ideal para adicionar um toque art\u00edstico ao seu frigor\u00edfico, reflete a riqueza do folclore espanhol com a sua art\u00edstica representa\u00e7\u00e3o do touro, um emblema de for\u00e7a e tradi\u00e7\u00e3o em Espanha.<\/p>\n","protected":false},"featured_media":8162,"template":"","meta":{"_acf_changed":false},"product_brand":[],"product_cat":[699],"product_tag":[516],"class_list":{"0":"post-37383","1":"product","2":"type-product","3":"status-publish","4":"has-post-thumbnail","6":"product_cat-imanes","7":"product_tag-animais","8":"pa_motivo-touros","10":"first","11":"instock","12":"shipping-taxable","13":"product-type-simple"},"acf":[],"_links":{"self":[{"href":"https:\/\/olemosaic.orbitalia.org\/pt-pt\/wp-json\/wp\/v2\/product\/37383","targetHints":{"allow":["GET"]}}],"collection":[{"href":"https:\/\/olemosaic.orbitalia.org\/pt-pt\/wp-json\/wp\/v2\/product"}],"about":[{"href":"https:\/\/olemosaic.orbitalia.org\/pt-pt\/wp-json\/wp\/v2\/types\/product"}],"wp:featuredmedia":[{"embeddable":true,"href":"https:\/\/olemosaic.orbitalia.org\/pt-pt\/wp-json\/wp\/v2\/media\/8162"}],"wp:attachment":[{"href":"https:\/\/olemosaic.orbitalia.org\/pt-pt\/wp-json\/wp\/v2\/media?parent=37383"}],"wp:term":[{"taxonomy":"product_brand","embeddable":true,"href":"https:\/\/olemosaic.orbitalia.org\/pt-pt\/wp-json\/wp\/v2\/product_brand?post=37383"},{"taxonomy":"product_cat","embeddable":true,"href":"https:\/\/olemosaic.orbitalia.org\/pt-pt\/wp-json\/wp\/v2\/product_cat?post=37383"},{"taxonomy":"product_tag","embeddable":true,"href":"https:\/\/olemosaic.orbitalia.org\/pt-pt\/wp-json\/wp\/v2\/product_tag?post=37383"}],"curies":[{"name":"wp","href":"https:\/\/api.w.org\/{rel}","templated":true}]}}