{"id":37382,"date":"2025-02-20T23:37:44","date_gmt":"2025-02-20T22:37:44","guid":{"rendered":"https:\/\/olemosaic.orbitalia.org\/producto\/iman-de-metal-toro-negro-11-cm-3\/"},"modified":"2025-07-25T20:30:59","modified_gmt":"2025-07-25T18:30:59","slug":"iman-de-metal-touro-preto-11-cm-3","status":"publish","type":"product","link":"https:\/\/olemosaic.orbitalia.org\/pt-pt\/produto\/iman-de-metal-touro-preto-11-cm-3\/","title":{"rendered":"\u00cdman de metal. Touro. Preto. 11 cm. Motivos geom\u00e9tricos"},"content":{"rendered":"<p>Este \u00edman met\u00e1lico com design colorido de touros \u00e9 uma homenagem fascinante \u00e0 rica cultura taurom\u00e1quica espanhola. Com dimens\u00f5es de 11 cm, apresenta um vibrante fundo preto que real\u00e7a a variedade de cores brilhantes e as formas geom\u00e9tricas dos touros, cada um belamente decorado com tonalidades polidas e multicoloridas. A ilustra\u00e7\u00e3o capta a ess\u00eancia da arte e da tradi\u00e7\u00e3o espanholas, evocando as emocionantes festas que giram em torno das corridas de touros, uma pr\u00e1tica profundamente enraizada na cultura do pa\u00eds.<\/p>\n<p>Este souvenir n\u00e3o \u00e9 apenas um elemento decorativo atraente, mas tamb\u00e9m um s\u00edmbolo representativo da paix\u00e3o e do fervor que envolvem estas tradi\u00e7\u00f5es. A combina\u00e7\u00e3o de cores e a forma distintiva dos touros conferem um toque art\u00edstico que pode iluminar qualquer superf\u00edcie magn\u00e9tica, tornando-o um excelente presente para os turistas que procuram uma liga\u00e7\u00e3o aut\u00eantica com Espanha.<\/p>\n<p>Na Ol\u00e9 Mosaic, especializamo-nos na distribui\u00e7\u00e3o de souvenirs por grosso, e este \u00edman de touros \u00e9 uma op\u00e7\u00e3o ideal para lojas de presentes tur\u00edsticos. Oferecemos produtos que refletem a ess\u00eancia cultural e a autenticidade de Espanha, o que torna este \u00edman um artigo imprescind\u00edvel em qualquer cole\u00e7\u00e3o de souvenirs da regi\u00e3o.<\/p>\n","protected":false},"excerpt":{"rendered":"<p>\u00cdman met\u00e1lico com um colorido design de touros, que representa a rica cultura taurom\u00e1quica espanhola. Este atraente \u00edman, de 11 cm, apresenta um fundo preto que real\u00e7a a variedade de cores e formas geom\u00e9tricas dos touros, decorados cada um com m\u00faltiplas e vibrantes tonalidades. Perfeito para evocar a ess\u00eancia da festa e da tradi\u00e7\u00e3o espanhola, este \u00edman adiciona um toque art\u00edstico e cultural a qualquer superf\u00edcie magn\u00e9tica.<\/p>\n","protected":false},"featured_media":8113,"template":"","meta":{"_acf_changed":false},"product_brand":[],"product_cat":[699],"product_tag":[516],"class_list":{"0":"post-37382","1":"product","2":"type-product","3":"status-publish","4":"has-post-thumbnail","6":"product_cat-imanes","7":"product_tag-animais","8":"pa_motivo-touros","10":"first","11":"instock","12":"shipping-taxable","13":"product-type-simple"},"acf":[],"_links":{"self":[{"href":"https:\/\/olemosaic.orbitalia.org\/pt-pt\/wp-json\/wp\/v2\/product\/37382","targetHints":{"allow":["GET"]}}],"collection":[{"href":"https:\/\/olemosaic.orbitalia.org\/pt-pt\/wp-json\/wp\/v2\/product"}],"about":[{"href":"https:\/\/olemosaic.orbitalia.org\/pt-pt\/wp-json\/wp\/v2\/types\/product"}],"wp:featuredmedia":[{"embeddable":true,"href":"https:\/\/olemosaic.orbitalia.org\/pt-pt\/wp-json\/wp\/v2\/media\/8113"}],"wp:attachment":[{"href":"https:\/\/olemosaic.orbitalia.org\/pt-pt\/wp-json\/wp\/v2\/media?parent=37382"}],"wp:term":[{"taxonomy":"product_brand","embeddable":true,"href":"https:\/\/olemosaic.orbitalia.org\/pt-pt\/wp-json\/wp\/v2\/product_brand?post=37382"},{"taxonomy":"product_cat","embeddable":true,"href":"https:\/\/olemosaic.orbitalia.org\/pt-pt\/wp-json\/wp\/v2\/product_cat?post=37382"},{"taxonomy":"product_tag","embeddable":true,"href":"https:\/\/olemosaic.orbitalia.org\/pt-pt\/wp-json\/wp\/v2\/product_tag?post=37382"}],"curies":[{"name":"wp","href":"https:\/\/api.w.org\/{rel}","templated":true}]}}