{"id":37381,"date":"2025-02-20T23:37:43","date_gmt":"2025-02-20T22:37:43","guid":{"rendered":"https:\/\/olemosaic.orbitalia.org\/producto\/iman-de-madera-toro-rojo-2\/"},"modified":"2025-07-25T20:33:37","modified_gmt":"2025-07-25T18:33:37","slug":"iman-de-madeira-touro-vermelho-2","status":"publish","type":"product","link":"https:\/\/olemosaic.orbitalia.org\/pt-pt\/produto\/iman-de-madeira-touro-vermelho-2\/","title":{"rendered":"\u00cdman de madeira. Touro. Vermelho. Espanha"},"content":{"rendered":"<p>Este \u00edman de madeira com forma de touro \u00e9 uma aut\u00eantica representa\u00e7\u00e3o do esp\u00edrito espanhol, un s\u00edmbolo emblem\u00e1tico que evoca a rica cultura e o folclore do pa\u00eds. Com um design vibrante que combina tons vermelhos, amarelos e roxos, este \u00edman capta a ess\u00eancia da arte do mosaico, um elemento visual caracter\u00edstico das tradi\u00e7\u00f5es art\u00edsticas de Espanha. Cada detalhe \u00e9 meticulosamente pintado \u00e0 m\u00e3o, o que garante que cada pe\u00e7a seja \u00fanica, tornando-o uma recorda\u00e7\u00e3o memor\u00e1vel para quem visita Espanha.<\/p>\n<p>O touro, representado com uma abordagem contempor\u00e2nea e colorida, ergue-se com orgulho, evocando a for\u00e7a e a vitalidade que o animal simboliza na cultura ib\u00e9rica. Este \u00edman n\u00e3o \u00e9 apenas um objeto decorativo para superf\u00edcies met\u00e1licas, mas tamb\u00e9m uma recorda\u00e7\u00e3o tang\u00edvel da heran\u00e7a cultural e das festividades que rodeiam o touro nas festas populares espanholas.<\/p>\n<p>Ideal como souvenir para turistas que desejam levar um peda\u00e7o de Espanha para casa, este \u00edman \u00e9 uma op\u00e7\u00e3o perfeita para lojas de presentes tur\u00edsticos que procuram produtos aut\u00eanticos e com relev\u00e2ncia cultural. Na Ol\u00e9 Mosaic, como distribuidores de souvenirs por grosso, oferecemos esta pe\u00e7a excecional que representa a vitalidade do folclore espanhol, garantindo autenticidade e qualidade em cada produto.<\/p>\n","protected":false},"excerpt":{"rendered":"<p>\u00cdman de madeira com forma de touro, um s\u00edmbolo emblem\u00e1tico de Espanha. Este colorido \u00edman apresenta um design vibrante em tons vermelhos, amarelos e roxos, inspirado na arte do mosaico. Com detalhes meticulosamente pintados \u00e0 m\u00e3o, capta a ess\u00eancia do folclore espanhol e da cultura taurom\u00e1quica. Ideal para recordar a sua visita ou como presente original, conferindo um toque festivo a qualquer superf\u00edcie met\u00e1lica.<\/p>\n","protected":false},"featured_media":9539,"template":"","meta":{"_acf_changed":false},"product_brand":[],"product_cat":[699],"product_tag":[516],"class_list":{"0":"post-37381","1":"product","2":"type-product","3":"status-publish","4":"has-post-thumbnail","6":"product_cat-imanes","7":"product_tag-animais","8":"pa_motivo-touros","10":"first","11":"instock","12":"shipping-taxable","13":"product-type-simple"},"acf":[],"_links":{"self":[{"href":"https:\/\/olemosaic.orbitalia.org\/pt-pt\/wp-json\/wp\/v2\/product\/37381","targetHints":{"allow":["GET"]}}],"collection":[{"href":"https:\/\/olemosaic.orbitalia.org\/pt-pt\/wp-json\/wp\/v2\/product"}],"about":[{"href":"https:\/\/olemosaic.orbitalia.org\/pt-pt\/wp-json\/wp\/v2\/types\/product"}],"wp:featuredmedia":[{"embeddable":true,"href":"https:\/\/olemosaic.orbitalia.org\/pt-pt\/wp-json\/wp\/v2\/media\/9539"}],"wp:attachment":[{"href":"https:\/\/olemosaic.orbitalia.org\/pt-pt\/wp-json\/wp\/v2\/media?parent=37381"}],"wp:term":[{"taxonomy":"product_brand","embeddable":true,"href":"https:\/\/olemosaic.orbitalia.org\/pt-pt\/wp-json\/wp\/v2\/product_brand?post=37381"},{"taxonomy":"product_cat","embeddable":true,"href":"https:\/\/olemosaic.orbitalia.org\/pt-pt\/wp-json\/wp\/v2\/product_cat?post=37381"},{"taxonomy":"product_tag","embeddable":true,"href":"https:\/\/olemosaic.orbitalia.org\/pt-pt\/wp-json\/wp\/v2\/product_tag?post=37381"}],"curies":[{"name":"wp","href":"https:\/\/api.w.org\/{rel}","templated":true}]}}