{"id":37377,"date":"2025-02-20T22:37:43","date_gmt":"2025-02-20T22:37:43","guid":{"rendered":"https:\/\/olemosaic.orbitalia.org\/producto\/iman-de-ceramica-sardina-santander-verde\/"},"modified":"2025-07-25T18:46:45","modified_gmt":"2025-07-25T16:46:45","slug":"iman-de-ceramica-sardinha-santander-verde","status":"publish","type":"product","link":"https:\/\/olemosaic.orbitalia.org\/pt-pt\/produto\/iman-de-ceramica-sardinha-santander-verde\/","title":{"rendered":"\u00cdman de cer\u00e2mica. Sardinha. Santander. Verde."},"content":{"rendered":"<p>\u00cdman de cer\u00e2mica com forma de sardinha de Santander<\/p>\n<p>Este colorido \u00edman de cer\u00e2mica com forma de sardinha \u00e9 uma representa\u00e7\u00e3o vibrante da rica tradi\u00e7\u00e3o piscat\u00f3ria de Santander. Com um design decorativo que combina tons verdes e azuis, o \u00edman capta a ess\u00eancia do mar Cant\u00e1brico e torna-se uma recorda\u00e7\u00e3o perfeita de uma das cidades mais emblem\u00e1ticas do norte de Espanha. A ilustra\u00e7\u00e3o apresenta motivos estilizados que evocam as ondas do mar e as belas cer\u00e2micas tradicionais da regi\u00e3o, conferindo-lhe um toque art\u00edstico e cultural que encantar\u00e1 quem o contemplar. No centro, a palavra &#8220;Santander&#8221; destaca-se em letras vibrantes, garantindo que a recorda\u00e7\u00e3o seja visualmente atraente e f\u00e1cil de identificar. Este \u00edman n\u00e3o \u00e9 apenas funcional, pois adere perfeitamente a qualquer superf\u00edcie met\u00e1lica, mas tamb\u00e9m atua como um elemento decorativo que alegra qualquer espa\u00e7o. \u00c9 o souvenir ideal para turistas que procuram um peda\u00e7o aut\u00eantico da cultura cant\u00e1brica. Na Ol\u00e9 Mosaic, distribu\u00edmos estes souvenirs de cer\u00e2mica por grosso, oferecendo a lojas de presentes tur\u00edsticos produtos representativos e cheios de hist\u00f3ria, perfeitos para captar a ess\u00eancia de Santander.<\/p>\n","protected":false},"excerpt":{"rendered":"<p>\u00cdman de cer\u00e2mica com forma de sardinha, que representa a rica tradi\u00e7\u00e3o piscat\u00f3ria de Santander. Este colorido \u00edman, em tons verdes e azuis, apresenta um design decorativo com motivos estilizados que evocam a cultura local. A palavra &#8220;Santander&#8221; est\u00e1 impressa em letras vibrantes, o que torna este \u00edman uma recorda\u00e7\u00e3o atraente. Ideal para qualquer superf\u00edcie met\u00e1lica, combina funcionalidade e um toque art\u00edstico do norte de Espanha.<\/p>\n","protected":false},"featured_media":13971,"template":"","meta":{"_acf_changed":false},"product_brand":[],"product_cat":[699],"product_tag":[516,515],"class_list":{"0":"post-37377","1":"product","2":"type-product","3":"status-publish","4":"has-post-thumbnail","6":"product_cat-imanes","7":"product_tag-animais","8":"product_tag-ceramica","9":"pa_ciudad-santander","10":"pa_motivo-sardinhas","11":"pa_pais-espana","13":"first","14":"instock","15":"shipping-taxable","16":"product-type-simple"},"acf":[],"_links":{"self":[{"href":"https:\/\/olemosaic.orbitalia.org\/pt-pt\/wp-json\/wp\/v2\/product\/37377","targetHints":{"allow":["GET"]}}],"collection":[{"href":"https:\/\/olemosaic.orbitalia.org\/pt-pt\/wp-json\/wp\/v2\/product"}],"about":[{"href":"https:\/\/olemosaic.orbitalia.org\/pt-pt\/wp-json\/wp\/v2\/types\/product"}],"wp:featuredmedia":[{"embeddable":true,"href":"https:\/\/olemosaic.orbitalia.org\/pt-pt\/wp-json\/wp\/v2\/media\/13971"}],"wp:attachment":[{"href":"https:\/\/olemosaic.orbitalia.org\/pt-pt\/wp-json\/wp\/v2\/media?parent=37377"}],"wp:term":[{"taxonomy":"product_brand","embeddable":true,"href":"https:\/\/olemosaic.orbitalia.org\/pt-pt\/wp-json\/wp\/v2\/product_brand?post=37377"},{"taxonomy":"product_cat","embeddable":true,"href":"https:\/\/olemosaic.orbitalia.org\/pt-pt\/wp-json\/wp\/v2\/product_cat?post=37377"},{"taxonomy":"product_tag","embeddable":true,"href":"https:\/\/olemosaic.orbitalia.org\/pt-pt\/wp-json\/wp\/v2\/product_tag?post=37377"}],"curies":[{"name":"wp","href":"https:\/\/api.w.org\/{rel}","templated":true}]}}