{"id":37374,"date":"2025-02-20T23:37:42","date_gmt":"2025-02-20T22:37:42","guid":{"rendered":"https:\/\/olemosaic.orbitalia.org\/producto\/iman-de-ceramica-sardinas-alicante-rojo\/"},"modified":"2025-07-25T20:03:31","modified_gmt":"2025-07-25T18:03:31","slug":"iman-de-ceramica-sardinhas-alicante-vermelho","status":"publish","type":"product","link":"https:\/\/olemosaic.orbitalia.org\/pt-pt\/produto\/iman-de-ceramica-sardinhas-alicante-vermelho\/","title":{"rendered":"\u00cdman de cer\u00e2mica. Sardinhas. Alicante. Vermelho."},"content":{"rendered":"<p>\u00cdman de cer\u00e2mica com forma de sardinha de Alicante. Este colorido \u00edman capta a ess\u00eancia vibrante do litoral alicantino, sendo um detalhe decorativo que se destaca pelo seu design exclusivo pintado \u00e0 m\u00e3o. A pe\u00e7a apresenta um fundo em tons azuis e vermelhos que evocam as \u00e1guas do Mediterr\u00e2neo e o clima quente da regi\u00e3o. A sua estilizada forma de sardinha, um s\u00edmbolo da rica gastronomia local, est\u00e1 adornada com um padr\u00e3o decorativo distintivo que recorda os azulejos tradicionais espanh\u00f3is, integrando elementos folcl\u00f3ricos que prestam homenagem \u00e0 cultura de Alicante.<\/p>\n<p>O nome &#8220;Alicante&#8221;, inscrito em cores chamativas sobre um fundo branco, sobressai com for\u00e7a na superf\u00edcie do \u00edman, tornando-o numa recorda\u00e7\u00e3o ideal para quem deseja levar consigo uma parte desta preciosa cidade costeira. Este \u00edman n\u00e3o \u00e9 apenas uma pe\u00e7a \u00fatil para manter notas e recorda\u00e7\u00f5es \u00e0 vista, mas tamb\u00e9m acrescenta um toque mediterr\u00e2nico encantador a qualquer espa\u00e7o.<\/p>\n<p>Como distribuidor de souvenirs por grosso, a Ol\u00e9 Mosaic oferece este \u00edman de sardinha de Alicante, uma op\u00e7\u00e3o perfeita para lojas de presentes tur\u00edsticos que procuram produtos aut\u00eanticos e representativos. Este souvenir n\u00e3o s\u00f3 celebra a beleza e a cultura de Alicante, como tamb\u00e9m \u00e9 uma recorda\u00e7\u00e3o tang\u00edvel das experi\u00eancias vividas nesta joia da costa espanhola.<\/p>\n","protected":false},"excerpt":{"rendered":"<p>\u00cdman de cer\u00e2mica com forma de sardinha, que representa o car\u00e1ter vibrante de Alicante. Este colorido \u00edman destaca-se pelo seu design artesanal, pintado \u00e0 m\u00e3o, com um fundo em tons azuis e vermelhos e um padr\u00e3o decorativo distintivo que evoca o folclore local. A sardinha inclui o nome \u00abAlicante\u00bb em cores chamativas, o que o torna uma recorda\u00e7\u00e3o perfeita da costa espanhola. Ideal para dar um toque mediterr\u00e2nico a qualquer espa\u00e7o.<\/p>\n","protected":false},"featured_media":13969,"template":"","meta":{"_acf_changed":false},"product_brand":[],"product_cat":[699],"product_tag":[516,515],"class_list":{"0":"post-37374","1":"product","2":"type-product","3":"status-publish","4":"has-post-thumbnail","6":"product_cat-imanes","7":"product_tag-animais","8":"product_tag-ceramica","9":"pa_ciudad-alicante","10":"pa_motivo-sardinhas","11":"pa_pais-espana","13":"first","14":"instock","15":"shipping-taxable","16":"product-type-simple"},"acf":[],"_links":{"self":[{"href":"https:\/\/olemosaic.orbitalia.org\/pt-pt\/wp-json\/wp\/v2\/product\/37374","targetHints":{"allow":["GET"]}}],"collection":[{"href":"https:\/\/olemosaic.orbitalia.org\/pt-pt\/wp-json\/wp\/v2\/product"}],"about":[{"href":"https:\/\/olemosaic.orbitalia.org\/pt-pt\/wp-json\/wp\/v2\/types\/product"}],"wp:featuredmedia":[{"embeddable":true,"href":"https:\/\/olemosaic.orbitalia.org\/pt-pt\/wp-json\/wp\/v2\/media\/13969"}],"wp:attachment":[{"href":"https:\/\/olemosaic.orbitalia.org\/pt-pt\/wp-json\/wp\/v2\/media?parent=37374"}],"wp:term":[{"taxonomy":"product_brand","embeddable":true,"href":"https:\/\/olemosaic.orbitalia.org\/pt-pt\/wp-json\/wp\/v2\/product_brand?post=37374"},{"taxonomy":"product_cat","embeddable":true,"href":"https:\/\/olemosaic.orbitalia.org\/pt-pt\/wp-json\/wp\/v2\/product_cat?post=37374"},{"taxonomy":"product_tag","embeddable":true,"href":"https:\/\/olemosaic.orbitalia.org\/pt-pt\/wp-json\/wp\/v2\/product_tag?post=37374"}],"curies":[{"name":"wp","href":"https:\/\/api.w.org\/{rel}","templated":true}]}}