{"id":37369,"date":"2025-02-20T22:37:41","date_gmt":"2025-02-20T22:37:41","guid":{"rendered":"https:\/\/olemosaic.orbitalia.org\/producto\/iman-de-ceramica-sardinas-valencia-naranja\/"},"modified":"2025-07-25T18:39:53","modified_gmt":"2025-07-25T16:39:53","slug":"iman-de-ceramica-sardinhas-valencia-laranja","status":"publish","type":"product","link":"https:\/\/olemosaic.orbitalia.org\/pt-pt\/produto\/iman-de-ceramica-sardinhas-valencia-laranja\/","title":{"rendered":"\u00cdman de cer\u00e2mica. Sardinhas. Val\u00eancia. Laranja."},"content":{"rendered":"<p>\u00cdman de cer\u00e2mica com forma de sardinha de Val\u00eancia, uma recorda\u00e7\u00e3o vibrante que captura a ess\u00eancia da tradi\u00e7\u00e3o culin\u00e1ria da costa mediterr\u00e2nica. Este colorido \u00edman destaca-se pelo seu design alegre em tons de laranja e azul, que evocam o calor e a vitalidade da regi\u00e3o. Com um motivo decorativo que recorda os azulejos tradicionais valencianos, a sardinha apresenta o nome \u201cValencia\u201d na sua lateral, com uma tipografia festiva, fazendo uma alus\u00e3o \u00e0 sua famosa gastronomia piscat\u00f3ria. A cer\u00e2mica, um material representativo em muitos lares valencianos, assegura a autenticidade e a alta qualidade deste produto, perfeito para os amantes da cultura local.<\/p>\n<p>Este \u00edman n\u00e3o s\u00f3 \u00e9 uma excelente forma de adicionar um toque festivo a qualquer superf\u00edcie met\u00e1lica, como tamb\u00e9m funciona como uma encantadora recorda\u00e7\u00e3o da vibrante vida marinha de Val\u00eancia. Representa um peda\u00e7o de hist\u00f3ria e tradi\u00e7\u00e3o, sendo ideal para turistas que procuram uma recorda\u00e7\u00e3o que reflita a autenticidade da sua viagem. Na Ol\u00e9 Mosaic, como grossistas de recorda\u00e7\u00f5es, garantimos que este \u00edman \u00e9 um produto \u00fanico que se destacar\u00e1 em qualquer loja de presentes tur\u00edsticos, captando a aten\u00e7\u00e3o de quem procura uma recorda\u00e7\u00e3o colorida e cultural de Val\u00eancia.<\/p>\n","protected":false},"excerpt":{"rendered":"<p>\u00cdman de cer\u00e2mica com forma de sardinha, inspirado na tradi\u00e7\u00e3o culin\u00e1ria valenciana. Este colorido \u00edman apresenta um design vibrante em tons de laranja e azul, com motivos decorativos que evocam a cultura local. Numa lateral, a palavra &#8220;Valencia&#8221; destaca-se com uma tipografia alegre, fazendo refer\u00eancia \u00e0 fascinante gastronomia da regi\u00e3o. Perfeito para dar um toque festivo a qualquer superf\u00edcie met\u00e1lica, esta recorda\u00e7\u00e3o \u00e9 uma lembran\u00e7a encantadora da costa mediterr\u00e2nica.<\/p>\n","protected":false},"featured_media":12108,"template":"","meta":{"_acf_changed":false},"product_brand":[],"product_cat":[699],"product_tag":[516,515],"class_list":{"0":"post-37369","1":"product","2":"type-product","3":"status-publish","4":"has-post-thumbnail","6":"product_cat-imanes","7":"product_tag-animais","8":"product_tag-ceramica","9":"pa_ciudad-valencia","10":"pa_motivo-sardinhas","11":"pa_pais-espana","13":"first","14":"instock","15":"shipping-taxable","16":"product-type-simple"},"acf":[],"_links":{"self":[{"href":"https:\/\/olemosaic.orbitalia.org\/pt-pt\/wp-json\/wp\/v2\/product\/37369","targetHints":{"allow":["GET"]}}],"collection":[{"href":"https:\/\/olemosaic.orbitalia.org\/pt-pt\/wp-json\/wp\/v2\/product"}],"about":[{"href":"https:\/\/olemosaic.orbitalia.org\/pt-pt\/wp-json\/wp\/v2\/types\/product"}],"wp:featuredmedia":[{"embeddable":true,"href":"https:\/\/olemosaic.orbitalia.org\/pt-pt\/wp-json\/wp\/v2\/media\/12108"}],"wp:attachment":[{"href":"https:\/\/olemosaic.orbitalia.org\/pt-pt\/wp-json\/wp\/v2\/media?parent=37369"}],"wp:term":[{"taxonomy":"product_brand","embeddable":true,"href":"https:\/\/olemosaic.orbitalia.org\/pt-pt\/wp-json\/wp\/v2\/product_brand?post=37369"},{"taxonomy":"product_cat","embeddable":true,"href":"https:\/\/olemosaic.orbitalia.org\/pt-pt\/wp-json\/wp\/v2\/product_cat?post=37369"},{"taxonomy":"product_tag","embeddable":true,"href":"https:\/\/olemosaic.orbitalia.org\/pt-pt\/wp-json\/wp\/v2\/product_tag?post=37369"}],"curies":[{"name":"wp","href":"https:\/\/api.w.org\/{rel}","templated":true}]}}