{"id":37366,"date":"2025-02-20T22:37:41","date_gmt":"2025-02-20T22:37:41","guid":{"rendered":"https:\/\/olemosaic.orbitalia.org\/producto\/iman-de-ceramica-sardinas-bilbao-multicolor\/"},"modified":"2025-07-25T19:32:34","modified_gmt":"2025-07-25T17:32:34","slug":"iman-de-ceramica-sardinhas-bilbau-multicolor","status":"publish","type":"product","link":"https:\/\/olemosaic.orbitalia.org\/pt-pt\/produto\/iman-de-ceramica-sardinhas-bilbau-multicolor\/","title":{"rendered":"\u00cdman de cer\u00e2mica. Sardinhas. Bilbau. Multicolor."},"content":{"rendered":"<p>\u00cdman de cer\u00e2mica com forma de sardinha de Bilbau, uma recorda\u00e7\u00e3o colorida que celebra a rica tradi\u00e7\u00e3o piscat\u00f3ria desta emblem\u00e1tica cidade do norte de Espanha. Este \u00edman destaca-se pelo seu design vibrante em tons multicolores, que v\u00e3o do amarelo ao azul, imitando as escamas brilhantes de uma sardinha e conferindo uma dose de alegria e originalidade a qualquer espa\u00e7o. A palavra &#8220;Bilbau&#8221;, escrita com um estilo descontra\u00eddo, complementa perfeitamente a representa\u00e7\u00e3o da sardinha, um s\u00edmbolo do patrim\u00f3nio mar\u00edtimo da regi\u00e3o.<\/p>\n<p>Fabricado em cer\u00e2mica de alta qualidade, este \u00edman n\u00e3o \u00e9 apenas uma pe\u00e7a decorativa, mas tamb\u00e9m uma recorda\u00e7\u00e3o pr\u00e1tica que permite aos turistas levar um fragmento da ess\u00eancia da costa basca para as suas casas. Ideal para decorar o frigor\u00edfico ou qualquer superf\u00edcie magn\u00e9tica, este \u00edman de sardinha apresenta-se como um v\u00ednculo aut\u00eantico com a vida quotidiana e a cultura de Bilbau, recordando a import\u00e2ncia da pesca na hist\u00f3ria local.<\/p>\n<p>Na Ol\u00e9 Mosaic, como distribuidores de lembran\u00e7as por grosso, oferecemos este \u00edman de cer\u00e2mica como uma excelente op\u00e7\u00e3o para lojas de presentes tur\u00edsticos que procuram produtos aut\u00eanticos e representativos. As lembran\u00e7as de Bilbau, como este \u00edman, s\u00e3o um lembrete perfeito do encanto e da vitalidade desta regi\u00e3o costeira, atraindo turistas que procuram um toque de cor e cultura nas suas recorda\u00e7\u00f5es.<\/p>\n","protected":false},"excerpt":{"rendered":"<p>\u00cdman de cer\u00e2mica com forma de sardinha, inspirado na cultura mar\u00edtima de Bilbau. Este colorido \u00edman apresenta um design vibrante com escamas em tonalidades multicolores, do amarelo ao azul, conferindo um toque alegre e original. A palavra &#8220;Bilbau&#8221; est\u00e1 impressa com um estilo descontra\u00eddo, fazendo refer\u00eancia \u00e0 rica tradi\u00e7\u00e3o piscat\u00f3ria da regi\u00e3o. Ideal para decorar o seu frigor\u00edfico e recordar a ess\u00eancia da costa basca.<\/p>\n","protected":false},"featured_media":13964,"template":"","meta":{"_acf_changed":false},"product_brand":[],"product_cat":[699],"product_tag":[516,515],"class_list":{"0":"post-37366","1":"product","2":"type-product","3":"status-publish","4":"has-post-thumbnail","6":"product_cat-imanes","7":"product_tag-animais","8":"product_tag-ceramica","9":"pa_ciudad-bilbao","10":"pa_motivo-sardinhas","11":"pa_pais-espana","13":"first","14":"instock","15":"shipping-taxable","16":"product-type-simple"},"acf":[],"_links":{"self":[{"href":"https:\/\/olemosaic.orbitalia.org\/pt-pt\/wp-json\/wp\/v2\/product\/37366","targetHints":{"allow":["GET"]}}],"collection":[{"href":"https:\/\/olemosaic.orbitalia.org\/pt-pt\/wp-json\/wp\/v2\/product"}],"about":[{"href":"https:\/\/olemosaic.orbitalia.org\/pt-pt\/wp-json\/wp\/v2\/types\/product"}],"wp:featuredmedia":[{"embeddable":true,"href":"https:\/\/olemosaic.orbitalia.org\/pt-pt\/wp-json\/wp\/v2\/media\/13964"}],"wp:attachment":[{"href":"https:\/\/olemosaic.orbitalia.org\/pt-pt\/wp-json\/wp\/v2\/media?parent=37366"}],"wp:term":[{"taxonomy":"product_brand","embeddable":true,"href":"https:\/\/olemosaic.orbitalia.org\/pt-pt\/wp-json\/wp\/v2\/product_brand?post=37366"},{"taxonomy":"product_cat","embeddable":true,"href":"https:\/\/olemosaic.orbitalia.org\/pt-pt\/wp-json\/wp\/v2\/product_cat?post=37366"},{"taxonomy":"product_tag","embeddable":true,"href":"https:\/\/olemosaic.orbitalia.org\/pt-pt\/wp-json\/wp\/v2\/product_tag?post=37366"}],"curies":[{"name":"wp","href":"https:\/\/api.w.org\/{rel}","templated":true}]}}