{"id":37364,"date":"2025-02-20T22:37:41","date_gmt":"2025-02-20T22:37:41","guid":{"rendered":"https:\/\/olemosaic.orbitalia.org\/producto\/iman-de-ceramica-sardinas-santander-naranja\/"},"modified":"2025-07-25T19:46:00","modified_gmt":"2025-07-25T17:46:00","slug":"iman-de-ceramica-sardinhas-santander-laranja","status":"publish","type":"product","link":"https:\/\/olemosaic.orbitalia.org\/pt-pt\/produto\/iman-de-ceramica-sardinhas-santander-laranja\/","title":{"rendered":"\u00cdman de cer\u00e2mica. Sardinhas. Santander. Laranja."},"content":{"rendered":"<p>\u00cdman de cer\u00e2mica com forma de sardinha. Este encantador \u00edman captura a colorida e vibrante tradi\u00e7\u00e3o de Santander, um destino ic\u00f3nico da costa cant\u00e1brica. Com um design que se destaca em tons de laranja e azul, esta sardinha \u00e9 mais do que uma simples lembran\u00e7a; \u00e9 uma aut\u00eantica representa\u00e7\u00e3o da arte local. A cer\u00e2mica est\u00e1 meticulosamente decorada com motivos florais e geom\u00e9tricos intrincados que evocam a beleza e a cultura da regi\u00e3o, tornando-a uma pe\u00e7a visualmente atraente.<\/p>\n<p>O nome &#8220;SANTANDER&#8221; aparece de forma chamativa, integrando-se harmoniosamente no design para adicionar um toque pessoal. Este \u00edman n\u00e3o \u00e9 apenas ideal para quem procura recorda\u00e7\u00f5es distintivas da sua visita, mas tamb\u00e9m para colecionadores que apreciam as tradi\u00e7\u00f5es art\u00edsticas de Espanha. A sardinha, um elemento representativo da gastronomia cant\u00e1brica, simboliza a vitalidade da vida costeira de Santander, refor\u00e7ando a sua relev\u00e2ncia cultural.<\/p>\n<p>Na Ol\u00e9 Mosaic, orgulhamo-nos de ser distribuidores de recorda\u00e7\u00f5es aut\u00eanticas e representativas, como este \u00edman de cer\u00e2mica com forma de sardinha. \u00c9 uma excelente op\u00e7\u00e3o para lojas de presentes tur\u00edsticos que procuram oferecer produtos \u00fanicos e com significado cultural aos seus clientes.<\/p>\n","protected":false},"excerpt":{"rendered":"<p>\u00cdman de cer\u00e2mica com forma de sardinha, inspirado na colorida tradi\u00e7\u00e3o de Santander. Esta atraente lembran\u00e7a destaca-se pelo seu design vibrante em tons de laranja e azul, decorado com motivos florais e geom\u00e9tricos que capturam a ess\u00eancia da arte local. O nome &#8220;SANTANDER&#8221; aparece em letras chamativas, adicionando um toque pessoal. Ideal para colecionadores ou como uma recorda\u00e7\u00e3o distintiva da costa cant\u00e1brica.<\/p>\n","protected":false},"featured_media":13962,"template":"","meta":{"_acf_changed":false},"product_brand":[],"product_cat":[699],"product_tag":[516,515],"class_list":{"0":"post-37364","1":"product","2":"type-product","3":"status-publish","4":"has-post-thumbnail","6":"product_cat-imanes","7":"product_tag-animais","8":"product_tag-ceramica","9":"pa_ciudad-santander","10":"pa_motivo-sardinhas","11":"pa_pais-espana","13":"first","14":"instock","15":"shipping-taxable","16":"product-type-simple"},"acf":[],"_links":{"self":[{"href":"https:\/\/olemosaic.orbitalia.org\/pt-pt\/wp-json\/wp\/v2\/product\/37364","targetHints":{"allow":["GET"]}}],"collection":[{"href":"https:\/\/olemosaic.orbitalia.org\/pt-pt\/wp-json\/wp\/v2\/product"}],"about":[{"href":"https:\/\/olemosaic.orbitalia.org\/pt-pt\/wp-json\/wp\/v2\/types\/product"}],"wp:featuredmedia":[{"embeddable":true,"href":"https:\/\/olemosaic.orbitalia.org\/pt-pt\/wp-json\/wp\/v2\/media\/13962"}],"wp:attachment":[{"href":"https:\/\/olemosaic.orbitalia.org\/pt-pt\/wp-json\/wp\/v2\/media?parent=37364"}],"wp:term":[{"taxonomy":"product_brand","embeddable":true,"href":"https:\/\/olemosaic.orbitalia.org\/pt-pt\/wp-json\/wp\/v2\/product_brand?post=37364"},{"taxonomy":"product_cat","embeddable":true,"href":"https:\/\/olemosaic.orbitalia.org\/pt-pt\/wp-json\/wp\/v2\/product_cat?post=37364"},{"taxonomy":"product_tag","embeddable":true,"href":"https:\/\/olemosaic.orbitalia.org\/pt-pt\/wp-json\/wp\/v2\/product_tag?post=37364"}],"curies":[{"name":"wp","href":"https:\/\/api.w.org\/{rel}","templated":true}]}}