{"id":37361,"date":"2025-02-20T23:37:40","date_gmt":"2025-02-20T22:37:40","guid":{"rendered":"https:\/\/olemosaic.orbitalia.org\/producto\/iman-de-ceramica-sardinas-rojo\/"},"modified":"2025-07-25T20:08:51","modified_gmt":"2025-07-25T18:08:51","slug":"iman-de-ceramica-sardinhas-vermelho","status":"publish","type":"product","link":"https:\/\/olemosaic.orbitalia.org\/pt-pt\/produto\/iman-de-ceramica-sardinhas-vermelho\/","title":{"rendered":"\u00cdman de cer\u00e2mica. Sardinhas. Vermelho."},"content":{"rendered":"<p>\u00cdman de cer\u00e2mica em forma de sardinha, vibrante e colorido, que representa a rica tradi\u00e7\u00e3o piscat\u00f3ria de Portugal. Este encantador \u00edman, com um design meticulosamente pintado \u00e0 m\u00e3o, apresenta um corpo vermelho brilhante que contrasta requintadamente com motivos florais e geom\u00e9tricos azuis, evocando os coloridos azulejos que adornam muitas cidades portuguesas. A forma distintiva da sardinha, acentuada com um olho caracter\u00edstico, acrescenta um toque de personalidade ao objeto, tornando-o um detalhe encantador para qualquer frigor\u00edfico ou superf\u00edcie met\u00e1lica.<\/p>\n<p>O acabamento brilhante deste \u00edman real\u00e7a o seu car\u00e1cter art\u00edstico, fazendo com que cada pe\u00e7a seja \u00fanica e especial, perfeita como recorda\u00e7\u00e3o que capta a ess\u00eancia do Mediterr\u00e2neo. A sardinha \u00e9 um s\u00edmbolo da gastronomia portuguesa, famosa pela sua prepara\u00e7\u00e3o na brasa, e este \u00edman presta homenagem a essa tradi\u00e7\u00e3o culin\u00e1ria. Ideal para turistas que procuram uma recorda\u00e7\u00e3o aut\u00eantica que represente a sua experi\u00eancia em Portugal, este \u00edman de cer\u00e2mica tamb\u00e9m atua como uma pe\u00e7a decorativa que evoca a nostalgia dos dias ensolarados junto ao mar.<\/p>\n<p>Na Ol\u00e9 Mosaic, dedicamo-nos \u00e0 distribui\u00e7\u00e3o de recorda\u00e7\u00f5es por grosso, oferecendo produtos aut\u00eanticos e art\u00edsticos que celebram a cultura e a tradi\u00e7\u00e3o de cada regi\u00e3o. Este \u00edman de cer\u00e2mica em forma de sardinha \u00e9 uma excelente op\u00e7\u00e3o para as lojas de presentes tur\u00edsticos que procuram produtos que liguem com a rica heran\u00e7a cultural de Portugal, assegurando a satisfa\u00e7\u00e3o dos seus clientes com artigos de qualidade e um encanto \u00fanico.<\/p>\n","protected":false},"excerpt":{"rendered":"<p>\u00cdman de cer\u00e2mica em forma de sardinha, desenhado com alegres cores vermelho e azul. Este simp\u00e1tico \u00edman exibe motivos florais e geom\u00e9tricos decorativos, pintados \u00e0 m\u00e3o, que evocam a rica tradi\u00e7\u00e3o artesanal portuguesa. A parte frontal apresenta um acabamento brilhante e um olho distintivo que lhe d\u00e1 um toque de car\u00e1cter. Ideal para decorar o frigor\u00edfico ou como recorda\u00e7\u00e3o da cultura mediterr\u00e2nica.<\/p>\n","protected":false},"featured_media":8943,"template":"","meta":{"_acf_changed":false},"product_brand":[],"product_cat":[699],"product_tag":[516,515],"class_list":{"0":"post-37361","1":"product","2":"type-product","3":"status-publish","4":"has-post-thumbnail","6":"product_cat-imanes","7":"product_tag-animais","8":"product_tag-ceramica","9":"pa_motivo-sardinhas","11":"first","12":"instock","13":"shipping-taxable","14":"product-type-simple"},"acf":[],"_links":{"self":[{"href":"https:\/\/olemosaic.orbitalia.org\/pt-pt\/wp-json\/wp\/v2\/product\/37361","targetHints":{"allow":["GET"]}}],"collection":[{"href":"https:\/\/olemosaic.orbitalia.org\/pt-pt\/wp-json\/wp\/v2\/product"}],"about":[{"href":"https:\/\/olemosaic.orbitalia.org\/pt-pt\/wp-json\/wp\/v2\/types\/product"}],"wp:featuredmedia":[{"embeddable":true,"href":"https:\/\/olemosaic.orbitalia.org\/pt-pt\/wp-json\/wp\/v2\/media\/8943"}],"wp:attachment":[{"href":"https:\/\/olemosaic.orbitalia.org\/pt-pt\/wp-json\/wp\/v2\/media?parent=37361"}],"wp:term":[{"taxonomy":"product_brand","embeddable":true,"href":"https:\/\/olemosaic.orbitalia.org\/pt-pt\/wp-json\/wp\/v2\/product_brand?post=37361"},{"taxonomy":"product_cat","embeddable":true,"href":"https:\/\/olemosaic.orbitalia.org\/pt-pt\/wp-json\/wp\/v2\/product_cat?post=37361"},{"taxonomy":"product_tag","embeddable":true,"href":"https:\/\/olemosaic.orbitalia.org\/pt-pt\/wp-json\/wp\/v2\/product_tag?post=37361"}],"curies":[{"name":"wp","href":"https:\/\/api.w.org\/{rel}","templated":true}]}}