{"id":37353,"date":"2025-02-20T22:37:39","date_gmt":"2025-02-20T22:37:39","guid":{"rendered":"https:\/\/olemosaic.orbitalia.org\/producto\/iman-de-ceramica-sardinas-bilbao-naranja\/"},"modified":"2025-07-25T20:20:13","modified_gmt":"2025-07-25T18:20:13","slug":"iman-de-ceramica-sardinhas-bilbau-laranja","status":"publish","type":"product","link":"https:\/\/olemosaic.orbitalia.org\/pt-pt\/produto\/iman-de-ceramica-sardinhas-bilbau-laranja\/","title":{"rendered":"\u00cdman de cer\u00e2mica. Sardinhas. Bilbau. Laranja."},"content":{"rendered":"<p>Este \u00edman de cer\u00e2mica com forma de sardinha \u00e9 uma recorda\u00e7\u00e3o encantadora de Bilbau, ideal para levar um peda\u00e7o desta vibrante cidade basca para casa. O seu design destaca-se com uma cor laranja chamativa na cabe\u00e7a, que evoca a alegria e a criatividade da cultura local. No seu corpo, intrincados motivos azuis e laranjas decoram la superf\u00edcie, refletindo a rica tradi\u00e7\u00e3o art\u00edstica de Bilbau e o seu famoso patrim\u00f3nio gastron\u00f3mico. O nome &#8220;BILBAO&#8221; est\u00e1 impresso com uma tipografia colorida, refor\u00e7ando a sua identidade como recorda\u00e7\u00e3o representativa e tornando-o uma excelente op\u00e7\u00e3o para os turistas que desejam levar um s\u00edmbolo da sua visita a esta emblem\u00e1tica cidade.<\/p>\n<p>A sardinha \u00e9 um \u00edcone da gastronomia de Bilbau, famosa pela sua qualidade e frescura, e este \u00edman \u00e9 uma homenagem a essa rica heran\u00e7a cultural. Perfeitamente elaborado em cer\u00e2mica, \u00e9 um produto que se destaca pela sua autenticidade e pela sua capacidade de capturar a ess\u00eancia da vida em Bilbau. Na Ol\u00e9 Mosaic, distribu\u00edmos este tipo de recorda\u00e7\u00f5es por grosso, assegurando que cada loja de presentes tur\u00edsticos conte com produtos que reflitam a originalidade e diversidade das tradi\u00e7\u00f5es espanholas. Este \u00edman de sardinha \u00e9, sem d\u00favida, uma excelente forma de recordar uma experi\u00eancia \u00fanica em Bilbau, tornando-o num souvenir encantador para levar para casa.<\/p>\n","protected":false},"excerpt":{"rendered":"<p>\u00cdman de cer\u00e2mica com forma de sardinha, inspirado na gastronomia de Bilbau. Este atraente \u00edman destaca-se pela sua vibrante cor laranja na cabe\u00e7a e uma base decorada com intrincados motivos azuis e laranjas, que refletem a rica tradi\u00e7\u00e3o cultural da regi\u00e3o. O design inclui a palavra &#8220;BILBAO&#8221; impressa, lo que o torna uma recorda\u00e7\u00e3o ideal para quem deseja levar um pedacinho desta emblem\u00e1tica cidade basca para casa.<\/p>\n","protected":false},"featured_media":13960,"template":"","meta":{"_acf_changed":false},"product_brand":[],"product_cat":[699],"product_tag":[516,515],"class_list":{"0":"post-37353","1":"product","2":"type-product","3":"status-publish","4":"has-post-thumbnail","6":"product_cat-imanes","7":"product_tag-animais","8":"product_tag-ceramica","9":"pa_ciudad-bilbao","10":"pa_motivo-sardinhas","11":"pa_pais-espana","13":"first","14":"instock","15":"shipping-taxable","16":"product-type-simple"},"acf":[],"_links":{"self":[{"href":"https:\/\/olemosaic.orbitalia.org\/pt-pt\/wp-json\/wp\/v2\/product\/37353","targetHints":{"allow":["GET"]}}],"collection":[{"href":"https:\/\/olemosaic.orbitalia.org\/pt-pt\/wp-json\/wp\/v2\/product"}],"about":[{"href":"https:\/\/olemosaic.orbitalia.org\/pt-pt\/wp-json\/wp\/v2\/types\/product"}],"wp:featuredmedia":[{"embeddable":true,"href":"https:\/\/olemosaic.orbitalia.org\/pt-pt\/wp-json\/wp\/v2\/media\/13960"}],"wp:attachment":[{"href":"https:\/\/olemosaic.orbitalia.org\/pt-pt\/wp-json\/wp\/v2\/media?parent=37353"}],"wp:term":[{"taxonomy":"product_brand","embeddable":true,"href":"https:\/\/olemosaic.orbitalia.org\/pt-pt\/wp-json\/wp\/v2\/product_brand?post=37353"},{"taxonomy":"product_cat","embeddable":true,"href":"https:\/\/olemosaic.orbitalia.org\/pt-pt\/wp-json\/wp\/v2\/product_cat?post=37353"},{"taxonomy":"product_tag","embeddable":true,"href":"https:\/\/olemosaic.orbitalia.org\/pt-pt\/wp-json\/wp\/v2\/product_tag?post=37353"}],"curies":[{"name":"wp","href":"https:\/\/api.w.org\/{rel}","templated":true}]}}