{"id":37352,"date":"2025-02-20T22:37:38","date_gmt":"2025-02-20T22:37:38","guid":{"rendered":"https:\/\/olemosaic.orbitalia.org\/producto\/iman-de-ceramica-sardinas-bilbao-rojo\/"},"modified":"2025-07-25T20:20:40","modified_gmt":"2025-07-25T18:20:40","slug":"iman-de-ceramica-sardinhas-bilbau-vermelho","status":"publish","type":"product","link":"https:\/\/olemosaic.orbitalia.org\/pt-pt\/produto\/iman-de-ceramica-sardinhas-bilbau-vermelho\/","title":{"rendered":"\u00cdman de cer\u00e2mica. Sardinhas. Bilbau. Vermelho."},"content":{"rendered":"<p>Este \u00edman de cer\u00e2mica com forma de sardinha \u00e9 uma recorda\u00e7\u00e3o encantadora que captura a ess\u00eancia da cultura basca, especialmente da vibrante cidade de Bilbau. O seu design colorido, que combina tons chamativos de vermelho e azul, destaca-se pelos intrincados padr\u00f5es ornamentais que evocam a rica tradi\u00e7\u00e3o decorativa da regi\u00e3o. A sardinha, s\u00edmbolo representativo da gastronomia local, est\u00e1 magistralmente ilustrada, com uma cabe\u00e7a vermelha brilhante que contrasta com um corpo azul adornado com motivos que refletem a arte e a cultura de Bilbau.<\/p>\n<p>O nome &#8220;Bilbao&#8221; aparece de forma destacada em letras vibrantes, tornando este \u00edman num souvenir perfeito para os visitantes que desejam levar um pedacinho desta encantadora cidade. Este \u00edman n\u00e3o \u00e9 apenas pr\u00e1tico, pois adere facilmente a qualquer superf\u00edcie met\u00e1lica, mas tamb\u00e9m serve como uma pequena obra de arte que pode real\u00e7ar a decora\u00e7\u00e3o da casa ou do escrit\u00f3rio.<\/p>\n<p>Na Ol\u00e9 Mosaic, oferecemos uma ampla variedade de souvenirs aut\u00eanticos, e este \u00edman de sardinha \u00e9 um excelente reflexo da cultura basca, ideal para os turistas que procuram recorda\u00e7\u00f5es \u00fanicas e representativas. Como distribuidores de souvenirs por grosso, garantimos a qualidade e autenticidade em cada pe\u00e7a, assegurando que cada cliente encontre artigos que celebram a rica heran\u00e7a de Espanha.<\/p>\n","protected":false},"excerpt":{"rendered":"<p>\u00cdman de cer\u00e2mica com forma de sardinha, inspirado na cultura basca de Bilbau. Este \u00edman colorido destaca-se pelo seu design em tons de vermelho e azul, adornado com padr\u00f5es ornamentais que evocam a tradi\u00e7\u00e3o decorativa da regi\u00e3o. A pe\u00e7a inclui o nome \u00abBilbao\u00bb em letras vibrantes, o que o torna uma recorda\u00e7\u00e3o perfeita da cidade. Ideal para adicionar um toque art\u00edstico a qualquer superf\u00edcie met\u00e1lica.<\/p>\n","protected":false},"featured_media":13959,"template":"","meta":{"_acf_changed":false},"product_brand":[],"product_cat":[699],"product_tag":[516,515],"class_list":{"0":"post-37352","1":"product","2":"type-product","3":"status-publish","4":"has-post-thumbnail","6":"product_cat-imanes","7":"product_tag-animais","8":"product_tag-ceramica","9":"pa_ciudad-bilbao","10":"pa_motivo-sardinhas","11":"pa_pais-espana","13":"first","14":"instock","15":"shipping-taxable","16":"product-type-simple"},"acf":[],"_links":{"self":[{"href":"https:\/\/olemosaic.orbitalia.org\/pt-pt\/wp-json\/wp\/v2\/product\/37352","targetHints":{"allow":["GET"]}}],"collection":[{"href":"https:\/\/olemosaic.orbitalia.org\/pt-pt\/wp-json\/wp\/v2\/product"}],"about":[{"href":"https:\/\/olemosaic.orbitalia.org\/pt-pt\/wp-json\/wp\/v2\/types\/product"}],"wp:featuredmedia":[{"embeddable":true,"href":"https:\/\/olemosaic.orbitalia.org\/pt-pt\/wp-json\/wp\/v2\/media\/13959"}],"wp:attachment":[{"href":"https:\/\/olemosaic.orbitalia.org\/pt-pt\/wp-json\/wp\/v2\/media?parent=37352"}],"wp:term":[{"taxonomy":"product_brand","embeddable":true,"href":"https:\/\/olemosaic.orbitalia.org\/pt-pt\/wp-json\/wp\/v2\/product_brand?post=37352"},{"taxonomy":"product_cat","embeddable":true,"href":"https:\/\/olemosaic.orbitalia.org\/pt-pt\/wp-json\/wp\/v2\/product_cat?post=37352"},{"taxonomy":"product_tag","embeddable":true,"href":"https:\/\/olemosaic.orbitalia.org\/pt-pt\/wp-json\/wp\/v2\/product_tag?post=37352"}],"curies":[{"name":"wp","href":"https:\/\/api.w.org\/{rel}","templated":true}]}}