{"id":37351,"date":"2025-02-20T22:37:38","date_gmt":"2025-02-20T22:37:38","guid":{"rendered":"https:\/\/olemosaic.orbitalia.org\/producto\/iman-de-ceramica-sardina-mallorca-verde\/"},"modified":"2025-07-25T20:35:45","modified_gmt":"2025-07-25T18:35:45","slug":"iman-de-ceramica-sardinha-maiorca-verde","status":"publish","type":"product","link":"https:\/\/olemosaic.orbitalia.org\/pt-pt\/produto\/iman-de-ceramica-sardinha-maiorca-verde\/","title":{"rendered":"\u00cdman de cer\u00e2mica. Sardinha. Maiorca. Verde."},"content":{"rendered":"<p>Este \u00edman de cer\u00e2mica com forma de sardinha \u00e9 uma encantadora representa\u00e7\u00e3o da cultura mediterr\u00e2nica de Maiorca, desenhado para recordar aos visitantes momentos inesquec\u00edveis nesta bela ilha. Com um vibrante design em tons verdes e azuis, este \u00edman destaca-se pelos seus intrincados padr\u00f5es decorativos, inspirados na cer\u00e2mica tradicional da regi\u00e3o, que evocam a frescura do mar e a alegria da paisagem maiorquina. A palavra &#8220;MALLORCA&#8221; aparece em cores alegres, conferindo um toque de autenticidade a este artigo, perfeito para aqueles que desejem levar um peda\u00e7o da ilha para casa.<\/p>\n<p>Com um tamanho ideal para adornar qualquer frigor\u00edfico ou espa\u00e7o magn\u00e9tico, este \u00edman de sardinha n\u00e3o \u00e9 apenas um souvenir atrativo, mas tamb\u00e9m uma pe\u00e7a cultural que representa a rica tradi\u00e7\u00e3o pesqueira de Maiorca. Os habitantes locais cultivaram durante gera\u00e7\u00f5es uma liga\u00e7\u00e3o especial com o mar, e este \u00edman captura essa ess\u00eancia, tornando-o num presente ideal para turistas ou numa recorda\u00e7\u00e3o significativa de uma visita inesquec\u00edvel. Na Ol\u00e9 Mosaic, como grossista de lembran\u00e7as de Maiorca, oferecemos produtos aut\u00eanticos e de qualidade, garantindo que cada pe\u00e7a tenha um valor cultural e est\u00e9tico que encantar\u00e1 os seus clientes.<\/p>\n","protected":false},"excerpt":{"rendered":"<p>\u00cdman de cer\u00e2mica com forma de sardinha, inspirado na cultura mediterr\u00e2nica de Maiorca. Este atrativo \u00edman apresenta um design vibrante em tons verdes e azuis, adornado com manchas decorativas que evocam a cer\u00e2mica tradicional da regi\u00e3o. A palavra &#8220;MALLORCA&#8221; est\u00e1 impressa em cores alegres, o que o torna numa recorda\u00e7\u00e3o perfeita da sua visita ou num presente souvenir. Ideal para dar um toque distintivo a qualquer frigor\u00edfico ou espa\u00e7o magn\u00e9tico.<\/p>\n","protected":false},"featured_media":12115,"template":"","meta":{"_acf_changed":false},"product_brand":[],"product_cat":[699],"product_tag":[516,515],"class_list":{"0":"post-37351","1":"product","2":"type-product","3":"status-publish","4":"has-post-thumbnail","6":"product_cat-imanes","7":"product_tag-animais","8":"product_tag-ceramica","9":"pa_ciudad-mallorca","10":"pa_motivo-sardinhas","11":"pa_pais-espana","13":"first","14":"instock","15":"shipping-taxable","16":"product-type-simple"},"acf":[],"_links":{"self":[{"href":"https:\/\/olemosaic.orbitalia.org\/pt-pt\/wp-json\/wp\/v2\/product\/37351","targetHints":{"allow":["GET"]}}],"collection":[{"href":"https:\/\/olemosaic.orbitalia.org\/pt-pt\/wp-json\/wp\/v2\/product"}],"about":[{"href":"https:\/\/olemosaic.orbitalia.org\/pt-pt\/wp-json\/wp\/v2\/types\/product"}],"wp:featuredmedia":[{"embeddable":true,"href":"https:\/\/olemosaic.orbitalia.org\/pt-pt\/wp-json\/wp\/v2\/media\/12115"}],"wp:attachment":[{"href":"https:\/\/olemosaic.orbitalia.org\/pt-pt\/wp-json\/wp\/v2\/media?parent=37351"}],"wp:term":[{"taxonomy":"product_brand","embeddable":true,"href":"https:\/\/olemosaic.orbitalia.org\/pt-pt\/wp-json\/wp\/v2\/product_brand?post=37351"},{"taxonomy":"product_cat","embeddable":true,"href":"https:\/\/olemosaic.orbitalia.org\/pt-pt\/wp-json\/wp\/v2\/product_cat?post=37351"},{"taxonomy":"product_tag","embeddable":true,"href":"https:\/\/olemosaic.orbitalia.org\/pt-pt\/wp-json\/wp\/v2\/product_tag?post=37351"}],"curies":[{"name":"wp","href":"https:\/\/api.w.org\/{rel}","templated":true}]}}