{"id":37349,"date":"2025-02-20T23:37:38","date_gmt":"2025-02-20T22:37:38","guid":{"rendered":"https:\/\/olemosaic.orbitalia.org\/producto\/iman-de-ceramica-sardinas-santander-rojo\/"},"modified":"2025-07-25T19:23:55","modified_gmt":"2025-07-25T17:23:55","slug":"iman-de-ceramica-sardinhas-santander-vermelho","status":"publish","type":"product","link":"https:\/\/olemosaic.orbitalia.org\/pt-pt\/produto\/iman-de-ceramica-sardinhas-santander-vermelho\/","title":{"rendered":"\u00cdman de cer\u00e2mica. Sardinhas. Santander. Vermelho."},"content":{"rendered":"<p>\u00cdman de cer\u00e2mica com forma de sardinha, decorado com vibrantes padr\u00f5es em tons vermelhos e azuis. Este \u00edman captura a ess\u00eancia mar\u00edtima de Santander, uma cidade emblem\u00e1tica do norte de Espanha. A sardinha, s\u00edmbolo da rica tradi\u00e7\u00e3o pesqueira da regi\u00e3o, destaca-se com o seu design colorido e alegre, incluindo o nome &#8220;Santander&#8221; num estilo chamativo que real\u00e7a o seu atrativo. Pintado \u00e0 m\u00e3o com detalhes intrincados, apresenta um acabamento brilhante que reflete a luz, fazendo com que esta recorda\u00e7\u00e3o se destaque em qualquer superf\u00edcie magn\u00e9tica.<\/p>\n<p>O uso de cores vivas como o vermelho e o azul n\u00e3o s\u00f3 evoca o mar e a frescura da brisa costeira, como tamb\u00e9m liga culturalmente ao patrim\u00f3nio local, onde a gastronomia \u00e0 base de peixe \u00e9 fundamental para a identidade de Santander. Este \u00edman n\u00e3o \u00e9 apenas uma recorda\u00e7\u00e3o funcional, mas tamb\u00e9m uma obra de arte que representa a cultura costeira da regi\u00e3o, tornando-se um detalhe perfeito para recordar uma viagem alegre.<\/p>\n<p>Como distribuidor de lembran\u00e7as por grosso, a Ol\u00e9 Mosaic oferece este aut\u00eantico \u00edman de sardinha como uma op\u00e7\u00e3o ideal para lojas de presentes tur\u00edsticos que procuram produtos representativos e de qualidade. Este \u00edman de cer\u00e2mica n\u00e3o \u00e9 apenas um objeto decorativo, mas um presente memor\u00e1vel que celebra a tradi\u00e7\u00e3o e o car\u00e1ter de Santander, perfeito para quem deseja levar um pedacinho de Espanha.<\/p>\n","protected":false},"excerpt":{"rendered":"<p>\u00cdman de cer\u00e2mica com forma de sardinha, decorado com vibrantes padr\u00f5es em tons vermelhos e azuis. Este \u00edman representa o car\u00e1ter mar\u00edtimo de Santander, destacando o nome da cidade com um estilo colorido e chamativo. Com o seu design artesanal, pintado \u00e0 m\u00e3o, este souvenir captura a ess\u00eancia costeira e a cultura local, tornando-se um detalhe perfeito para recordar uma viagem a esta bela cidade do norte de Espanha.<\/p>\n","protected":false},"featured_media":13958,"template":"","meta":{"_acf_changed":false},"product_brand":[],"product_cat":[699],"product_tag":[516,515],"class_list":{"0":"post-37349","1":"product","2":"type-product","3":"status-publish","4":"has-post-thumbnail","6":"product_cat-imanes","7":"product_tag-animais","8":"product_tag-ceramica","9":"pa_ciudad-santander","10":"pa_motivo-sardinhas","11":"pa_pais-espana","13":"first","14":"instock","15":"shipping-taxable","16":"product-type-simple"},"acf":[],"_links":{"self":[{"href":"https:\/\/olemosaic.orbitalia.org\/pt-pt\/wp-json\/wp\/v2\/product\/37349","targetHints":{"allow":["GET"]}}],"collection":[{"href":"https:\/\/olemosaic.orbitalia.org\/pt-pt\/wp-json\/wp\/v2\/product"}],"about":[{"href":"https:\/\/olemosaic.orbitalia.org\/pt-pt\/wp-json\/wp\/v2\/types\/product"}],"wp:featuredmedia":[{"embeddable":true,"href":"https:\/\/olemosaic.orbitalia.org\/pt-pt\/wp-json\/wp\/v2\/media\/13958"}],"wp:attachment":[{"href":"https:\/\/olemosaic.orbitalia.org\/pt-pt\/wp-json\/wp\/v2\/media?parent=37349"}],"wp:term":[{"taxonomy":"product_brand","embeddable":true,"href":"https:\/\/olemosaic.orbitalia.org\/pt-pt\/wp-json\/wp\/v2\/product_brand?post=37349"},{"taxonomy":"product_cat","embeddable":true,"href":"https:\/\/olemosaic.orbitalia.org\/pt-pt\/wp-json\/wp\/v2\/product_cat?post=37349"},{"taxonomy":"product_tag","embeddable":true,"href":"https:\/\/olemosaic.orbitalia.org\/pt-pt\/wp-json\/wp\/v2\/product_tag?post=37349"}],"curies":[{"name":"wp","href":"https:\/\/api.w.org\/{rel}","templated":true}]}}