{"id":37345,"date":"2025-02-20T23:37:37","date_gmt":"2025-02-20T22:37:37","guid":{"rendered":"https:\/\/olemosaic.orbitalia.org\/producto\/toro-figura-de-resina-de-17-cm-pintada-a-mano-2\/"},"modified":"2025-07-25T20:06:30","modified_gmt":"2025-07-25T18:06:30","slug":"touro-figura-de-resina-de-17-cm-pintada-a-mao-2","status":"publish","type":"product","link":"https:\/\/olemosaic.orbitalia.org\/pt-pt\/produto\/touro-figura-de-resina-de-17-cm-pintada-a-mao-2\/","title":{"rendered":"Touro. Figura de mosaico de 17 cm. Touro. Design em Mosaico."},"content":{"rendered":"<p>Esta figura de touro de resina com efeito pintado \u00e0 m\u00e3o \u00e9 um aut\u00eantico representante do folclore espanhol, que captura a ess\u00eancia de uma das tradi\u00e7\u00f5es mais emblem\u00e1ticas do pa\u00eds. Com uma altura de 17 cm, esta colorida pe\u00e7a destaca-se pela sua vibrante decora\u00e7\u00e3o, que imita um mosaico de cores vivas, incluindo tons vermelhos, azuis, verdes e amarelos, criando um estilo \u00fanico e chamativo que certamente atrair\u00e1 a aten\u00e7\u00e3o de qualquer visitante. O touro, s\u00edmbolo de for\u00e7a e valentia na cultura espanhola, apresenta-se numa pose din\u00e2mica, transmitindo movimento e energia.<\/p>\n<p>A sua elaborada t\u00e9cnica de pintura \u00e0 m\u00e3o real\u00e7a cada detalhe, tornando este souvenir uma obra de arte que celebra a rica heran\u00e7a cultural de Espanha. \u00c9 uma recorda\u00e7\u00e3o ideal para quem procura levar um peda\u00e7o do esp\u00edrito espanhol; n\u00e3o \u00e9 apenas um adorno decorativo, mas um s\u00edmbolo da tradi\u00e7\u00e3o e da alegria que caracteriza o pa\u00eds. Na Ol\u00e9 Mosaic, somos distribuidores de souvenirs aut\u00eanticos e de qualidade, garantindo que esta figura de touro ser\u00e1 um excelente complemento para lojas de presentes tur\u00edsticos. Este reconhecido souvenir da cultura espanhola \u00e9 perfeito para quem deseje adicionar um toque de cor e tradi\u00e7\u00e3o ao seu lar.<\/p>\n","protected":false},"excerpt":{"rendered":"<p>Figura de touro com design artesanal, pintado \u00e0 m\u00e3o, com uma decora\u00e7\u00e3o colorida e vibrante que captura a ess\u00eancia do folclore espanhol. Com uma altura de 17 cm, este touro \u00e9 elaborado com uma t\u00e9cnica que simula um mosaico de cores vivas, como vermelhos, azuis, verdes e amarelos, o que lhe confere um estilo \u00fanico e chamativo. Ideal como souvenir representativo da cultura espanhola, esta pe\u00e7a \u00e9 perfeita para adicionar um toque de alegria e tradi\u00e7\u00e3o a qualquer espa\u00e7o.<\/p>\n","protected":false},"featured_media":8701,"template":"","meta":{"_acf_changed":false},"product_brand":[],"product_cat":[552],"product_tag":[516],"class_list":{"0":"post-37345","1":"product","2":"type-product","3":"status-publish","4":"has-post-thumbnail","6":"product_cat-numeros","7":"product_tag-animais","8":"pa_motivo-touros","10":"first","11":"instock","12":"shipping-taxable","13":"product-type-simple"},"acf":[],"_links":{"self":[{"href":"https:\/\/olemosaic.orbitalia.org\/pt-pt\/wp-json\/wp\/v2\/product\/37345","targetHints":{"allow":["GET"]}}],"collection":[{"href":"https:\/\/olemosaic.orbitalia.org\/pt-pt\/wp-json\/wp\/v2\/product"}],"about":[{"href":"https:\/\/olemosaic.orbitalia.org\/pt-pt\/wp-json\/wp\/v2\/types\/product"}],"wp:featuredmedia":[{"embeddable":true,"href":"https:\/\/olemosaic.orbitalia.org\/pt-pt\/wp-json\/wp\/v2\/media\/8701"}],"wp:attachment":[{"href":"https:\/\/olemosaic.orbitalia.org\/pt-pt\/wp-json\/wp\/v2\/media?parent=37345"}],"wp:term":[{"taxonomy":"product_brand","embeddable":true,"href":"https:\/\/olemosaic.orbitalia.org\/pt-pt\/wp-json\/wp\/v2\/product_brand?post=37345"},{"taxonomy":"product_cat","embeddable":true,"href":"https:\/\/olemosaic.orbitalia.org\/pt-pt\/wp-json\/wp\/v2\/product_cat?post=37345"},{"taxonomy":"product_tag","embeddable":true,"href":"https:\/\/olemosaic.orbitalia.org\/pt-pt\/wp-json\/wp\/v2\/product_tag?post=37345"}],"curies":[{"name":"wp","href":"https:\/\/api.w.org\/{rel}","templated":true}]}}