{"id":37342,"date":"2025-02-20T23:37:37","date_gmt":"2025-02-20T22:37:37","guid":{"rendered":"https:\/\/olemosaic.orbitalia.org\/producto\/toro-figura-de-resina-de-15-cm-pintada-a-mano-3\/"},"modified":"2025-07-25T20:05:24","modified_gmt":"2025-07-25T18:05:24","slug":"touro-figura-de-resina-de-15-cm-pintada-a-mao-3","status":"publish","type":"product","link":"https:\/\/olemosaic.orbitalia.org\/pt-pt\/produto\/touro-figura-de-resina-de-15-cm-pintada-a-mao-3\/","title":{"rendered":"Touro. Figura de mosaico de 15 cm. Touro. Design em Mosaico."},"content":{"rendered":"<p>Esta figura de touro de resina de 15 cm \u00e9 uma representa\u00e7\u00e3o ic\u00f3nica da rica cultura espanhola, com efeito pintado \u00e0 m\u00e3o com um vibrante mosaico de cores que captura a ess\u00eancia da arte folcl\u00f3rica. Com um design meticuloso, o touro exibe uma combina\u00e7\u00e3o de tons azuis, amarelos, vermelhos e verdes, cada um aplicado com grande detalhe, o que real\u00e7a a sua majestade. Esta harmonia crom\u00e1tica converte a figura num espetacular elemento decorativo que evoca a paix\u00e3o e o simbolismo do toureiro, profundamente enraizado na tradi\u00e7\u00e3o espanhola.<\/p>\n<p>O touro \u00e9, sem d\u00favida, um emblema da identidade cultural de Espanha, associado a espet\u00e1culos como a corrida e a celebra\u00e7\u00f5es populares que refletem a aud\u00e1cia e o orgulho nacional. Este souvenir, ideal para qualquer amante da cultura hisp\u00e2nica, n\u00e3o s\u00f3 real\u00e7a o ambiente de qualquer espa\u00e7o, mas tamb\u00e9m serve como uma recorda\u00e7\u00e3o tang\u00edvel das vibrantes tradi\u00e7\u00f5es que tornam Espanha \u00fanica.<\/p>\n<p>Na Ol\u00e9 Mosaic, somos distribuidores de souvenirs aut\u00eanticos, e esta figura de touro \u00e9 uma excelente op\u00e7\u00e3o para lojas de presentes tur\u00edsticos. Oferecemos produtos de alta qualidade que representam a ess\u00eancia cultural de diversas regi\u00f5es, garantindo que cada pe\u00e7a seja uma recorda\u00e7\u00e3o especial para quem procura autenticidade nas suas compras.<\/p>\n","protected":false},"excerpt":{"rendered":"<p>Figura de touro de 15 cm, design artesanal, pintado \u00e0 m\u00e3o, com um vibrante mosaico de cores. Este ic\u00f3nico s\u00edmbolo da cultura espanhola apresenta uma variedade de tons, como azul, amarelo, vermelho e verde, que capturam a ess\u00eancia da arte folcl\u00f3rica. A aten\u00e7\u00e3o ao detalhe no seu design real\u00e7a a majestade do touro, tornando-o uma recorda\u00e7\u00e3o exclusiva que evoca a tradi\u00e7\u00e3o e o esp\u00edrito de Espanha. Ideal para decorar qualquer espa\u00e7o.<\/p>\n","protected":false},"featured_media":6143,"template":"","meta":{"_acf_changed":false},"product_brand":[],"product_cat":[552],"product_tag":[516],"class_list":{"0":"post-37342","1":"product","2":"type-product","3":"status-publish","4":"has-post-thumbnail","6":"product_cat-numeros","7":"product_tag-animais","8":"pa_motivo-touros","10":"first","11":"instock","12":"shipping-taxable","13":"product-type-simple"},"acf":[],"_links":{"self":[{"href":"https:\/\/olemosaic.orbitalia.org\/pt-pt\/wp-json\/wp\/v2\/product\/37342","targetHints":{"allow":["GET"]}}],"collection":[{"href":"https:\/\/olemosaic.orbitalia.org\/pt-pt\/wp-json\/wp\/v2\/product"}],"about":[{"href":"https:\/\/olemosaic.orbitalia.org\/pt-pt\/wp-json\/wp\/v2\/types\/product"}],"wp:featuredmedia":[{"embeddable":true,"href":"https:\/\/olemosaic.orbitalia.org\/pt-pt\/wp-json\/wp\/v2\/media\/6143"}],"wp:attachment":[{"href":"https:\/\/olemosaic.orbitalia.org\/pt-pt\/wp-json\/wp\/v2\/media?parent=37342"}],"wp:term":[{"taxonomy":"product_brand","embeddable":true,"href":"https:\/\/olemosaic.orbitalia.org\/pt-pt\/wp-json\/wp\/v2\/product_brand?post=37342"},{"taxonomy":"product_cat","embeddable":true,"href":"https:\/\/olemosaic.orbitalia.org\/pt-pt\/wp-json\/wp\/v2\/product_cat?post=37342"},{"taxonomy":"product_tag","embeddable":true,"href":"https:\/\/olemosaic.orbitalia.org\/pt-pt\/wp-json\/wp\/v2\/product_tag?post=37342"}],"curies":[{"name":"wp","href":"https:\/\/api.w.org\/{rel}","templated":true}]}}