{"id":37336,"date":"2025-02-20T23:37:36","date_gmt":"2025-02-20T22:37:36","guid":{"rendered":"https:\/\/olemosaic.orbitalia.org\/producto\/toro-figura-de-resina-de-24-cm-pintada-a-mano-2\/"},"modified":"2025-07-25T20:18:09","modified_gmt":"2025-07-25T18:18:09","slug":"touro-figura-de-resina-de-24-cm-pintada-a-mao-2","status":"publish","type":"product","link":"https:\/\/olemosaic.orbitalia.org\/pt-pt\/produto\/touro-figura-de-resina-de-24-cm-pintada-a-mao-2\/","title":{"rendered":"Touro. Figura de mosaico de 24 cm. Touro."},"content":{"rendered":"<p>Este atraente souvenir de resina \u00e9 uma magn\u00edfica figura do famoso touro espanhol, uma representa\u00e7\u00e3o ic\u00f3nica da cultura hisp\u00e2nica que captura a ess\u00eancia do folclore espanhol. Com os seus 24 cm de altura, esta figura pintada com efeito \u00e0 m\u00e3o destaca-se pelo seu vibrante mosaico de cores, incluindo azul, amarelo, vermelho e preto, que n\u00e3o s\u00f3 embeleza a sua figura, como tamb\u00e9m simboliza a for\u00e7a e o car\u00e1cter deste emblem\u00e1tico animal. Com um design cuidadosamente elaborado, cada detalhe da figura foi pensado para real\u00e7ar a sua expressividade, desde os proeminentes cornos at\u00e9 \u00e0s potentes patas, fazendo desta pe\u00e7a um elemento de admira\u00e7\u00e3o.<\/p>\n<p>O touro, como s\u00edmbolo da tradi\u00e7\u00e3o espanhola, \u00e9 uma lembran\u00e7a da rica heran\u00e7a cultural associada \u00e0 tauromaquia e \u00e0 vida rural em Espanha, tornando este souvenir numa celebra\u00e7\u00e3o da identidade nacional. \u00c9 o presente perfeito para turistas que procuram uma recorda\u00e7\u00e3o aut\u00eantica e representativa da sua experi\u00eancia no pa\u00eds. Este tipo de figuras s\u00e3o uma excelente op\u00e7\u00e3o para lojas de presentes tur\u00edsticos que desejem oferecer artigos \u00fanicos e de qualidade.<\/p>\n<p>Na Ol\u00e9 Mosaic, como distribuidores de lembran\u00e7as de qualidade por grosso, oferecemos esta figura como parte da nossa cole\u00e7\u00e3o de artigos t\u00edpicos espanh\u00f3is, assegurando que cada cliente leve consigo um pedacinho de Espanha e da sua rica cultura.<\/p>\n","protected":false},"excerpt":{"rendered":"<p>Figura do famoso touro espanhol, mede 24 cm e aparenta estar pintada \u00e0 m\u00e3o. O seu design vibrante, com um mosaico de cores brilhantes como azul, amarelo, vermelho e preto, representa um s\u00edmbolo ic\u00f3nico da cultura espanhola. A figura captura a ess\u00eancia da tradi\u00e7\u00e3o e do folclore espanhol, tornando-se numa excelente recorda\u00e7\u00e3o. Ideal para adicionar um toque art\u00edstico a qualquer espa\u00e7o ou como presente representativo de Espanha.<\/p>\n","protected":false},"featured_media":6411,"template":"","meta":{"_acf_changed":false},"product_brand":[],"product_cat":[552],"product_tag":[516],"class_list":{"0":"post-37336","1":"product","2":"type-product","3":"status-publish","4":"has-post-thumbnail","6":"product_cat-numeros","7":"product_tag-animais","8":"pa_motivo-touros","10":"first","11":"instock","12":"shipping-taxable","13":"product-type-simple"},"acf":[],"_links":{"self":[{"href":"https:\/\/olemosaic.orbitalia.org\/pt-pt\/wp-json\/wp\/v2\/product\/37336","targetHints":{"allow":["GET"]}}],"collection":[{"href":"https:\/\/olemosaic.orbitalia.org\/pt-pt\/wp-json\/wp\/v2\/product"}],"about":[{"href":"https:\/\/olemosaic.orbitalia.org\/pt-pt\/wp-json\/wp\/v2\/types\/product"}],"wp:featuredmedia":[{"embeddable":true,"href":"https:\/\/olemosaic.orbitalia.org\/pt-pt\/wp-json\/wp\/v2\/media\/6411"}],"wp:attachment":[{"href":"https:\/\/olemosaic.orbitalia.org\/pt-pt\/wp-json\/wp\/v2\/media?parent=37336"}],"wp:term":[{"taxonomy":"product_brand","embeddable":true,"href":"https:\/\/olemosaic.orbitalia.org\/pt-pt\/wp-json\/wp\/v2\/product_brand?post=37336"},{"taxonomy":"product_cat","embeddable":true,"href":"https:\/\/olemosaic.orbitalia.org\/pt-pt\/wp-json\/wp\/v2\/product_cat?post=37336"},{"taxonomy":"product_tag","embeddable":true,"href":"https:\/\/olemosaic.orbitalia.org\/pt-pt\/wp-json\/wp\/v2\/product_tag?post=37336"}],"curies":[{"name":"wp","href":"https:\/\/api.w.org\/{rel}","templated":true}]}}