{"id":37335,"date":"2025-02-20T23:37:36","date_gmt":"2025-02-20T22:37:36","guid":{"rendered":"https:\/\/olemosaic.orbitalia.org\/producto\/toro-figura-de-resina-de-12-cm-pintada-a-mano-2\/"},"modified":"2025-07-25T19:30:02","modified_gmt":"2025-07-25T17:30:02","slug":"touro-figura-de-resina-de-12-cm-pintada-a-mao-2","status":"publish","type":"product","link":"https:\/\/olemosaic.orbitalia.org\/pt-pt\/produto\/touro-figura-de-resina-de-12-cm-pintada-a-mao-2\/","title":{"rendered":"Touro. Figura de mosaico de 12 cm. Touro. Design em Mosaico."},"content":{"rendered":"<p>Este impressionante touro de resina de 12 cm \u00e9 a representa\u00e7\u00e3o perfeita da ess\u00eancia da cultura espanhola, evocando a for\u00e7a e majestade deste emblem\u00e1tico animal. Cada figura, pintada com efeito \u00e0 m\u00e3o com uma vibrante mistura de cores, foi desenhada artisticamente num estilo de mosaico que destaca a sua singularidade. Com radiantes tons de vermelho, azul, amarelo e verde, cada sec\u00e7\u00e3o do touro \u00e9 uma homenagem \u00e0 rica tradi\u00e7\u00e3o folcl\u00f3rica de Espanha, tornando-o num excelente elemento decorativo para qualquer canto da sua casa.<\/p>\n<p>O detalhado design desta figura n\u00e3o s\u00f3 real\u00e7a a beleza do touro, s\u00edmbolo da luta e da paix\u00e3o na cultura espanhola, como tamb\u00e9m serve como uma atraente recorda\u00e7\u00e3o para quem visita Espanha. A autenticidade e a dedica\u00e7\u00e3o \u00e0 artesania refletem-se em cada tra\u00e7o e cor, o que torna este souvenir numa pe\u00e7a \u00fanica que cativa a aten\u00e7\u00e3o e admira\u00e7\u00e3o de quem o contempla.<\/p>\n<p>Na Ol\u00e9 Mosaic, somos distribuidores de lembran\u00e7as de qualidade por grosso, e oferecemos este touro de resina como uma excelente op\u00e7\u00e3o para lojas de presentes tur\u00edsticos que procuram produtos aut\u00eanticos e representativos da cultura espanhola. Este atraente souvenir n\u00e3o \u00e9 apenas uma recorda\u00e7\u00e3o, mas um peda\u00e7o de arte e tradi\u00e7\u00e3o que traz um fragmento de Espanha para qualquer casa.<\/p>\n","protected":false},"excerpt":{"rendered":"<p>Figura de um touro de 12 cm, design artesanal, pintado \u00e0 m\u00e3o, com uma vibrante mistura de cores. Esta atraente recorda\u00e7\u00e3o captura a ess\u00eancia da cultura espanhola, representando o s\u00edmbolo do touro num design de mosaico art\u00edstico. Cada sec\u00e7\u00e3o do touro est\u00e1 detalhadamente decorada, mostrando uma combina\u00e7\u00e3o de tons vermelhos, azuis, amarelos e verdes. \u00c9 um excelente elemento decorativo que evoca a tradi\u00e7\u00e3o e o folclore espanhol, perfeito para qualquer canto da sua casa.<\/p>\n","protected":false},"featured_media":8703,"template":"","meta":{"_acf_changed":false},"product_brand":[],"product_cat":[552],"product_tag":[516],"class_list":{"0":"post-37335","1":"product","2":"type-product","3":"status-publish","4":"has-post-thumbnail","6":"product_cat-numeros","7":"product_tag-animais","8":"pa_motivo-touros","10":"first","11":"instock","12":"shipping-taxable","13":"product-type-simple"},"acf":[],"_links":{"self":[{"href":"https:\/\/olemosaic.orbitalia.org\/pt-pt\/wp-json\/wp\/v2\/product\/37335","targetHints":{"allow":["GET"]}}],"collection":[{"href":"https:\/\/olemosaic.orbitalia.org\/pt-pt\/wp-json\/wp\/v2\/product"}],"about":[{"href":"https:\/\/olemosaic.orbitalia.org\/pt-pt\/wp-json\/wp\/v2\/types\/product"}],"wp:featuredmedia":[{"embeddable":true,"href":"https:\/\/olemosaic.orbitalia.org\/pt-pt\/wp-json\/wp\/v2\/media\/8703"}],"wp:attachment":[{"href":"https:\/\/olemosaic.orbitalia.org\/pt-pt\/wp-json\/wp\/v2\/media?parent=37335"}],"wp:term":[{"taxonomy":"product_brand","embeddable":true,"href":"https:\/\/olemosaic.orbitalia.org\/pt-pt\/wp-json\/wp\/v2\/product_brand?post=37335"},{"taxonomy":"product_cat","embeddable":true,"href":"https:\/\/olemosaic.orbitalia.org\/pt-pt\/wp-json\/wp\/v2\/product_cat?post=37335"},{"taxonomy":"product_tag","embeddable":true,"href":"https:\/\/olemosaic.orbitalia.org\/pt-pt\/wp-json\/wp\/v2\/product_tag?post=37335"}],"curies":[{"name":"wp","href":"https:\/\/api.w.org\/{rel}","templated":true}]}}