{"id":37333,"date":"2025-02-20T23:37:35","date_gmt":"2025-02-20T22:37:35","guid":{"rendered":"https:\/\/olemosaic.orbitalia.org\/producto\/toro-figura-de-resina-de-15-cm-pintada-a-mano\/"},"modified":"2025-07-25T20:13:59","modified_gmt":"2025-07-25T18:13:59","slug":"touro-figura-de-resina-de-15-cm-pintada-a-mao","status":"publish","type":"product","link":"https:\/\/olemosaic.orbitalia.org\/pt-pt\/produto\/touro-figura-de-resina-de-15-cm-pintada-a-mao\/","title":{"rendered":"Touro. Figura de mosaico de 15 cm."},"content":{"rendered":"<p>Este touro de resina \u00e9 uma impressionante recorda\u00e7\u00e3o que presta homenagem \u00e0 rica cultura espanhola e ao seu profundo simbolismo. Com 15 cm de altura, esta figura foi elaborada e pintada com efeito \u00e0 m\u00e3o, o que garante que cada pe\u00e7a seja \u00fanica e especial. O design inclui um vibrante mosaico de cores como o azul, vermelho, amarelo e preto, que se combinam num cativante padr\u00e3o art\u00edstico, conferindo luminosidade e car\u00e1cter a qualquer espa\u00e7o. Representando a tradi\u00e7\u00e3o do folclore espanhol, o touro \u00e9 um \u00edcone que encarna a valentia e a for\u00e7a, e a sua frequente associa\u00e7\u00e3o com as festividades e tradi\u00e7\u00f5es espanholas, como a famosa tourada, torna-o numa recorda\u00e7\u00e3o que evoca emo\u00e7\u00f5es e mem\u00f3rias das terras ib\u00e9ricas.<\/p>\n<p>Esta recorda\u00e7\u00e3o n\u00e3o \u00e9 apenas um elemento decorativo atraente, mas tamb\u00e9m uma homenagem \u00e0 heran\u00e7a cultural de Espanha, ideal para os turistas que procuram levar um peda\u00e7o aut\u00eantico do pa\u00eds. Na Ol\u00e9 Mosaic, compreendemos a import\u00e2ncia da autenticidade em cada produto, e esta figura de touro \u00e9 uma excelente op\u00e7\u00e3o para lojas de presentes tur\u00edsticos que desejem oferecer aos seus clientes uma recorda\u00e7\u00e3o significativa e representativa. Como grossistas de lembran\u00e7as, fornecemos pe\u00e7as de qualidade que capturam a ess\u00eancia da tradi\u00e7\u00e3o espanhola, ideais para qualquer cole\u00e7\u00e3o.<\/p>\n","protected":false},"excerpt":{"rendered":"<p>Figura de 15 cm com forma de touro, design artesanal, pintado \u00e0 m\u00e3o, e decorada com um mosaico de cores vibrantes. Esta recorda\u00e7\u00e3o representa a ess\u00eancia do folclore espanhol, enaltecendo o simbolismo do touro como um \u00edcone da cultura espanhola. O seu design incorpora tonalidades azuis, vermelhas, amarelas e pretas, que se entrela\u00e7am num padr\u00e3o art\u00edstico, tornando-o num atraente elemento decorativo para qualquer casa ou cole\u00e7\u00e3o.<\/p>\n","protected":false},"featured_media":6412,"template":"","meta":{"_acf_changed":false},"product_brand":[],"product_cat":[552],"product_tag":[516],"class_list":{"0":"post-37333","1":"product","2":"type-product","3":"status-publish","4":"has-post-thumbnail","6":"product_cat-numeros","7":"product_tag-animais","8":"pa_motivo-touros","10":"first","11":"instock","12":"shipping-taxable","13":"product-type-simple"},"acf":[],"_links":{"self":[{"href":"https:\/\/olemosaic.orbitalia.org\/pt-pt\/wp-json\/wp\/v2\/product\/37333","targetHints":{"allow":["GET"]}}],"collection":[{"href":"https:\/\/olemosaic.orbitalia.org\/pt-pt\/wp-json\/wp\/v2\/product"}],"about":[{"href":"https:\/\/olemosaic.orbitalia.org\/pt-pt\/wp-json\/wp\/v2\/types\/product"}],"wp:featuredmedia":[{"embeddable":true,"href":"https:\/\/olemosaic.orbitalia.org\/pt-pt\/wp-json\/wp\/v2\/media\/6412"}],"wp:attachment":[{"href":"https:\/\/olemosaic.orbitalia.org\/pt-pt\/wp-json\/wp\/v2\/media?parent=37333"}],"wp:term":[{"taxonomy":"product_brand","embeddable":true,"href":"https:\/\/olemosaic.orbitalia.org\/pt-pt\/wp-json\/wp\/v2\/product_brand?post=37333"},{"taxonomy":"product_cat","embeddable":true,"href":"https:\/\/olemosaic.orbitalia.org\/pt-pt\/wp-json\/wp\/v2\/product_cat?post=37333"},{"taxonomy":"product_tag","embeddable":true,"href":"https:\/\/olemosaic.orbitalia.org\/pt-pt\/wp-json\/wp\/v2\/product_tag?post=37333"}],"curies":[{"name":"wp","href":"https:\/\/api.w.org\/{rel}","templated":true}]}}