{"id":37331,"date":"2025-02-20T23:37:35","date_gmt":"2025-02-20T22:37:35","guid":{"rendered":"https:\/\/olemosaic.orbitalia.org\/producto\/toro-figura-de-resina-de-12-cm-pintada-a-mano\/"},"modified":"2025-07-25T19:30:57","modified_gmt":"2025-07-25T17:30:57","slug":"touro-figura-de-resina-de-12-cm-pintada-a-mao","status":"publish","type":"product","link":"https:\/\/olemosaic.orbitalia.org\/pt-pt\/produto\/touro-figura-de-resina-de-12-cm-pintada-a-mao\/","title":{"rendered":"Touro. Figura de mosaico de 12 cm."},"content":{"rendered":"<p>Este vibrante touro de resina, com 12 cm de altura, \u00e9 uma obra de arte pintada \u00e0 m\u00e3o com efeito mosaico que captura a ess\u00eancia e o simbolismo de Espanha. O seu design em mosaico, com uma cativante mistura de tons vermelhos, amarelos, azuis e verdes, torna esta figura algo mais do que um simples objeto decorativo: \u00e9 uma evocativa homenagem \u00e0 rica tradi\u00e7\u00e3o do folclore espanhol. Cada pe\u00e7a foi meticulosamente elaborada, real\u00e7ando os detalhes que fazem deste touro um s\u00edmbolo ic\u00f3nico do esp\u00edrito taurom\u00e1quico, profundamente enraizado na cultura espanhola.<\/p>\n<p>O esplendor das suas cores e a qualidade artesanal tornam-na um atrativo visual e um emblem\u00e1tico souvenir de Espanha. Esta figura \u00e9 um presente ideal para os turistas que procuram uma recorda\u00e7\u00e3o aut\u00eantica, representativa da paix\u00e3o e da hist\u00f3ria espanholas. Al\u00e9m disso, a sua singularidade torna-a perfeita para exibir em vitrines ou mesas, atraindo olhares e gerando conversas sobre o seu significado cultural.<\/p>\n<p>Na Ol\u00e9 Mosaic, orgulhamo-nos de oferecer souvenirs como este touro, que ressoam com a autenticidade da arte popular e s\u00e3o perfeitos para lojas de presentes tur\u00edsticos. Como grossistas de souvenirs, garantimos que as nossas figuras s\u00e3o, al\u00e9m de decorativas, representa\u00e7\u00f5es genu\u00ednas da heran\u00e7a cultural espanhola.<\/p>\n","protected":false},"excerpt":{"rendered":"<p>Figura de 12 cm, design artesanal, pintado \u00e0 m\u00e3o, que representa um touro, s\u00edmbolo ic\u00f3nico de Espanha. Esta colorida escultura destaca-se pelo seu design em mosaico, com uma vibrante mistura de tons como vermelho, amarelo, azul e verde. Cada detalhe foi cuidadosamente elaborado, refletindo a tradi\u00e7\u00e3o cultural e o esp\u00edrito do folclore espanhol. Ideal como recorda\u00e7\u00e3o ou elemento decorativo, esta figura captura a ess\u00eancia da paix\u00e3o taurom\u00e1quica num formato art\u00edstico atrativo.<\/p>\n","protected":false},"featured_media":11098,"template":"","meta":{"_acf_changed":false},"product_brand":[],"product_cat":[552],"product_tag":[516],"class_list":{"0":"post-37331","1":"product","2":"type-product","3":"status-publish","4":"has-post-thumbnail","6":"product_cat-numeros","7":"product_tag-animais","8":"pa_motivo-touros","10":"first","11":"instock","12":"shipping-taxable","13":"product-type-simple"},"acf":[],"_links":{"self":[{"href":"https:\/\/olemosaic.orbitalia.org\/pt-pt\/wp-json\/wp\/v2\/product\/37331","targetHints":{"allow":["GET"]}}],"collection":[{"href":"https:\/\/olemosaic.orbitalia.org\/pt-pt\/wp-json\/wp\/v2\/product"}],"about":[{"href":"https:\/\/olemosaic.orbitalia.org\/pt-pt\/wp-json\/wp\/v2\/types\/product"}],"wp:featuredmedia":[{"embeddable":true,"href":"https:\/\/olemosaic.orbitalia.org\/pt-pt\/wp-json\/wp\/v2\/media\/11098"}],"wp:attachment":[{"href":"https:\/\/olemosaic.orbitalia.org\/pt-pt\/wp-json\/wp\/v2\/media?parent=37331"}],"wp:term":[{"taxonomy":"product_brand","embeddable":true,"href":"https:\/\/olemosaic.orbitalia.org\/pt-pt\/wp-json\/wp\/v2\/product_brand?post=37331"},{"taxonomy":"product_cat","embeddable":true,"href":"https:\/\/olemosaic.orbitalia.org\/pt-pt\/wp-json\/wp\/v2\/product_cat?post=37331"},{"taxonomy":"product_tag","embeddable":true,"href":"https:\/\/olemosaic.orbitalia.org\/pt-pt\/wp-json\/wp\/v2\/product_tag?post=37331"}],"curies":[{"name":"wp","href":"https:\/\/api.w.org\/{rel}","templated":true}]}}