{"id":37329,"date":"2025-02-20T22:37:35","date_gmt":"2025-02-20T22:37:35","guid":{"rendered":"https:\/\/olemosaic.orbitalia.org\/producto\/toro-figura-de-ceramica-de-12-cm-rojo-glaceado\/"},"modified":"2025-07-25T19:43:01","modified_gmt":"2025-07-25T17:43:01","slug":"touro-figura-de-ceramica-de-12-cm-vermelho-vidrado","status":"publish","type":"product","link":"https:\/\/olemosaic.orbitalia.org\/pt-pt\/produto\/touro-figura-de-ceramica-de-12-cm-vermelho-vidrado\/","title":{"rendered":"Touro. Figura de cer\u00e2mica de 12 cm. Vermelho. Vidrado."},"content":{"rendered":"<p>Este vibrante touro de cer\u00e2mica \u00e9 um fascinante souvenir espanhol que encapsula a rica tradi\u00e7\u00e3o taurom\u00e1quica do pa\u00eds. Com uma altura de 12 cm, esta figura destaca-se pelo seu acabamento vidrado, que lhe confere uma superf\u00edcie brilhante e contempor\u00e2nea, tornando-a uma pe\u00e7a vers\u00e1til, ideal tanto para a decora\u00e7\u00e3o da casa como para um presente distintivo. O seu design estilizado e elegante real\u00e7a as caracter\u00edsticas do touro, simbolizando for\u00e7a e valentia, valores essenciais no folclore espanhol. A cor vermelha intensa evoca paix\u00e3o e energia, tornando esta figura uma representa\u00e7\u00e3o ic\u00f3nica da cultura espanhola.<\/p>\n<p>A figura do touro \u00e9 um s\u00edmbolo profundamente enraizado na hist\u00f3ria de Espanha, especialmente relacionado com as festas populares e a tauromaquia, um aspeto representativo do patrim\u00f3nio cultural. Este souvenir n\u00e3o s\u00f3 comemora a tradi\u00e7\u00e3o, como tamb\u00e9m real\u00e7a um estilo moderno que se enquadra em qualquer ambiente. Na Ol\u00e9 Mosaic, especializamo-nos na distribui\u00e7\u00e3o de souvenirs aut\u00eanticos, como esta figura de touro, perfeita para lojas de presentes tur\u00edsticos que procuram oferecer produtos que contem uma hist\u00f3ria. Este touro de cer\u00e2mica n\u00e3o \u00e9 apenas um souvenir, mas um aut\u00eantico peda\u00e7o de Espanha que atrair\u00e1 todos os turistas que desejem levar uma recorda\u00e7\u00e3o significativa e cultural.<\/p>\n","protected":false},"excerpt":{"rendered":"<p>Figura de cer\u00e2mica com forma de touro, de cor vermelha intensa e acabamento esmaltado, que mede 12 cm. Este ic\u00f3nico souvenir espanhol captura a ess\u00eancia do folclore e da tradi\u00e7\u00e3o taurom\u00e1quica, simbolizando for\u00e7a e valentia. O seu design estilizado real\u00e7a os detalhes do corpo do touro, enquanto a superf\u00edcie brilhante lhe d\u00e1 um toque moderno. Ideal como elemento decorativo ou presente, reflete a rica cultura espanhola de forma atrativa e contempor\u00e2nea.<\/p>\n","protected":false},"featured_media":7447,"template":"","meta":{"_acf_changed":false},"product_brand":[],"product_cat":[552],"product_tag":[516,515],"class_list":{"0":"post-37329","1":"product","2":"type-product","3":"status-publish","4":"has-post-thumbnail","6":"product_cat-numeros","7":"product_tag-animais","8":"product_tag-ceramica","9":"pa_motivo-touros","11":"first","12":"instock","13":"shipping-taxable","14":"product-type-simple"},"acf":[],"_links":{"self":[{"href":"https:\/\/olemosaic.orbitalia.org\/pt-pt\/wp-json\/wp\/v2\/product\/37329","targetHints":{"allow":["GET"]}}],"collection":[{"href":"https:\/\/olemosaic.orbitalia.org\/pt-pt\/wp-json\/wp\/v2\/product"}],"about":[{"href":"https:\/\/olemosaic.orbitalia.org\/pt-pt\/wp-json\/wp\/v2\/types\/product"}],"wp:featuredmedia":[{"embeddable":true,"href":"https:\/\/olemosaic.orbitalia.org\/pt-pt\/wp-json\/wp\/v2\/media\/7447"}],"wp:attachment":[{"href":"https:\/\/olemosaic.orbitalia.org\/pt-pt\/wp-json\/wp\/v2\/media?parent=37329"}],"wp:term":[{"taxonomy":"product_brand","embeddable":true,"href":"https:\/\/olemosaic.orbitalia.org\/pt-pt\/wp-json\/wp\/v2\/product_brand?post=37329"},{"taxonomy":"product_cat","embeddable":true,"href":"https:\/\/olemosaic.orbitalia.org\/pt-pt\/wp-json\/wp\/v2\/product_cat?post=37329"},{"taxonomy":"product_tag","embeddable":true,"href":"https:\/\/olemosaic.orbitalia.org\/pt-pt\/wp-json\/wp\/v2\/product_tag?post=37329"}],"curies":[{"name":"wp","href":"https:\/\/api.w.org\/{rel}","templated":true}]}}