{"id":37328,"date":"2025-02-20T22:37:34","date_gmt":"2025-02-20T22:37:34","guid":{"rendered":"https:\/\/olemosaic.orbitalia.org\/producto\/toro-figura-de-ceramica-de-12-cm-negro-glaceado\/"},"modified":"2025-07-25T18:57:59","modified_gmt":"2025-07-25T16:57:59","slug":"touro-figura-de-ceramica-de-12-cm-preto-vidrado","status":"publish","type":"product","link":"https:\/\/olemosaic.orbitalia.org\/pt-pt\/produto\/touro-figura-de-ceramica-de-12-cm-preto-vidrado\/","title":{"rendered":"Touro. Figura de cer\u00e2mica de 12 cm. Preto Vidrado."},"content":{"rendered":"<p>Esta figura de cer\u00e2mica de um touro \u00e9 uma elegante recorda\u00e7\u00e3o de Espanha que captura a ess\u00eancia da cultura taurom\u00e1quica. Com uma altura de 12 cm, o seu acabamento preto vidrado real\u00e7a a silhueta estilizada e poderosa do touro, s\u00edmbolo de for\u00e7a e tradi\u00e7\u00e3o no mundo hisp\u00e2nico. A meticulosa elabora\u00e7\u00e3o desta pe\u00e7a decorativa n\u00e3o s\u00f3 evidencia o talento dos artes\u00e3os, como tamb\u00e9m a torna um elemento de decora\u00e7\u00e3o atrativo para qualquer ambiente, seja em casa ou num estabelecimento tur\u00edstico.<\/p>\n<p>O design moderno desta figura de touro alinha-se com as tend\u00eancias contempor\u00e2neas, tornando-a uma op\u00e7\u00e3o perfeita tanto para os amantes da arte como para aqueles interessados na rica cultura mediterr\u00e2nica. Este produto n\u00e3o \u00e9 simplesmente um objeto decorativo, mas um peda\u00e7o de hist\u00f3ria que emana o esp\u00edrito das touradas e a import\u00e2ncia do touro na cultura espanhola.<\/p>\n<p>Na Ol\u00e9 Mosaic, como grossistas de recorda\u00e7\u00f5es de cer\u00e2mica, oferecemos produtos aut\u00eanticos que celebram as tradi\u00e7\u00f5es locais. Esta figura do touro, representativa de Espanha, \u00e9 uma excelente op\u00e7\u00e3o para lojas de presentes tur\u00edsticos que procuram artigos de qualidade e relev\u00e2ncia cultural, sendo uma recorda\u00e7\u00e3o perfeita para os visitantes que desejem levar um s\u00edmbolo ic\u00f3nico da sua viagem.<\/p>\n","protected":false},"excerpt":{"rendered":"<p>Figura de cer\u00e2mica de um touro, com um acabamento preto brilhante que real\u00e7a a sua elegante silhueta. Com uma altura de 12 cm, esta representa\u00e7\u00e3o estilizada do emblem\u00e1tico animal espanhol simboliza a for\u00e7a e o car\u00e1cter da cultura taurom\u00e1quica. O design polido e moderno adapta-se a qualquer ambiente, tornando-o uma recorda\u00e7\u00e3o atrativa de Espanha ou uma pe\u00e7a decorativa distintiva para os amantes da arte e da cultura mediterr\u00e2nica.<\/p>\n","protected":false},"featured_media":7453,"template":"","meta":{"_acf_changed":false},"product_brand":[],"product_cat":[552],"product_tag":[516,515],"class_list":{"0":"post-37328","1":"product","2":"type-product","3":"status-publish","4":"has-post-thumbnail","6":"product_cat-numeros","7":"product_tag-animais","8":"product_tag-ceramica","9":"pa_motivo-touros","11":"first","12":"instock","13":"shipping-taxable","14":"product-type-simple"},"acf":[],"_links":{"self":[{"href":"https:\/\/olemosaic.orbitalia.org\/pt-pt\/wp-json\/wp\/v2\/product\/37328","targetHints":{"allow":["GET"]}}],"collection":[{"href":"https:\/\/olemosaic.orbitalia.org\/pt-pt\/wp-json\/wp\/v2\/product"}],"about":[{"href":"https:\/\/olemosaic.orbitalia.org\/pt-pt\/wp-json\/wp\/v2\/types\/product"}],"wp:featuredmedia":[{"embeddable":true,"href":"https:\/\/olemosaic.orbitalia.org\/pt-pt\/wp-json\/wp\/v2\/media\/7453"}],"wp:attachment":[{"href":"https:\/\/olemosaic.orbitalia.org\/pt-pt\/wp-json\/wp\/v2\/media?parent=37328"}],"wp:term":[{"taxonomy":"product_brand","embeddable":true,"href":"https:\/\/olemosaic.orbitalia.org\/pt-pt\/wp-json\/wp\/v2\/product_brand?post=37328"},{"taxonomy":"product_cat","embeddable":true,"href":"https:\/\/olemosaic.orbitalia.org\/pt-pt\/wp-json\/wp\/v2\/product_cat?post=37328"},{"taxonomy":"product_tag","embeddable":true,"href":"https:\/\/olemosaic.orbitalia.org\/pt-pt\/wp-json\/wp\/v2\/product_tag?post=37328"}],"curies":[{"name":"wp","href":"https:\/\/api.w.org\/{rel}","templated":true}]}}