{"id":37321,"date":"2025-02-20T22:37:33","date_gmt":"2025-02-20T22:37:33","guid":{"rendered":"https:\/\/olemosaic.orbitalia.org\/producto\/cucharilla-de-metal-toro-rojo\/"},"modified":"2025-07-25T20:05:33","modified_gmt":"2025-07-25T18:05:33","slug":"colher-de-metal-touro-vermelho","status":"publish","type":"product","link":"https:\/\/olemosaic.orbitalia.org\/pt-pt\/produto\/colher-de-metal-touro-vermelho\/","title":{"rendered":"Colher de metal. Touro. Vermelho"},"content":{"rendered":"<p>Esta colher de metal, decorada com um ic\u00f3nico design de touro, \u00e9 uma aut\u00eantica homenagem \u00e0 rica cultura e ao folclore espanhol. A parte superior da colher apresenta um vibrante touro elaborado com um mosaico de cores vermelhas e laranjas brilhantes, que real\u00e7am a sua figura robusta e orgulhosa. Simboliza a bravura e a for\u00e7a do gado ib\u00e9rico, t\u00e3o presente nas tradi\u00e7\u00f5es de pa\u00edses como Espanha. Este artigo n\u00e3o \u00e9 apenas funcional, mas tamb\u00e9m um excelente objeto decorativo que adiciona um toque distintivo a qualquer mesa, ideal para servir desde sobremesas at\u00e9 deliciosos caf\u00e9s. O metal da base garante a sua durabilidade, enquanto o design art\u00edstico confere uma dose de vitalidade e car\u00e1cter ao seu uso di\u00e1rio.<\/p>\n<p>Este souvenir n\u00e3o s\u00f3 captura a ess\u00eancia do folclore espanhol, como tamb\u00e9m se torna um presente memor\u00e1vel para quem deseja levar uma pequena parte da nossa cultura. Na Ol\u00e9 Mosaic, orgulhamo-nos de oferecer produtos aut\u00eanticos que refletem a identidade cultural de Espanha. Esta colher decorativa \u00e9 uma excelente op\u00e7\u00e3o para lojas de presentes tur\u00edsticos que procuram souvenirs representativos, combinando arte e funcionalidade. Perfeita para os amantes da gastronomia e da cultura, esta colher \u00e9 uma excelente recorda\u00e7\u00e3o das tradi\u00e7\u00f5es espanholas.<\/p>\n","protected":false},"excerpt":{"rendered":"<p>Colher de metal decorada com um design ic\u00f3nico de touro, que representa o folclore espanhol. Na parte superior, o touro \u00e9 elaborado com um mosaico de cores vermelhas e laranjas brilhantes, que real\u00e7am a sua figura robusta e orgulhosa. Este artigo combina funcionalidade e arte, ideal para os amantes da cultura espanhola. A sua base de metal confere durabilidade, enquanto o design art\u00edstico adiciona um toque distintivo \u00e0 mesa.<\/p>\n","protected":false},"featured_media":8684,"template":"","meta":{"_acf_changed":false},"product_brand":[],"product_cat":[799],"product_tag":[516],"class_list":{"0":"post-37321","1":"product","2":"type-product","3":"status-publish","4":"has-post-thumbnail","6":"product_cat-colheres","7":"product_tag-animais","8":"pa_motivo-touros","10":"first","11":"instock","12":"shipping-taxable","13":"product-type-simple"},"acf":[],"_links":{"self":[{"href":"https:\/\/olemosaic.orbitalia.org\/pt-pt\/wp-json\/wp\/v2\/product\/37321","targetHints":{"allow":["GET"]}}],"collection":[{"href":"https:\/\/olemosaic.orbitalia.org\/pt-pt\/wp-json\/wp\/v2\/product"}],"about":[{"href":"https:\/\/olemosaic.orbitalia.org\/pt-pt\/wp-json\/wp\/v2\/types\/product"}],"wp:featuredmedia":[{"embeddable":true,"href":"https:\/\/olemosaic.orbitalia.org\/pt-pt\/wp-json\/wp\/v2\/media\/8684"}],"wp:attachment":[{"href":"https:\/\/olemosaic.orbitalia.org\/pt-pt\/wp-json\/wp\/v2\/media?parent=37321"}],"wp:term":[{"taxonomy":"product_brand","embeddable":true,"href":"https:\/\/olemosaic.orbitalia.org\/pt-pt\/wp-json\/wp\/v2\/product_brand?post=37321"},{"taxonomy":"product_cat","embeddable":true,"href":"https:\/\/olemosaic.orbitalia.org\/pt-pt\/wp-json\/wp\/v2\/product_cat?post=37321"},{"taxonomy":"product_tag","embeddable":true,"href":"https:\/\/olemosaic.orbitalia.org\/pt-pt\/wp-json\/wp\/v2\/product_tag?post=37321"}],"curies":[{"name":"wp","href":"https:\/\/api.w.org\/{rel}","templated":true}]}}