{"id":37320,"date":"2025-02-20T22:37:33","date_gmt":"2025-02-20T22:37:33","guid":{"rendered":"https:\/\/olemosaic.orbitalia.org\/producto\/cucharilla-de-metal-toro\/"},"modified":"2025-07-25T18:35:22","modified_gmt":"2025-07-25T16:35:22","slug":"colher-de-metal-touro","status":"publish","type":"product","link":"https:\/\/olemosaic.orbitalia.org\/pt-pt\/produto\/colher-de-metal-touro\/","title":{"rendered":"Colher de metal. Touro."},"content":{"rendered":"<p>Apresentamos a colher de metal decorada com um touro colorido, uma aut\u00eantica homenagem \u00e0 rica tradi\u00e7\u00e3o cultural espanhola. Esta colher combina funcionalidade com um design art\u00edstico que celebra um dos s\u00edmbolos mais emblem\u00e1ticos da cultura espanhola: o touro. A parte superior conta com uma vibrante ilustra\u00e7\u00e3o inspirada em mosaicos, criando uma explos\u00e3o de cores com azuis, laranjas, verdes e vermelhos. Este design moderno e detalhado n\u00e3o s\u00f3 real\u00e7a a figura do touro de forma cativante, como tamb\u00e9m confere um toque contempor\u00e2neo a um objeto quotidiano.<\/p>\n<p>Perfeita como souvenir, esta colher n\u00e3o \u00e9 apenas um utens\u00edlio \u00fatil, mas tamb\u00e9m uma pe\u00e7a decorativa que evoca a tradi\u00e7\u00e3o taurom\u00e1quica espanhola, levando consigo a ess\u00eancia das festividades e a paix\u00e3o que este s\u00edmbolo representa. Cada colher \u00e9 elaborada com aten\u00e7\u00e3o ao detalhe, garantindo a sua durabilidade e funcionalidade, o que a torna um presente ideal para quem deseje levar um peda\u00e7o da cultura espanhola para casa.<\/p>\n<p>Na Ol\u00e9 Mosaic, orgulhamo-nos de ser distribuidores de souvenirs aut\u00eanticos, e esta colher de touro \u00e9 uma excelente op\u00e7\u00e3o para lojas de presentes tur\u00edsticos que procuram produtos que reflitam o patrim\u00f3nio cultural espanhol. Como grossistas de souvenirs, fornecemos artigos que adicionam valor e estilo \u00e0 experi\u00eancia de compra dos turistas, tornando-a verdadeiramente memor\u00e1vel.<\/p>\n","protected":false},"excerpt":{"rendered":"<p>Colher de metal decorada com um touro colorido, s\u00edmbolo ic\u00f3nico da cultura espanhola. A parte superior apresenta um design inspirado em mosaicos com vibrantes tons azuis, laranjas, verdes e vermelhos, que real\u00e7am a figura do touro num estilo moderno e art\u00edstico. Ideal como recorda\u00e7\u00e3o representativa da tradi\u00e7\u00e3o taurom\u00e1quica espanhola, esta colher combina funcionalidade e um toque folcl\u00f3rico, tornando-a um presente \u00fanico e atraente.<\/p>\n","protected":false},"featured_media":8683,"template":"","meta":{"_acf_changed":false},"product_brand":[],"product_cat":[799],"product_tag":[516],"class_list":{"0":"post-37320","1":"product","2":"type-product","3":"status-publish","4":"has-post-thumbnail","6":"product_cat-colheres","7":"product_tag-animais","8":"pa_motivo-touros","10":"first","11":"instock","12":"shipping-taxable","13":"product-type-simple"},"acf":[],"_links":{"self":[{"href":"https:\/\/olemosaic.orbitalia.org\/pt-pt\/wp-json\/wp\/v2\/product\/37320","targetHints":{"allow":["GET"]}}],"collection":[{"href":"https:\/\/olemosaic.orbitalia.org\/pt-pt\/wp-json\/wp\/v2\/product"}],"about":[{"href":"https:\/\/olemosaic.orbitalia.org\/pt-pt\/wp-json\/wp\/v2\/types\/product"}],"wp:featuredmedia":[{"embeddable":true,"href":"https:\/\/olemosaic.orbitalia.org\/pt-pt\/wp-json\/wp\/v2\/media\/8683"}],"wp:attachment":[{"href":"https:\/\/olemosaic.orbitalia.org\/pt-pt\/wp-json\/wp\/v2\/media?parent=37320"}],"wp:term":[{"taxonomy":"product_brand","embeddable":true,"href":"https:\/\/olemosaic.orbitalia.org\/pt-pt\/wp-json\/wp\/v2\/product_brand?post=37320"},{"taxonomy":"product_cat","embeddable":true,"href":"https:\/\/olemosaic.orbitalia.org\/pt-pt\/wp-json\/wp\/v2\/product_cat?post=37320"},{"taxonomy":"product_tag","embeddable":true,"href":"https:\/\/olemosaic.orbitalia.org\/pt-pt\/wp-json\/wp\/v2\/product_tag?post=37320"}],"curies":[{"name":"wp","href":"https:\/\/api.w.org\/{rel}","templated":true}]}}