{"id":37318,"date":"2025-02-20T23:37:33","date_gmt":"2025-02-20T22:37:33","guid":{"rendered":"https:\/\/olemosaic.orbitalia.org\/producto\/cortador-de-ceramica-toros-valencia\/"},"modified":"2025-07-25T19:24:09","modified_gmt":"2025-07-25T17:24:09","slug":"cortador-de-ceramica-touros-valencia","status":"publish","type":"product","link":"https:\/\/olemosaic.orbitalia.org\/pt-pt\/produto\/cortador-de-ceramica-touros-valencia\/","title":{"rendered":"Cortador de cer\u00e2mica. Touros. Val\u00eancia."},"content":{"rendered":"<p>Este cortador de cer\u00e2mica pintado \u00e0 m\u00e3o \u00e9 uma aut\u00eantica homenagem \u00e0 rica tradi\u00e7\u00e3o taurom\u00e1quica valenciana. Com um vibrante design que apresenta dois touros em mosaico, um vermelho ardente e outro azul luminoso, este utens\u00edlio de cozinha n\u00e3o \u00e9 apenas funcional, mas tamb\u00e9m uma magn\u00edfica pe\u00e7a decorativa. Os touros est\u00e3o rodeados de flores coloridas e elementos estilizados em tons quentes que evocam o sol, conferindo um ar festivo e alegre a qualquer espa\u00e7o culin\u00e1rio. A t\u00e9cnica de cer\u00e2mica empregada, combinada com um acabamento meticuloso, garante a durabilidade e a est\u00e9tica deste cortador, tornando-o uma excelente op\u00e7\u00e3o para quem valoriza a gastronomia e o folclore espanhol.<\/p>\n<p>Inspirado no esp\u00edrito vibrante das festas de Val\u00eancia, este cortador de cer\u00e2mica \u00e9 a recorda\u00e7\u00e3o perfeita para os turistas que procuram souvenirs aut\u00eanticos que reflitam a cultura local. Cada pe\u00e7a \u00e9 \u00fanica, o que assegura que adquire um produto exclusivo e de qualidade. Na Ol\u00e9 Mosaic, somos distribuidores grossistas de souvenirs de cer\u00e2mica, e este cortador representa n\u00e3o apenas a gastronomia, mas a pr\u00f3pria ess\u00eancia da cultura espanhola, sendo uma op\u00e7\u00e3o ideal para lojas que desejam oferecer produtos distintivos e de tradi\u00e7\u00e3o. Esta \u00e9 uma oportunidade imperd\u00edvel para levar um peda\u00e7o de Val\u00eancia para cada lar.<\/p>\n","protected":false},"excerpt":{"rendered":"<p>Cortador de cer\u00e2mica com design artesanal, pintado \u00e0 m\u00e3o, inspirado na tradi\u00e7\u00e3o taurom\u00e1quica valenciana. Este utens\u00edlio de cozinha apresenta um vibrante design de dois touros em mosaico, um vermelho e outro azul, rodeados de flores coloridas e s\u00f3is estilizados em tons quentes. A t\u00e9cnica de cer\u00e2mica e o acabamento detalhado tornam-no um elemento decorativo ideal para os amantes da gastronomia e do folclore espanhol, conferindo um toque aut\u00eantico e art\u00edstico a qualquer cozinha.<\/p>\n","protected":false},"featured_media":13956,"template":"","meta":{"_acf_changed":false},"product_brand":[],"product_cat":[797],"product_tag":[516,515],"class_list":{"0":"post-37318","1":"product","2":"type-product","3":"status-publish","4":"has-post-thumbnail","6":"product_cat-cortadores","7":"product_tag-animais","8":"product_tag-ceramica","9":"pa_ciudad-valencia","10":"pa_motivo-touros","11":"pa_pais-espana","13":"first","14":"instock","15":"shipping-taxable","16":"product-type-simple"},"acf":[],"_links":{"self":[{"href":"https:\/\/olemosaic.orbitalia.org\/pt-pt\/wp-json\/wp\/v2\/product\/37318","targetHints":{"allow":["GET"]}}],"collection":[{"href":"https:\/\/olemosaic.orbitalia.org\/pt-pt\/wp-json\/wp\/v2\/product"}],"about":[{"href":"https:\/\/olemosaic.orbitalia.org\/pt-pt\/wp-json\/wp\/v2\/types\/product"}],"wp:featuredmedia":[{"embeddable":true,"href":"https:\/\/olemosaic.orbitalia.org\/pt-pt\/wp-json\/wp\/v2\/media\/13956"}],"wp:attachment":[{"href":"https:\/\/olemosaic.orbitalia.org\/pt-pt\/wp-json\/wp\/v2\/media?parent=37318"}],"wp:term":[{"taxonomy":"product_brand","embeddable":true,"href":"https:\/\/olemosaic.orbitalia.org\/pt-pt\/wp-json\/wp\/v2\/product_brand?post=37318"},{"taxonomy":"product_cat","embeddable":true,"href":"https:\/\/olemosaic.orbitalia.org\/pt-pt\/wp-json\/wp\/v2\/product_cat?post=37318"},{"taxonomy":"product_tag","embeddable":true,"href":"https:\/\/olemosaic.orbitalia.org\/pt-pt\/wp-json\/wp\/v2\/product_tag?post=37318"}],"curies":[{"name":"wp","href":"https:\/\/api.w.org\/{rel}","templated":true}]}}