{"id":37312,"date":"2025-02-20T22:37:32","date_gmt":"2025-02-20T22:37:32","guid":{"rendered":"https:\/\/olemosaic.orbitalia.org\/producto\/cortador-de-ceramica-salamandra-lanzarote\/"},"modified":"2025-07-25T18:58:58","modified_gmt":"2025-07-25T16:58:58","slug":"cortador-de-ceramica-salamandra-lanzarote-pt-pt","status":"publish","type":"product","link":"https:\/\/olemosaic.orbitalia.org\/pt-pt\/produto\/cortador-de-ceramica-salamandra-lanzarote-pt-pt\/","title":{"rendered":"Cortador de cer\u00e2mica. Salamandra. Lanzarote."},"content":{"rendered":"<p>Este cortador de cer\u00e2mica decorativo, inspirado na fauna de Lanzarote, \u00e9 uma pe\u00e7a \u00fanica que funde funcionalidade e arte, tornando-o uma recorda\u00e7\u00e3o can\u00e1ria excecional. O seu design vibrante apresenta salamandras coloridas numa variedade de tonalidades, do azul ao vermelho e do verde ao amarelo, intercaladas com flores delicadas que acrescentam um toque fresco e alegre. O fundo de mosaico, caracter\u00edstico da arte local, evoca a rica biodiversidade de Lanzarote e a sua paisagem singular. Ideal tanto para um uso pr\u00e1tico na cozinha como para decorar a casa, este cortador reflete o esp\u00edrito criativo da ilha, onde a cer\u00e2mica se tornou um s\u00edmbolo da identidade cultural can\u00e1ria.<\/p>\n<p>Como recorda\u00e7\u00e3o de Lanzarote, este cortador capta a ess\u00eancia da ilha, um destino tur\u00edstico emblem\u00e1tico conhecido pela sua beleza natural e pela sua rica heran\u00e7a art\u00edstica. Na Ol\u00e9 Mosaic, orgulhamo-nos de oferecer recorda\u00e7\u00f5es aut\u00eanticas que representam o melhor da tradi\u00e7\u00e3o local. Este cortador de cer\u00e2mica \u00e9 uma excelente op\u00e7\u00e3o para lojas de presentes tur\u00edsticos, atraindo os turistas em busca de recorda\u00e7\u00f5es significativas que reflitam a sua experi\u00eancia em Lanzarote. O nosso compromisso como distribuidores de recorda\u00e7\u00f5es de qualidade assegura que cada pe\u00e7a, como este cortador, celebre a autenticidade e a beleza da cultura can\u00e1ria.<\/p>\n","protected":false},"excerpt":{"rendered":"<p>Cortador de cer\u00e2mica decorativo, inspirado na fauna de Lanzarote, com um design de salamandras e flores coloridas sobre um fundo de mosaico. Ideal para uso pr\u00e1tico e decorativo, este produto de cer\u00e2mica apresenta um acabamento vibrante com detalhes em azul, vermelho, verde e amarelo, que capta a ess\u00eancia da arte local e a biodiversidade do arquip\u00e9lago can\u00e1rio. Uma recorda\u00e7\u00e3o perfeita para recordar a beleza de Lanzarote.<\/p>\n","protected":false},"featured_media":13950,"template":"","meta":{"_acf_changed":false},"product_brand":[],"product_cat":[797],"product_tag":[516,515],"class_list":{"0":"post-37312","1":"product","2":"type-product","3":"status-publish","4":"has-post-thumbnail","6":"product_cat-cortadores","7":"product_tag-animais","8":"product_tag-ceramica","9":"pa_ciudad-lanzarote","10":"pa_motivo-salamandras","11":"pa_pais-espana","13":"first","14":"instock","15":"shipping-taxable","16":"product-type-simple"},"acf":[],"_links":{"self":[{"href":"https:\/\/olemosaic.orbitalia.org\/pt-pt\/wp-json\/wp\/v2\/product\/37312","targetHints":{"allow":["GET"]}}],"collection":[{"href":"https:\/\/olemosaic.orbitalia.org\/pt-pt\/wp-json\/wp\/v2\/product"}],"about":[{"href":"https:\/\/olemosaic.orbitalia.org\/pt-pt\/wp-json\/wp\/v2\/types\/product"}],"wp:featuredmedia":[{"embeddable":true,"href":"https:\/\/olemosaic.orbitalia.org\/pt-pt\/wp-json\/wp\/v2\/media\/13950"}],"wp:attachment":[{"href":"https:\/\/olemosaic.orbitalia.org\/pt-pt\/wp-json\/wp\/v2\/media?parent=37312"}],"wp:term":[{"taxonomy":"product_brand","embeddable":true,"href":"https:\/\/olemosaic.orbitalia.org\/pt-pt\/wp-json\/wp\/v2\/product_brand?post=37312"},{"taxonomy":"product_cat","embeddable":true,"href":"https:\/\/olemosaic.orbitalia.org\/pt-pt\/wp-json\/wp\/v2\/product_cat?post=37312"},{"taxonomy":"product_tag","embeddable":true,"href":"https:\/\/olemosaic.orbitalia.org\/pt-pt\/wp-json\/wp\/v2\/product_tag?post=37312"}],"curies":[{"name":"wp","href":"https:\/\/api.w.org\/{rel}","templated":true}]}}