{"id":37309,"date":"2025-02-20T22:37:31","date_gmt":"2025-02-20T22:37:31","guid":{"rendered":"https:\/\/olemosaic.orbitalia.org\/producto\/cortador-de-ceramica-salamandra-fuerteventura\/"},"modified":"2025-07-25T19:32:18","modified_gmt":"2025-07-25T17:32:18","slug":"cortador-de-ceramica-salamandra-fuerteventura-pt-pt","status":"publish","type":"product","link":"https:\/\/olemosaic.orbitalia.org\/pt-pt\/produto\/cortador-de-ceramica-salamandra-fuerteventura-pt-pt\/","title":{"rendered":"Cortador de cer\u00e2mica. Salamandra. Fuerteventura."},"content":{"rendered":"<p>Este cortador de cer\u00e2mica, decorado com um design vibrante de salamandras e flores, \u00e9 uma homenagem \u00e0 beleza natural de Fuerteventura. Confecionado em cer\u00e2mica de alta qualidade, este pr\u00e1tico utens\u00edlio apresenta um estilo colorido e atraente que se destaca pelos seus alegres motivos de mosaico, onde se combinam tons de verde, azul, laranja e vermelho. O fundo branco simula uma superf\u00edcie de mosaico, conferindo um toque art\u00edstico e moderno que real\u00e7a o seu apelo visual. Sobre esta composi\u00e7\u00e3o colorida, o texto &#8220;FUERTEVENTURA&#8221; situa-se na parte superior, ancorando o cortador \u00e0 sua origem insular e cultural.<\/p>\n<p>As salamandras, com a sua iconografia vibrante, representam n\u00e3o s\u00f3 a fauna aut\u00f3ctone de Fuerteventura, mas tamb\u00e9m a rica biodiversidade das Ilhas Can\u00e1rias. Este cortador n\u00e3o \u00e9 apenas uma ferramenta de cozinha essencial, mas tamb\u00e9m uma recorda\u00e7\u00e3o atraente que evoca as tradi\u00e7\u00f5es e a ess\u00eancia da ilha. Ideal para turistas que procuram recorda\u00e7\u00f5es aut\u00eanticas, este produto \u00e9 um reflexo do patrim\u00f3nio cultural e natural da regi\u00e3o. Na Ol\u00e9 Mosaic, distribuidor de recorda\u00e7\u00f5es por grosso, oferecemos este cortador de cer\u00e2mica como uma excelente op\u00e7\u00e3o para lojas de presentes tur\u00edsticos, garantindo que cada pe\u00e7a enfatize o car\u00e1ter \u00fanico e artesanal de Fuerteventura.<\/p>\n","protected":false},"excerpt":{"rendered":"<p>Cortador de cer\u00e2mica decorado com um design vibrante de salamandras e flores inspirado em Fuerteventura. Este pr\u00e1tico cortador, feito de cer\u00e2mica, apresenta um estilo colorido com motivos de mosaico, combinando tons de verde, azul, laranja e vermelho. O seu fundo branco simula um mosaico, acrescentando um toque art\u00edstico. Na parte superior, a inscri\u00e7\u00e3o &#8220;FUERTEVENTURA&#8221; completa esta recorda\u00e7\u00e3o que evoca a ess\u00eancia e a beleza da ilha.<\/p>\n","protected":false},"featured_media":13948,"template":"","meta":{"_acf_changed":false},"product_brand":[],"product_cat":[797],"product_tag":[516,515],"class_list":{"0":"post-37309","1":"product","2":"type-product","3":"status-publish","4":"has-post-thumbnail","6":"product_cat-cortadores","7":"product_tag-animais","8":"product_tag-ceramica","9":"pa_ciudad-fuerteventura","10":"pa_motivo-salamandras","11":"pa_pais-espana","13":"first","14":"instock","15":"shipping-taxable","16":"product-type-simple"},"acf":[],"_links":{"self":[{"href":"https:\/\/olemosaic.orbitalia.org\/pt-pt\/wp-json\/wp\/v2\/product\/37309","targetHints":{"allow":["GET"]}}],"collection":[{"href":"https:\/\/olemosaic.orbitalia.org\/pt-pt\/wp-json\/wp\/v2\/product"}],"about":[{"href":"https:\/\/olemosaic.orbitalia.org\/pt-pt\/wp-json\/wp\/v2\/types\/product"}],"wp:featuredmedia":[{"embeddable":true,"href":"https:\/\/olemosaic.orbitalia.org\/pt-pt\/wp-json\/wp\/v2\/media\/13948"}],"wp:attachment":[{"href":"https:\/\/olemosaic.orbitalia.org\/pt-pt\/wp-json\/wp\/v2\/media?parent=37309"}],"wp:term":[{"taxonomy":"product_brand","embeddable":true,"href":"https:\/\/olemosaic.orbitalia.org\/pt-pt\/wp-json\/wp\/v2\/product_brand?post=37309"},{"taxonomy":"product_cat","embeddable":true,"href":"https:\/\/olemosaic.orbitalia.org\/pt-pt\/wp-json\/wp\/v2\/product_cat?post=37309"},{"taxonomy":"product_tag","embeddable":true,"href":"https:\/\/olemosaic.orbitalia.org\/pt-pt\/wp-json\/wp\/v2\/product_tag?post=37309"}],"curies":[{"name":"wp","href":"https:\/\/api.w.org\/{rel}","templated":true}]}}