{"id":37308,"date":"2025-02-20T22:37:31","date_gmt":"2025-02-20T22:37:31","guid":{"rendered":"https:\/\/olemosaic.orbitalia.org\/producto\/cortador-de-ceramica-salamandra-y-flores-lanzarote\/"},"modified":"2025-07-25T18:37:24","modified_gmt":"2025-07-25T16:37:24","slug":"cortador-de-ceramica-salamandra-e-flores-lanzarote","status":"publish","type":"product","link":"https:\/\/olemosaic.orbitalia.org\/pt-pt\/produto\/cortador-de-ceramica-salamandra-e-flores-lanzarote\/","title":{"rendered":"Cortador de cer\u00e2mica. Salamandra e flores. Lanzarote."},"content":{"rendered":"<p>Este cortador de cer\u00e2mica, decorado com um design vibrante de salamandras e flores, \u00e9 um reflexo aut\u00eantico da arte t\u00edpica de Lanzarote. Com um acabamento em cores brilhantes, este acess\u00f3rio destaca-se pelas suas formas de mosaico, evocando a rica fauna e flora da ilha. O fundo cinzento real\u00e7a perfeitamente os detalhes em vermelho, azul e amarelo, que simbolizam o folclore local e a beleza natural de Lanzarote.<\/p>\n<p>As salamandras, representadas num estilo gr\u00e1fico atraente, d\u00e3o vida ao cortador, enquanto as flores acrescentam um toque de frescura e colorido, tornando-o uma pe\u00e7a funcional que, al\u00e9m disso, serve como objeto decorativo. A clara inspira\u00e7\u00e3o nos padr\u00f5es can\u00e1rios observa-se no texto &#8220;Lanzarote&#8221;, que acrescenta um car\u00e1ter distintivo, fazendo deste cortador uma recorda\u00e7\u00e3o ideal para os visitantes que procuram levar um peda\u00e7o da ilha.<\/p>\n<p>A Ol\u00e9 Mosaic, como distribuidor de recorda\u00e7\u00f5es por grosso, oferece este produto como uma excelente op\u00e7\u00e3o para as lojas de presentes tur\u00edsticos que procuram adicionar autenticidade e relev\u00e2ncia cultural ao seu cat\u00e1logo. Este cortador de cer\u00e2mica n\u00e3o s\u00f3 simboliza a cultura de Lanzarote, como tamb\u00e9m representa uma recorda\u00e7\u00e3o maravilhosa, perfeita para os turistas que desejam recordar a sua experi\u00eancia nesta bela e vibrante ilha.<\/p>\n","protected":false},"excerpt":{"rendered":"<p>Cortador de cer\u00e2mica decorado com um design vibrante de salamandras e flores, inspirado na arte t\u00edpica de Lanzarote. Este pr\u00e1tico acess\u00f3rio apresenta um acabamento em cores brilhantes e formas de mosaico que evocam a rica fauna e flora da ilha. O fundo cinzento real\u00e7a os detalhes em vermelho, azul e amarelo, que representam o folclore local, enquanto o texto &#8220;Lanzarote&#8221; acrescenta um toque distintivo e atraente para os visitantes. Ideal para dar um toque can\u00e1rio aos seus utens\u00edlios de cozinha.<\/p>\n","protected":false},"featured_media":13947,"template":"","meta":{"_acf_changed":false},"product_brand":[],"product_cat":[797],"product_tag":[516,515],"class_list":{"0":"post-37308","1":"product","2":"type-product","3":"status-publish","4":"has-post-thumbnail","6":"product_cat-cortadores","7":"product_tag-animais","8":"product_tag-ceramica","9":"pa_ciudad-lanzarote","10":"pa_motivo-salamandras","11":"pa_pais-espana","13":"first","14":"instock","15":"shipping-taxable","16":"product-type-simple"},"acf":[],"_links":{"self":[{"href":"https:\/\/olemosaic.orbitalia.org\/pt-pt\/wp-json\/wp\/v2\/product\/37308","targetHints":{"allow":["GET"]}}],"collection":[{"href":"https:\/\/olemosaic.orbitalia.org\/pt-pt\/wp-json\/wp\/v2\/product"}],"about":[{"href":"https:\/\/olemosaic.orbitalia.org\/pt-pt\/wp-json\/wp\/v2\/types\/product"}],"wp:featuredmedia":[{"embeddable":true,"href":"https:\/\/olemosaic.orbitalia.org\/pt-pt\/wp-json\/wp\/v2\/media\/13947"}],"wp:attachment":[{"href":"https:\/\/olemosaic.orbitalia.org\/pt-pt\/wp-json\/wp\/v2\/media?parent=37308"}],"wp:term":[{"taxonomy":"product_brand","embeddable":true,"href":"https:\/\/olemosaic.orbitalia.org\/pt-pt\/wp-json\/wp\/v2\/product_brand?post=37308"},{"taxonomy":"product_cat","embeddable":true,"href":"https:\/\/olemosaic.orbitalia.org\/pt-pt\/wp-json\/wp\/v2\/product_cat?post=37308"},{"taxonomy":"product_tag","embeddable":true,"href":"https:\/\/olemosaic.orbitalia.org\/pt-pt\/wp-json\/wp\/v2\/product_tag?post=37308"}],"curies":[{"name":"wp","href":"https:\/\/api.w.org\/{rel}","templated":true}]}}