{"id":37298,"date":"2025-02-20T23:37:29","date_gmt":"2025-02-20T22:37:29","guid":{"rendered":"https:\/\/olemosaic.orbitalia.org\/producto\/cortador-de-ceramica-salamandra-tenerife\/"},"modified":"2025-07-25T18:35:27","modified_gmt":"2025-07-25T16:35:27","slug":"cortador-de-ceramica-salamandra-tenerife-branco","status":"publish","type":"product","link":"https:\/\/olemosaic.orbitalia.org\/pt-pt\/produto\/cortador-de-ceramica-salamandra-tenerife-branco\/","title":{"rendered":"Cortador de cer\u00e2mica. Salamandra. Tenerife. Branco."},"content":{"rendered":"<p>Este cortador de cer\u00e2mica, decorado com vibrantes motivos de salamandras, \u00e9 uma verdadeira homenagem \u00e0 biodiversidade de Tenerife. Ideal para artistas e amantes da arte, este pr\u00e1tico utens\u00edlio n\u00e3o \u00e9 apenas funcional para cortar e dar forma \u00e0 argila, mas tamb\u00e9m funciona como uma pe\u00e7a de decora\u00e7\u00e3o art\u00edstica. O design apresenta salamandras coloridas em tons de vermelho, azul e verde, entrela\u00e7adas com delicadas flores mate sobre um fundo branco, evocando a fauna e flora \u00fanicas das Ilhas Can\u00e1rias. Adornado com um cativante design de mosaico, este cortador reflete o estilo arquitet\u00f3nico e o folclore de Tenerife, onde a cultura e a natureza se entrela\u00e7am de forma inigual\u00e1vel.<\/p>\n<p>Ao utilizar este cortador, n\u00e3o estar\u00e1 apenas a criar belas pe\u00e7as de cer\u00e2mica, mas tamb\u00e9m levar\u00e1 consigo um peda\u00e7o do rico patrim\u00f3nio cultural can\u00e1rio. Na Ol\u00e9 Mosaic, reconhecemos a import\u00e2ncia dos souvenirs aut\u00eanticos e relevantes, e este cortador \u00e9 uma excelente op\u00e7\u00e3o para lojas de presentes tur\u00edsticos que procuram oferecer produtos distintivos e de qualidade. Com a sua combina\u00e7\u00e3o de utilidade e est\u00e9tica, este cortador de cer\u00e2mica decorado posiciona-se como um souvenir ideal para aqueles que desejam levar uma recorda\u00e7\u00e3o aut\u00eantica de Tenerife, bem como um testemunho da sua arte e natureza. Como grossistas de cortadores de cer\u00e2mica, garantimos o melhor design e autenticidade em cada pe\u00e7a que oferecemos.<\/p>\n","protected":false},"excerpt":{"rendered":"<p>Cortador de cer\u00e2mica decorado com motivos coloridos de salamandras, que representam a biodiversidade de Tenerife. Este pr\u00e1tico utens\u00edlio, ideal para cortar e dar forma \u00e0 argila, est\u00e1 adornado com um vibrante design de mosaico que inclui flores em tons de azul, vermelho e amarelo sobre fundo branco. Com o seu apelo visual e a sua liga\u00e7\u00e3o \u00e0 cultura can\u00e1ria, este cortador \u00e9 perfeito para os amantes da arte e da cer\u00e2mica.<\/p>\n","protected":false},"featured_media":13937,"template":"","meta":{"_acf_changed":false},"product_brand":[],"product_cat":[797],"product_tag":[516,515],"class_list":{"0":"post-37298","1":"product","2":"type-product","3":"status-publish","4":"has-post-thumbnail","6":"product_cat-cortadores","7":"product_tag-animais","8":"product_tag-ceramica","9":"pa_ciudad-tenerife","10":"pa_motivo-salamandras","11":"pa_pais-espana","13":"first","14":"instock","15":"shipping-taxable","16":"product-type-simple"},"acf":[],"_links":{"self":[{"href":"https:\/\/olemosaic.orbitalia.org\/pt-pt\/wp-json\/wp\/v2\/product\/37298","targetHints":{"allow":["GET"]}}],"collection":[{"href":"https:\/\/olemosaic.orbitalia.org\/pt-pt\/wp-json\/wp\/v2\/product"}],"about":[{"href":"https:\/\/olemosaic.orbitalia.org\/pt-pt\/wp-json\/wp\/v2\/types\/product"}],"wp:featuredmedia":[{"embeddable":true,"href":"https:\/\/olemosaic.orbitalia.org\/pt-pt\/wp-json\/wp\/v2\/media\/13937"}],"wp:attachment":[{"href":"https:\/\/olemosaic.orbitalia.org\/pt-pt\/wp-json\/wp\/v2\/media?parent=37298"}],"wp:term":[{"taxonomy":"product_brand","embeddable":true,"href":"https:\/\/olemosaic.orbitalia.org\/pt-pt\/wp-json\/wp\/v2\/product_brand?post=37298"},{"taxonomy":"product_cat","embeddable":true,"href":"https:\/\/olemosaic.orbitalia.org\/pt-pt\/wp-json\/wp\/v2\/product_cat?post=37298"},{"taxonomy":"product_tag","embeddable":true,"href":"https:\/\/olemosaic.orbitalia.org\/pt-pt\/wp-json\/wp\/v2\/product_tag?post=37298"}],"curies":[{"name":"wp","href":"https:\/\/api.w.org\/{rel}","templated":true}]}}