{"id":37289,"date":"2025-02-20T23:37:27","date_gmt":"2025-02-20T22:37:27","guid":{"rendered":"https:\/\/olemosaic.orbitalia.org\/producto\/4-bols-de-coco-de-13-x-6-cm-caballito-de-mar-mallorca-5\/"},"modified":"2025-07-25T19:06:04","modified_gmt":"2025-07-25T17:06:04","slug":"4-tacas-de-coco-de-13-x-6-cm-cavalo-marinho-maiorca-pt-pt-2","status":"publish","type":"product","link":"https:\/\/olemosaic.orbitalia.org\/pt-pt\/produto\/4-tacas-de-coco-de-13-x-6-cm-cavalo-marinho-maiorca-pt-pt-2\/","title":{"rendered":"4 Ta\u00e7as de coco de 13 x 6 cm. Mosaico. Cavalo-marinho. Maiorca."},"content":{"rendered":"<p>Este conjunto de quatro ta\u00e7as de coco, de 13 x 6 cm, \u00e9 uma vibrante amostra do folclore balear, adornadas com elegantes motivos de cavalos-marinhos que evocam a beleza marinha de Maiorca. Cada ta\u00e7a, pintada \u00e0 m\u00e3o, apresenta tons brilhantes e chamativos: um azul profundo, um vermelho vibrante, um laranja quente e um rosa delicado, que juntos criam uma explos\u00e3o de cor que iluminar\u00e1 qualquer mesa ou canto do seu lar. O design de mosaico que emoldura os cavalos-marinhos n\u00e3o s\u00f3 refor\u00e7a o seu apelo visual, como tamb\u00e9m liga os turistas \u00e0 rica tradi\u00e7\u00e3o artesanal da ilha.<\/p>\n<p>Estas ta\u00e7as n\u00e3o s\u00e3o apenas utens\u00edlios para servir aperitivos; s\u00e3o aut\u00eanticas pe\u00e7as decorativas que transportam um pedacinho da ess\u00eancia maiorquina. Ideais para quem procura souvenirs de Maiorca que sejam simultaneamente funcionais e esteticamente agrad\u00e1veis, cada ta\u00e7a torna-se uma recorda\u00e7\u00e3o tang\u00edvel das belas praias e do encanto do mar Mediterr\u00e2neo. Na Ol\u00e9 Mosaic, especializamo-nos na distribui\u00e7\u00e3o de souvenirs por grosso e este conjunto de ta\u00e7as de coco \u00e9 perfeito para lojas de presentes tur\u00edsticos que desejem oferecer aos seus clientes recorda\u00e7\u00f5es aut\u00eanticas e significativas da cultura local. Ao escolher estas ta\u00e7as, n\u00e3o se opta apenas por um produto atrativo, mas tamb\u00e9m por um v\u00ednculo cultural que celebra a rica heran\u00e7a de Maiorca.<\/p>\n","protected":false},"excerpt":{"rendered":"<p>Conjunto de quatro ta\u00e7as de coco de 13 x 6 cm, decoradas com motivos de cavalos-marinhos, representativos da beleza marinha de Maiorca. Cada ta\u00e7a apresenta uma cor vibrante: azul, vermelho, laranja e rosa, complementada com um design de mosaico que real\u00e7a o seu apelo. Acabadas \u00e0 m\u00e3o, estas ta\u00e7as s\u00e3o ideais para servir aperitivos ou como elemento decorativo, levando consigo um peda\u00e7o do encantador folclore balear.<\/p>\n","protected":false},"featured_media":13928,"template":"","meta":{"_acf_changed":false},"product_brand":[],"product_cat":[513],"product_tag":[516],"class_list":{"0":"post-37289","1":"product","2":"type-product","3":"status-publish","4":"has-post-thumbnail","6":"product_cat-bols","7":"product_tag-animais","8":"pa_ciudad-mallorca","9":"pa_motivo-cavalos-marinhos","10":"pa_pais-espana","12":"first","13":"instock","14":"shipping-taxable","15":"product-type-simple"},"acf":[],"_links":{"self":[{"href":"https:\/\/olemosaic.orbitalia.org\/pt-pt\/wp-json\/wp\/v2\/product\/37289","targetHints":{"allow":["GET"]}}],"collection":[{"href":"https:\/\/olemosaic.orbitalia.org\/pt-pt\/wp-json\/wp\/v2\/product"}],"about":[{"href":"https:\/\/olemosaic.orbitalia.org\/pt-pt\/wp-json\/wp\/v2\/types\/product"}],"wp:featuredmedia":[{"embeddable":true,"href":"https:\/\/olemosaic.orbitalia.org\/pt-pt\/wp-json\/wp\/v2\/media\/13928"}],"wp:attachment":[{"href":"https:\/\/olemosaic.orbitalia.org\/pt-pt\/wp-json\/wp\/v2\/media?parent=37289"}],"wp:term":[{"taxonomy":"product_brand","embeddable":true,"href":"https:\/\/olemosaic.orbitalia.org\/pt-pt\/wp-json\/wp\/v2\/product_brand?post=37289"},{"taxonomy":"product_cat","embeddable":true,"href":"https:\/\/olemosaic.orbitalia.org\/pt-pt\/wp-json\/wp\/v2\/product_cat?post=37289"},{"taxonomy":"product_tag","embeddable":true,"href":"https:\/\/olemosaic.orbitalia.org\/pt-pt\/wp-json\/wp\/v2\/product_tag?post=37289"}],"curies":[{"name":"wp","href":"https:\/\/api.w.org\/{rel}","templated":true}]}}