{"id":37286,"date":"2025-02-20T22:37:27","date_gmt":"2025-02-20T22:37:27","guid":{"rendered":"https:\/\/olemosaic.orbitalia.org\/producto\/4-bols-de-coco-de-13-x-6-cm-mosaico\/"},"modified":"2025-07-25T18:54:41","modified_gmt":"2025-07-25T16:54:41","slug":"4-tacas-de-coco-de-13-x-6-cm-mosaico","status":"publish","type":"product","link":"https:\/\/olemosaic.orbitalia.org\/pt-pt\/produto\/4-tacas-de-coco-de-13-x-6-cm-mosaico\/","title":{"rendered":"4 Ta\u00e7as de coco de 13 x 6 cm. Mosaico."},"content":{"rendered":"<p>Este jogo de 4 ta\u00e7as de coco \u00e9 uma op\u00e7\u00e3o irresist\u00edvel, colorida e vibrante, ideal para quem procura recorda\u00e7\u00f5es aut\u00eanticas e decorativas das tradi\u00e7\u00f5es costeiras. Cada ta\u00e7a, com medidas de 13 x 6 cm, est\u00e1 meticulosamente decorada com um cativante design de mosaico que apresenta uma alegre mistura de cores: azuis, rosas, roxos e amarelos. Este chamativo efeito visual n\u00e3o s\u00f3 atrai a aten\u00e7\u00e3o, como celebra a rica heran\u00e7a artesanal das regi\u00f5es costeiras, onde a t\u00e9cnica do mosaico foi aperfei\u00e7oada ao longo dos anos.<\/p>\n<p>A superf\u00edcie de cada ta\u00e7a est\u00e1 adornada com intrincados padr\u00f5es de mosaico que refletem a luz de maneira encantadora, proporcionando um ar de frescura e vitalidade a qualquer mesa. Estas ta\u00e7as s\u00e3o perfeitas n\u00e3o s\u00f3 para servir aperitivos ou saladas, mas tamb\u00e9m como pe\u00e7as decorativas que embelezam qualquer ambiente. A autenticidade destes produtos destaca a sua liga\u00e7\u00e3o com as tradi\u00e7\u00f5es culturais de Espanha, tornando-os presentes ideais para turistas que procuram recorda\u00e7\u00f5es memor\u00e1veis e significativas.<\/p>\n<p>Na Ol\u00e9 Mosaic, orgulhamo-nos de ser distribuidores de produtos artesanais por grosso, e este jogo de ta\u00e7as de coco \u00e9 uma adi\u00e7\u00e3o excecional \u00e0 cole\u00e7\u00e3o de souvenirs. Perfeitos para lojas de presentes tur\u00edsticos que desejam oferecer aos seus clientes uma representa\u00e7\u00e3o aut\u00eantica e colorida da cultura espanhola, garantem qualidade e originalidade em cada pe\u00e7a.<\/p>\n","protected":false},"excerpt":{"rendered":"<p>Conjunto de 4 ta\u00e7as de coco de 13 x 6 cm, decoradas com um vibrante design de mosaico. Cada ta\u00e7a apresenta uma mistura de cores que inclui tons de azul, rosa, roxo e amarelo, criando um efeito visual atraente e cheio de vida. A sua t\u00e9cnica de mosaico confere um car\u00e1ter artesanal que evoca a tradi\u00e7\u00e3o cer\u00e2mica das regi\u00f5es costeiras, ideais para servir aperitivos ou como elemento decorativo em qualquer lar. Perfeitas para adicionar um toque de cor a qualquer mesa.<\/p>\n","protected":false},"featured_media":13925,"template":"","meta":{"_acf_changed":false},"product_brand":[],"product_cat":[513],"product_tag":[],"class_list":{"0":"post-37286","1":"product","2":"type-product","3":"status-publish","4":"has-post-thumbnail","6":"product_cat-bols","7":"pa_motivo-mosaico","9":"first","10":"instock","11":"shipping-taxable","12":"product-type-simple"},"acf":[],"_links":{"self":[{"href":"https:\/\/olemosaic.orbitalia.org\/pt-pt\/wp-json\/wp\/v2\/product\/37286","targetHints":{"allow":["GET"]}}],"collection":[{"href":"https:\/\/olemosaic.orbitalia.org\/pt-pt\/wp-json\/wp\/v2\/product"}],"about":[{"href":"https:\/\/olemosaic.orbitalia.org\/pt-pt\/wp-json\/wp\/v2\/types\/product"}],"wp:featuredmedia":[{"embeddable":true,"href":"https:\/\/olemosaic.orbitalia.org\/pt-pt\/wp-json\/wp\/v2\/media\/13925"}],"wp:attachment":[{"href":"https:\/\/olemosaic.orbitalia.org\/pt-pt\/wp-json\/wp\/v2\/media?parent=37286"}],"wp:term":[{"taxonomy":"product_brand","embeddable":true,"href":"https:\/\/olemosaic.orbitalia.org\/pt-pt\/wp-json\/wp\/v2\/product_brand?post=37286"},{"taxonomy":"product_cat","embeddable":true,"href":"https:\/\/olemosaic.orbitalia.org\/pt-pt\/wp-json\/wp\/v2\/product_cat?post=37286"},{"taxonomy":"product_tag","embeddable":true,"href":"https:\/\/olemosaic.orbitalia.org\/pt-pt\/wp-json\/wp\/v2\/product_tag?post=37286"}],"curies":[{"name":"wp","href":"https:\/\/api.w.org\/{rel}","templated":true}]}}