{"id":37285,"date":"2025-02-20T23:37:27","date_gmt":"2025-02-20T22:37:27","guid":{"rendered":"https:\/\/olemosaic.orbitalia.org\/producto\/4-bols-de-coco-de-13-x-6-cm-mariposa-4\/"},"modified":"2025-07-25T19:53:42","modified_gmt":"2025-07-25T17:53:42","slug":"4-tacas-de-coco-de-13-x-6-cm-borboleta-4","status":"publish","type":"product","link":"https:\/\/olemosaic.orbitalia.org\/pt-pt\/produto\/4-tacas-de-coco-de-13-x-6-cm-borboleta-4\/","title":{"rendered":"4 Ta\u00e7as de coco de 13 x 6 cm. Borboleta."},"content":{"rendered":"<p>Este conjunto de 4 ta\u00e7as de coco de 13 x 6 cm \u00e9 uma pe\u00e7a \u00fanica que combina funcionalidade e est\u00e9tica, perfeita para qualquer ambiente. Cada ta\u00e7a est\u00e1 meticulosamente decorada com um elegante design de borboleta, que real\u00e7a o seu apelo visual e a sua liga\u00e7\u00e3o com a natureza. As cores vibrantes \u2014 azul, vermelho, laranja e dourado \u2014 trazem uma energia alegre e sofisticada, enquanto a textura do coco adiciona uma dimens\u00e3o natural e r\u00fastica a cada pe\u00e7a. A t\u00e9cnica de pintura \u00e0 m\u00e3o garante um acabamento artesanal, o que significa que cada ta\u00e7a \u00e9 realmente singular, com matizes e detalhes que refletem o talento dos artes\u00e3os que as criam.<\/p>\n<p>O delicado recorte de borboleta no centro de cada ta\u00e7a n\u00e3o s\u00f3 embeleza, como simboliza transforma\u00e7\u00f5es e novos come\u00e7os, aspetos profundamente enraizados na cultura de diferentes regi\u00f5es. Estas ta\u00e7as s\u00e3o ideais para servir aperitivos em reuni\u00f5es ou como um elegante elemento decorativo que trar\u00e1 um toque ex\u00f3tico a qualquer lar. Com a sua autenticidade e qualidade, este conjunto torna-se uma recorda\u00e7\u00e3o representativa da rica heran\u00e7a artesanal que encontramos em diversas culturas. Na Ol\u00e9 Mosaic, orgulhamo-nos de oferecer souvenirs que n\u00e3o s\u00f3 s\u00e3o belos, como tamb\u00e9m contam hist\u00f3rias, e este conjunto de ta\u00e7as de coco \u00e9 uma op\u00e7\u00e3o excecional para lojas de presentes tur\u00edsticos que procuram produtos aut\u00eanticos e culturalmente significativos.<\/p>\n","protected":false},"excerpt":{"rendered":"<p>Conjunto de 4 ta\u00e7as de coco de 13 x 6 cm, decoradas com um elegante design de borboleta. Cada ta\u00e7a apresenta um acabamento em cores vibrantes: azul, vermelho, laranja e dourado, que real\u00e7am a sua textura \u00fanica. A t\u00e9cnica de pintura \u00e0 m\u00e3o garante um toque artesanal, enquanto o delicado recorte de borboleta no centro adiciona um apelo distintivo. Ideais para servir aperitivos ou como elemento decorativo elegante, estas ta\u00e7as refletem a beleza natural e a arte tradicional.<\/p>\n","protected":false},"featured_media":13924,"template":"","meta":{"_acf_changed":false},"product_brand":[],"product_cat":[513],"product_tag":[516],"class_list":{"0":"post-37285","1":"product","2":"type-product","3":"status-publish","4":"has-post-thumbnail","6":"product_cat-bols","7":"product_tag-animais","8":"pa_motivo-borboletas","10":"first","11":"instock","12":"shipping-taxable","13":"product-type-simple"},"acf":[],"_links":{"self":[{"href":"https:\/\/olemosaic.orbitalia.org\/pt-pt\/wp-json\/wp\/v2\/product\/37285","targetHints":{"allow":["GET"]}}],"collection":[{"href":"https:\/\/olemosaic.orbitalia.org\/pt-pt\/wp-json\/wp\/v2\/product"}],"about":[{"href":"https:\/\/olemosaic.orbitalia.org\/pt-pt\/wp-json\/wp\/v2\/types\/product"}],"wp:featuredmedia":[{"embeddable":true,"href":"https:\/\/olemosaic.orbitalia.org\/pt-pt\/wp-json\/wp\/v2\/media\/13924"}],"wp:attachment":[{"href":"https:\/\/olemosaic.orbitalia.org\/pt-pt\/wp-json\/wp\/v2\/media?parent=37285"}],"wp:term":[{"taxonomy":"product_brand","embeddable":true,"href":"https:\/\/olemosaic.orbitalia.org\/pt-pt\/wp-json\/wp\/v2\/product_brand?post=37285"},{"taxonomy":"product_cat","embeddable":true,"href":"https:\/\/olemosaic.orbitalia.org\/pt-pt\/wp-json\/wp\/v2\/product_cat?post=37285"},{"taxonomy":"product_tag","embeddable":true,"href":"https:\/\/olemosaic.orbitalia.org\/pt-pt\/wp-json\/wp\/v2\/product_tag?post=37285"}],"curies":[{"name":"wp","href":"https:\/\/api.w.org\/{rel}","templated":true}]}}