{"id":37279,"date":"2025-02-20T23:37:26","date_gmt":"2025-02-20T22:37:26","guid":{"rendered":"https:\/\/olemosaic.orbitalia.org\/producto\/4-bols-de-coco-de-13-x-6-cm-ibiscus-4\/"},"modified":"2025-07-25T18:44:54","modified_gmt":"2025-07-25T16:44:54","slug":"4-tacas-de-coco-de-13-x-6-cm-hibisco-4","status":"publish","type":"product","link":"https:\/\/olemosaic.orbitalia.org\/pt-pt\/produto\/4-tacas-de-coco-de-13-x-6-cm-hibisco-4\/","title":{"rendered":"4 Ta\u00e7as de coco de 13 x 6 cm. Padr\u00e3o de cora\u00e7\u00f5es. Hibisco."},"content":{"rendered":"<p>Este conjunto de quatro ta\u00e7as de coco decoradas com motivos de hibisco \u00e9 uma amostra vibrante e colorida de artesanato tropical. Com 13 cm de di\u00e2metro e 6 cm de altura, cada ta\u00e7a exibe um design pintado \u00e0 m\u00e3o em cores intensas: azul, vermelho, amarelo e f\u00facsia. No centro, um delicado hibisco, s\u00edmbolo de beleza e delicadeza, \u00e9 rodeado por alegres padr\u00f5es de cora\u00e7\u00f5es que criam um encantador contraste visual.<\/p>\n<p>A textura natural do coco confere um toque aut\u00eantico e r\u00fastico, real\u00e7ando a liga\u00e7\u00e3o com a cultura artesanal das regi\u00f5es tropicais. O acabamento brilhante n\u00e3o s\u00f3 embeleza o produto, como tamb\u00e9m o torna uma excelente op\u00e7\u00e3o tanto para servir aperitivos como para decorar qualquer casa, adicionando um ar festivo e alegre a qualquer ocasi\u00e3o.<\/p>\n<p>Este conjunto de ta\u00e7as \u00e9 um souvenir ideal que encapsula a ess\u00eancia estival das costas mediterr\u00e2nicas. O seu design \u00fanico torna-o um presente perfeito para quem procura levar para casa um peda\u00e7o da cultura local. Na Ol\u00e9 Mosaic somos distribuidores de souvenirs aut\u00eanticos e de qualidade, perfeitos para lojas de presentes tur\u00edsticos que desejam oferecer produtos representativos da rica heran\u00e7a cultural de Espanha e Portugal. Estas ta\u00e7as de coco s\u00e3o uma op\u00e7\u00e3o excecional para atrair clientes que procuram souvenirs memor\u00e1veis e com car\u00e1cter.<\/p>\n","protected":false},"excerpt":{"rendered":"<p>Conjunto de 4 ta\u00e7as de coco de 13 x 6 cm, decoradas com motivos de hibisco. Cada ta\u00e7a apresenta cores vibrantes: azul, vermelho, amarelo e f\u00facsia, com um design artesanal, pintado \u00e0 m\u00e3o, que real\u00e7a o delicado hibisco no centro. A textura natural do coco confere um toque aut\u00eantico, enquanto o acabamento brilhante e os padr\u00f5es de cora\u00e7\u00f5es ao redor criam um contraste atraente e festivo. Ideais para servir aperitivos ou como elementos decorativos em qualquer casa.<\/p>\n","protected":false},"featured_media":13918,"template":"","meta":{"_acf_changed":false},"product_brand":[],"product_cat":[513],"product_tag":[],"class_list":{"0":"post-37279","1":"product","2":"type-product","3":"status-publish","4":"has-post-thumbnail","6":"product_cat-bols","7":"pa_motivo-hibisco","9":"first","10":"instock","11":"shipping-taxable","12":"product-type-simple"},"acf":[],"_links":{"self":[{"href":"https:\/\/olemosaic.orbitalia.org\/pt-pt\/wp-json\/wp\/v2\/product\/37279","targetHints":{"allow":["GET"]}}],"collection":[{"href":"https:\/\/olemosaic.orbitalia.org\/pt-pt\/wp-json\/wp\/v2\/product"}],"about":[{"href":"https:\/\/olemosaic.orbitalia.org\/pt-pt\/wp-json\/wp\/v2\/types\/product"}],"wp:featuredmedia":[{"embeddable":true,"href":"https:\/\/olemosaic.orbitalia.org\/pt-pt\/wp-json\/wp\/v2\/media\/13918"}],"wp:attachment":[{"href":"https:\/\/olemosaic.orbitalia.org\/pt-pt\/wp-json\/wp\/v2\/media?parent=37279"}],"wp:term":[{"taxonomy":"product_brand","embeddable":true,"href":"https:\/\/olemosaic.orbitalia.org\/pt-pt\/wp-json\/wp\/v2\/product_brand?post=37279"},{"taxonomy":"product_cat","embeddable":true,"href":"https:\/\/olemosaic.orbitalia.org\/pt-pt\/wp-json\/wp\/v2\/product_cat?post=37279"},{"taxonomy":"product_tag","embeddable":true,"href":"https:\/\/olemosaic.orbitalia.org\/pt-pt\/wp-json\/wp\/v2\/product_tag?post=37279"}],"curies":[{"name":"wp","href":"https:\/\/api.w.org\/{rel}","templated":true}]}}