{"id":37277,"date":"2025-02-20T23:37:25","date_gmt":"2025-02-20T22:37:25","guid":{"rendered":"https:\/\/olemosaic.orbitalia.org\/producto\/4-bols-de-coco-de-13-x-6-cm-caballito-de-mar-mallorca-4\/"},"modified":"2025-07-25T19:26:54","modified_gmt":"2025-07-25T17:26:54","slug":"4-tacas-de-coco-de-13-x-6-cm-cavalo-marinho-maiorca-4","status":"publish","type":"product","link":"https:\/\/olemosaic.orbitalia.org\/pt-pt\/produto\/4-tacas-de-coco-de-13-x-6-cm-cavalo-marinho-maiorca-4\/","title":{"rendered":"4 Ta\u00e7as de coco de 13 x 6 cm. Cavalo-marinho. Design em Mosaico. Maiorca."},"content":{"rendered":"<p>Este conjunto de 4 ta\u00e7as de coco, de 13 x 6 cm, \u00e9 uma homenagem \u00e0 beleza natural de Maiorca. Decoradas com encantadores motivos de cavalos-marinhos e detalhes vibrantes, captam a ess\u00eancia do Mediterr\u00e2neo. Cada ta\u00e7a apresenta um acabamento de mosaico em tons de azul, rosa, amarelo e transparente, criando um design atraente e distinto que se destacar\u00e1 em qualquer mesa. Os cavalos-marinhos, s\u00edmbolos de tranquilidade e boa sorte, est\u00e3o subtilmente desenhados, acrescentando um toque de sofistica\u00e7\u00e3o e autenticidade a cada pe\u00e7a.<\/p>\n<p>O uso de materiais sustent\u00e1veis e a arte do artesanato local refletem-se na qualidade destas ta\u00e7as, ideais para servir aperitivos ou como elementos decorativos em qualquer casa. A combina\u00e7\u00e3o de colorido e design l\u00fadico evoca as quentes e ensolaradas jornadas de ver\u00e3o nas costas de Maiorca, tornando-as uma recorda\u00e7\u00e3o perfeita da ilha.<\/p>\n<p>Na Ol\u00e9 Mosaic, especializamo-nos na distribui\u00e7\u00e3o por grosso de souvenirs aut\u00eanticos de Maiorca que evocam a sua rica cultura e a sua liga\u00e7\u00e3o com a natureza. Este conjunto de ta\u00e7as \u00e9 uma excelente op\u00e7\u00e3o para lojas de presentes tur\u00edsticos que procuram produtos \u00fanicos e representativos, garantindo aos turistas um pedacinho de Maiorca que ir\u00e3o apreciar e desfrutar.<\/p>\n","protected":false},"excerpt":{"rendered":"<p>Conjunto de 4 ta\u00e7as de coco de 13 x 6 cm, decoradas com encantadores motivos de cavalos-marinhos e detalhes coloridos. Cada ta\u00e7a apresenta um acabamento de mosaico em tons de azul, rosa, amarelo e transparente, o que lhes confere um design atraente e distinto. Perfeitas para servir aperitivos ou como elemento decorativo, estas ta\u00e7as refletem a ess\u00eancia do Mediterr\u00e2neo e trazem um toque de Maiorca \u00e0 sua casa. Cada pe\u00e7a inclui um texto subtil que real\u00e7a a sua origem.<\/p>\n","protected":false},"featured_media":13916,"template":"","meta":{"_acf_changed":false},"product_brand":[],"product_cat":[513],"product_tag":[516],"class_list":{"0":"post-37277","1":"product","2":"type-product","3":"status-publish","4":"has-post-thumbnail","6":"product_cat-bols","7":"product_tag-animais","8":"pa_ciudad-mallorca","9":"pa_motivo-cavalos-marinhos","10":"pa_pais-espana","12":"first","13":"instock","14":"shipping-taxable","15":"product-type-simple"},"acf":[],"_links":{"self":[{"href":"https:\/\/olemosaic.orbitalia.org\/pt-pt\/wp-json\/wp\/v2\/product\/37277","targetHints":{"allow":["GET"]}}],"collection":[{"href":"https:\/\/olemosaic.orbitalia.org\/pt-pt\/wp-json\/wp\/v2\/product"}],"about":[{"href":"https:\/\/olemosaic.orbitalia.org\/pt-pt\/wp-json\/wp\/v2\/types\/product"}],"wp:featuredmedia":[{"embeddable":true,"href":"https:\/\/olemosaic.orbitalia.org\/pt-pt\/wp-json\/wp\/v2\/media\/13916"}],"wp:attachment":[{"href":"https:\/\/olemosaic.orbitalia.org\/pt-pt\/wp-json\/wp\/v2\/media?parent=37277"}],"wp:term":[{"taxonomy":"product_brand","embeddable":true,"href":"https:\/\/olemosaic.orbitalia.org\/pt-pt\/wp-json\/wp\/v2\/product_brand?post=37277"},{"taxonomy":"product_cat","embeddable":true,"href":"https:\/\/olemosaic.orbitalia.org\/pt-pt\/wp-json\/wp\/v2\/product_cat?post=37277"},{"taxonomy":"product_tag","embeddable":true,"href":"https:\/\/olemosaic.orbitalia.org\/pt-pt\/wp-json\/wp\/v2\/product_tag?post=37277"}],"curies":[{"name":"wp","href":"https:\/\/api.w.org\/{rel}","templated":true}]}}