{"id":37274,"date":"2025-02-20T23:37:25","date_gmt":"2025-02-20T22:37:25","guid":{"rendered":"https:\/\/olemosaic.orbitalia.org\/producto\/4-bols-de-coco-de-13-x-6-cm-ibiscus-3\/"},"modified":"2025-07-25T20:36:21","modified_gmt":"2025-07-25T18:36:21","slug":"4-tacas-de-coco-de-13-x-6-cm-hibisco-3","status":"publish","type":"product","link":"https:\/\/olemosaic.orbitalia.org\/pt-pt\/produto\/4-tacas-de-coco-de-13-x-6-cm-hibisco-3\/","title":{"rendered":"4 Ta\u00e7as de coco de 13 x 6 cm. Azul, vermelho, laranja e rosa. Hibisco."},"content":{"rendered":"<p>Este conjunto de 4 ta\u00e7as de coco decoradas com motivos de hibisco \u00e9 a escolha ideal para quem procura adicionar um toque ex\u00f3tico e colorido \u00e0 sua mesa. Cada ta\u00e7a, de 13 x 6 cm, \u00e9 meticulosamente elaborada com material natural, o que garante a sua autenticidade e singularidade. As cores vivas destas ta\u00e7as variam entre azul, vermelho, laranja e rosa, criando um apelo visual que evoca a beleza tropical. No centro de cada ta\u00e7a, um elegante design de flor de hibisco, pintado \u00e0 m\u00e3o, destaca o artesanato e o cuidado colocado em cada detalhe.<\/p>\n<p>A t\u00e9cnica empregada real\u00e7a tanto a textura do coco como a vibrante paleta de cores, tornando estas ta\u00e7as numa homenagem \u00e0 natureza e ao seu esplendor. Ideais para apresentar frutas, aperitivos ou at\u00e9 como decora\u00e7\u00e3o, s\u00e3o perfeitas para qualquer ocasi\u00e3o, desde um jantar elegante at\u00e9 uma reuni\u00e3o informal. Representam a ess\u00eancia da cultura tropical, sendo uma recorda\u00e7\u00e3o aut\u00eantica que reflete a riqueza das tradi\u00e7\u00f5es locais.<\/p>\n<p>Na Ol\u00e9 Mosaic, especializamo-nos na distribui\u00e7\u00e3o de recorda\u00e7\u00f5es por grosso, e este conjunto de ta\u00e7as \u00e9 uma excelente op\u00e7\u00e3o para lojas de presentes tur\u00edsticos que procuram oferecer produtos distintivos e de qualidade. Como grossista de ta\u00e7as de coco, garantimos que cada pe\u00e7a n\u00e3o \u00e9 apenas funcional, mas tamb\u00e9m um elemento decorativo que atrai os turistas em busca de recorda\u00e7\u00f5es aut\u00eanticas.<\/p>\n","protected":false},"excerpt":{"rendered":"<p>Conjunto de 4 ta\u00e7as de coco de 13 x 6 cm decoradas com motivos de hibisco. Cada ta\u00e7a, feita de material natural, apresenta uma cor vibrante que varia entre azul, vermelho, laranja e rosa, com um elegante design de flor de hibisco no centro. A t\u00e9cnica empregada inclui detalhes pintados \u00e0 m\u00e3o que conferem um toque artesanal, ideal para apresentar frutas ou aperitivos em qualquer ocasi\u00e3o. Uma homenagem \u00e0 beleza e ao colorido natural, perfeito para adicionar um toque ex\u00f3tico \u00e0 sua mesa.<\/p>\n","protected":false},"featured_media":13913,"template":"","meta":{"_acf_changed":false},"product_brand":[],"product_cat":[513],"product_tag":[],"class_list":{"0":"post-37274","1":"product","2":"type-product","3":"status-publish","4":"has-post-thumbnail","6":"product_cat-bols","7":"pa_motivo-hibisco","9":"first","10":"instock","11":"shipping-taxable","12":"product-type-simple"},"acf":[],"_links":{"self":[{"href":"https:\/\/olemosaic.orbitalia.org\/pt-pt\/wp-json\/wp\/v2\/product\/37274","targetHints":{"allow":["GET"]}}],"collection":[{"href":"https:\/\/olemosaic.orbitalia.org\/pt-pt\/wp-json\/wp\/v2\/product"}],"about":[{"href":"https:\/\/olemosaic.orbitalia.org\/pt-pt\/wp-json\/wp\/v2\/types\/product"}],"wp:featuredmedia":[{"embeddable":true,"href":"https:\/\/olemosaic.orbitalia.org\/pt-pt\/wp-json\/wp\/v2\/media\/13913"}],"wp:attachment":[{"href":"https:\/\/olemosaic.orbitalia.org\/pt-pt\/wp-json\/wp\/v2\/media?parent=37274"}],"wp:term":[{"taxonomy":"product_brand","embeddable":true,"href":"https:\/\/olemosaic.orbitalia.org\/pt-pt\/wp-json\/wp\/v2\/product_brand?post=37274"},{"taxonomy":"product_cat","embeddable":true,"href":"https:\/\/olemosaic.orbitalia.org\/pt-pt\/wp-json\/wp\/v2\/product_cat?post=37274"},{"taxonomy":"product_tag","embeddable":true,"href":"https:\/\/olemosaic.orbitalia.org\/pt-pt\/wp-json\/wp\/v2\/product_tag?post=37274"}],"curies":[{"name":"wp","href":"https:\/\/api.w.org\/{rel}","templated":true}]}}