{"id":37273,"date":"2025-02-20T23:37:25","date_gmt":"2025-02-20T22:37:25","guid":{"rendered":"https:\/\/olemosaic.orbitalia.org\/producto\/4-bols-de-coco-de-13-x-6-cm-ibiscus-2\/"},"modified":"2025-07-25T20:13:37","modified_gmt":"2025-07-25T18:13:37","slug":"4-tacas-de-coco-de-13-x-6-cm-hibisco-2","status":"publish","type":"product","link":"https:\/\/olemosaic.orbitalia.org\/pt-pt\/produto\/4-tacas-de-coco-de-13-x-6-cm-hibisco-2\/","title":{"rendered":"4 Ta\u00e7as de coco de 13 x 6 cm. Azul, rosa, amarelo e branco. Hibisco."},"content":{"rendered":"<p>Este conjunto de 4 ta\u00e7as de coco \u00e9 um exemplo perfeito da fus\u00e3o entre arte e funcionalidade. Cada ta\u00e7a, com dimens\u00f5es de 13 x 6 cm, \u00e9 meticulosamente decorada com vibrantes motivos de hibisco, que capturam a ess\u00eancia das paisagens tropicais. Os tons azuis, rosas, amarelos e brancos combinam-se para evocar a frescura e o colorido dos ambientes naturais e a cultura das regi\u00f5es costeiras. Elaboradas \u00e0 m\u00e3o, estas ta\u00e7as apresentam um acabamento polido e brilhante, que real\u00e7a o seu apelo visual e lhes confere um toque ex\u00f3tico, ideal para qualquer casa.<\/p>\n<p>O seu design arredondado oferece versatilidade, permitindo utiliz\u00e1-las tanto para servir aperitivos como para adornar mesas e prateleiras, conferindo um ar alegre e tropical a qualquer espa\u00e7o. Cada ta\u00e7a \u00e9 \u00fanica, gra\u00e7as \u00e0 natureza artesanal da sua produ\u00e7\u00e3o, o que afirma a sua autenticidade como recorda\u00e7\u00e3o t\u00edpica.<\/p>\n<p>Estas ta\u00e7as de coco n\u00e3o s\u00e3o apenas excelentes presentes para turistas que procuram recorda\u00e7\u00f5es culturais, mas tamb\u00e9m s\u00e3o ideais como recorda\u00e7\u00f5es para decora\u00e7\u00f5es de ver\u00e3o. Na Ol\u00e9 Mosaic, o seu distribuidor de recorda\u00e7\u00f5es por grosso, oferecemos produtos aut\u00eanticos que refletem a riqueza cultural das suas regi\u00f5es de origem, garantindo qualidade e originalidade em cada pe\u00e7a.<\/p>\n","protected":false},"excerpt":{"rendered":"<p>Conjunto de 4 ta\u00e7as de coco de 13 x 6 cm, decoradas com motivos de hibisco. Cada ta\u00e7a destaca-se pelo seu design \u00fanico e vibrante, com acabamentos em tons de azul, rosa, amarelo e branco, que evocam a frescura das paisagens tropicais. Elaboradas \u00e0 m\u00e3o, estas ta\u00e7as apresentam um acabamento polido e brilhante, ideais para servir aperitivos ou como elemento decorativo em qualquer casa. A sua forma arredondada e design colorido conferem um toque ex\u00f3tico e alegre.<\/p>\n","protected":false},"featured_media":13912,"template":"","meta":{"_acf_changed":false},"product_brand":[],"product_cat":[513],"product_tag":[],"class_list":{"0":"post-37273","1":"product","2":"type-product","3":"status-publish","4":"has-post-thumbnail","6":"product_cat-bols","7":"pa_motivo-hibisco","9":"first","10":"instock","11":"shipping-taxable","12":"product-type-simple"},"acf":[],"_links":{"self":[{"href":"https:\/\/olemosaic.orbitalia.org\/pt-pt\/wp-json\/wp\/v2\/product\/37273","targetHints":{"allow":["GET"]}}],"collection":[{"href":"https:\/\/olemosaic.orbitalia.org\/pt-pt\/wp-json\/wp\/v2\/product"}],"about":[{"href":"https:\/\/olemosaic.orbitalia.org\/pt-pt\/wp-json\/wp\/v2\/types\/product"}],"wp:featuredmedia":[{"embeddable":true,"href":"https:\/\/olemosaic.orbitalia.org\/pt-pt\/wp-json\/wp\/v2\/media\/13912"}],"wp:attachment":[{"href":"https:\/\/olemosaic.orbitalia.org\/pt-pt\/wp-json\/wp\/v2\/media?parent=37273"}],"wp:term":[{"taxonomy":"product_brand","embeddable":true,"href":"https:\/\/olemosaic.orbitalia.org\/pt-pt\/wp-json\/wp\/v2\/product_brand?post=37273"},{"taxonomy":"product_cat","embeddable":true,"href":"https:\/\/olemosaic.orbitalia.org\/pt-pt\/wp-json\/wp\/v2\/product_cat?post=37273"},{"taxonomy":"product_tag","embeddable":true,"href":"https:\/\/olemosaic.orbitalia.org\/pt-pt\/wp-json\/wp\/v2\/product_tag?post=37273"}],"curies":[{"name":"wp","href":"https:\/\/api.w.org\/{rel}","templated":true}]}}