{"id":37270,"date":"2025-02-20T23:37:24","date_gmt":"2025-02-20T22:37:24","guid":{"rendered":"https:\/\/olemosaic.orbitalia.org\/producto\/colgador-de-ceramica-sardinas-mosaico-3\/"},"modified":"2025-07-25T19:13:35","modified_gmt":"2025-07-25T17:13:35","slug":"cabide-de-ceramica-sardinhas-mosaico-3","status":"publish","type":"product","link":"https:\/\/olemosaic.orbitalia.org\/pt-pt\/produto\/cabide-de-ceramica-sardinhas-mosaico-3\/","title":{"rendered":"Cabide de cer\u00e2mica. Sardinhas. Mosaico"},"content":{"rendered":"<p>Este cabide de cer\u00e2mica em forma de sardinha \u00e9 uma encantadora recorda\u00e7\u00e3o que evoca o vibrante esp\u00edrito mediterr\u00e2neo, perfeito para adicionar um toque decorativo ao seu lar. Elaborado em cer\u00e2mica e pintado \u00e0 m\u00e3o, cada pe\u00e7a apresenta um colorido mosaico que combina tonalidades azuis, amarelas e vermelhas, captando a rica tradi\u00e7\u00e3o da olaria espanhola. Com os seus detalhes meticulosamente desenhados, a sardinha destaca-se pela sua forma elegante e pelo seu acabamento brilhante, que real\u00e7a a beleza dos padr\u00f5es inspirados no folclore marinho, recordando as pitorescas costas de Espanha.<\/p>\n<p>Este cabide n\u00e3o \u00e9 apenas funcional, pois proporciona um acesso f\u00e1cil aos seus acess\u00f3rios pessoais, mas tamb\u00e9m serve como um elemento decorativo que embeleza qualquer espa\u00e7o. A escolha da figura da sardinha ressoa com a cultura costeira espanhola, onde este peixe \u00e9 um s\u00edmbolo da gastronomia t\u00edpica e do estilo de vida mediterr\u00e2neo, sendo um componente essencial em muitas celebra\u00e7\u00f5es locais. Ideal para os amantes da decora\u00e7\u00e3o \u00e9tnica, esta recorda\u00e7\u00e3o torna-se um aut\u00eantico tesouro que capta a ess\u00eancia da costa.<\/p>\n<p>Na Ol\u00e9 Mosaic, especializados na distribui\u00e7\u00e3o de recorda\u00e7\u00f5es por grosso, oferecemos produtos que celebram a rica heran\u00e7a cultural de Espanha. Este cabide de cer\u00e2mica \u00e9 uma excelente op\u00e7\u00e3o para lojas de presentes tur\u00edsticos que procuram artigos distintivos e com significado, destacando-se como um artigo imprescind\u00edvel para quem deseja levar um peda\u00e7o da cultura mediterr\u00e2nea.<\/p>\n","protected":false},"excerpt":{"rendered":"<p>Cabide de cer\u00e2mica em forma de sardinha, ideal para decorar o seu lar com um toque mediterr\u00e2neo. Elaborado em cer\u00e2mica e design artesanal, pintado \u00e0 m\u00e3o, apresenta um colorido mosaico que combina tons azuis, amarelos e vermelhos, evocando a rica tradi\u00e7\u00e3o da olaria espanhola. Este aut\u00eantico souvenir representa a cultura costeira e permite ter os acess\u00f3rios \u00e0 m\u00e3o, ao mesmo tempo que embeleza qualquer espa\u00e7o. Perfeito para os amantes da decora\u00e7\u00e3o \u00e9tnica.<\/p>\n","protected":false},"featured_media":11243,"template":"","meta":{"_acf_changed":false},"product_brand":[],"product_cat":[792],"product_tag":[516,515],"class_list":{"0":"post-37270","1":"product","2":"type-product","3":"status-publish","4":"has-post-thumbnail","6":"product_cat-cabides","7":"product_tag-animais","8":"product_tag-ceramica","9":"pa_motivo-sardinhas","11":"first","12":"instock","13":"shipping-taxable","14":"product-type-simple"},"acf":[],"_links":{"self":[{"href":"https:\/\/olemosaic.orbitalia.org\/pt-pt\/wp-json\/wp\/v2\/product\/37270","targetHints":{"allow":["GET"]}}],"collection":[{"href":"https:\/\/olemosaic.orbitalia.org\/pt-pt\/wp-json\/wp\/v2\/product"}],"about":[{"href":"https:\/\/olemosaic.orbitalia.org\/pt-pt\/wp-json\/wp\/v2\/types\/product"}],"wp:featuredmedia":[{"embeddable":true,"href":"https:\/\/olemosaic.orbitalia.org\/pt-pt\/wp-json\/wp\/v2\/media\/11243"}],"wp:attachment":[{"href":"https:\/\/olemosaic.orbitalia.org\/pt-pt\/wp-json\/wp\/v2\/media?parent=37270"}],"wp:term":[{"taxonomy":"product_brand","embeddable":true,"href":"https:\/\/olemosaic.orbitalia.org\/pt-pt\/wp-json\/wp\/v2\/product_brand?post=37270"},{"taxonomy":"product_cat","embeddable":true,"href":"https:\/\/olemosaic.orbitalia.org\/pt-pt\/wp-json\/wp\/v2\/product_cat?post=37270"},{"taxonomy":"product_tag","embeddable":true,"href":"https:\/\/olemosaic.orbitalia.org\/pt-pt\/wp-json\/wp\/v2\/product_tag?post=37270"}],"curies":[{"name":"wp","href":"https:\/\/api.w.org\/{rel}","templated":true}]}}