{"id":37264,"date":"2025-02-20T23:37:23","date_gmt":"2025-02-20T22:37:23","guid":{"rendered":"https:\/\/olemosaic.orbitalia.org\/producto\/colgador-de-ceramica-sardinas-2\/"},"modified":"2025-07-25T18:49:32","modified_gmt":"2025-07-25T16:49:32","slug":"cabide-de-ceramica-sardinhas-2","status":"publish","type":"product","link":"https:\/\/olemosaic.orbitalia.org\/pt-pt\/produto\/cabide-de-ceramica-sardinhas-2\/","title":{"rendered":"Cabide de cer\u00e2mica. Sardinhas. Motivos abstratos."},"content":{"rendered":"<p>Este cabide de cer\u00e2mica em forma de sardinha \u00e9 uma representa\u00e7\u00e3o alegre da cultura mar\u00edtima espanhola, perfeito para adicionar um toque vibrante a qualquer espa\u00e7o. Fabricado em cer\u00e2mica de alta qualidade, este cabide destaca-se pelo seu design pintado \u00e0 m\u00e3o que captura a ess\u00eancia da costa. A sua forma estilizada de sardinha evoca as tradi\u00e7\u00f5es piscat\u00f3rias e gastron\u00f3micas das zonas mar\u00edtimas, celebrando um elemento muito apreciado na dieta mediterr\u00e2nica. A pe\u00e7a apresenta uma base branca decorada com uma explos\u00e3o de cores brilhantes em tons de vermelho, azul, amarelo e verde, que se distribuem numa variedade de motivos abstratos, conferindo dinamismo e alegria ao objeto.<\/p>\n<p>Este cabide n\u00e3o \u00e9 apenas um acess\u00f3rio funcional, mas tamb\u00e9m uma lembran\u00e7a aut\u00eantica que reflete a tradi\u00e7\u00e3o artesanal espanhola. \u00c9 perfeito como souvenir para turistas que desejem levar um pedacinho da cultura costeira espanhola para casa. A sua autenticidade e est\u00e9tica colorida tornam-no uma excelente op\u00e7\u00e3o para lojas de presentes tur\u00edsticos que procurem oferecer produtos \u00fanicos e representativos. Na Ol\u00e9 Mosaic, como grossistas de lembran\u00e7as de cer\u00e2mica, garantimos a qualidade e originalidade em cada pe\u00e7a, o que faz deste cabide de sardinha uma aquisi\u00e7\u00e3o valiosa para qualquer cole\u00e7\u00e3o de lembran\u00e7as.<\/p>\n","protected":false},"excerpt":{"rendered":"<p>Cabide de cer\u00e2mica em forma de sardinha, decorado com um design vibrante e colorido. Fabricado em cer\u00e2mica de alta qualidade, este cabide apresenta uma est\u00e9tica alegre com motivos abstratos em tons de vermelho, azul, amarelo e verde sobre fundo branco. O seu acabamento, design artesanal, pintado \u00e0 m\u00e3o e de grande beleza, real\u00e7a a tradi\u00e7\u00e3o artesanal, tornando-o um acess\u00f3rio ideal para qualquer espa\u00e7o, que evoca o encanto costeiro das zonas mar\u00edtimas espanholas.<\/p>\n","protected":false},"featured_media":11247,"template":"","meta":{"_acf_changed":false},"product_brand":[],"product_cat":[792],"product_tag":[516,515],"class_list":{"0":"post-37264","1":"product","2":"type-product","3":"status-publish","4":"has-post-thumbnail","6":"product_cat-cabides","7":"product_tag-animais","8":"product_tag-ceramica","9":"pa_motivo-sardinhas","11":"first","12":"instock","13":"shipping-taxable","14":"product-type-simple"},"acf":[],"_links":{"self":[{"href":"https:\/\/olemosaic.orbitalia.org\/pt-pt\/wp-json\/wp\/v2\/product\/37264","targetHints":{"allow":["GET"]}}],"collection":[{"href":"https:\/\/olemosaic.orbitalia.org\/pt-pt\/wp-json\/wp\/v2\/product"}],"about":[{"href":"https:\/\/olemosaic.orbitalia.org\/pt-pt\/wp-json\/wp\/v2\/types\/product"}],"wp:featuredmedia":[{"embeddable":true,"href":"https:\/\/olemosaic.orbitalia.org\/pt-pt\/wp-json\/wp\/v2\/media\/11247"}],"wp:attachment":[{"href":"https:\/\/olemosaic.orbitalia.org\/pt-pt\/wp-json\/wp\/v2\/media?parent=37264"}],"wp:term":[{"taxonomy":"product_brand","embeddable":true,"href":"https:\/\/olemosaic.orbitalia.org\/pt-pt\/wp-json\/wp\/v2\/product_brand?post=37264"},{"taxonomy":"product_cat","embeddable":true,"href":"https:\/\/olemosaic.orbitalia.org\/pt-pt\/wp-json\/wp\/v2\/product_cat?post=37264"},{"taxonomy":"product_tag","embeddable":true,"href":"https:\/\/olemosaic.orbitalia.org\/pt-pt\/wp-json\/wp\/v2\/product_tag?post=37264"}],"curies":[{"name":"wp","href":"https:\/\/api.w.org\/{rel}","templated":true}]}}