{"id":37263,"date":"2025-02-20T23:37:23","date_gmt":"2025-02-20T22:37:23","guid":{"rendered":"https:\/\/olemosaic.orbitalia.org\/producto\/colgador-de-ceramica-sardinas-lisboa-mosaico-2\/"},"modified":"2025-07-25T18:49:01","modified_gmt":"2025-07-25T16:49:01","slug":"cabide-de-ceramica-sardinhas-lisboa-mosaico-2","status":"publish","type":"product","link":"https:\/\/olemosaic.orbitalia.org\/pt-pt\/produto\/cabide-de-ceramica-sardinhas-lisboa-mosaico-2\/","title":{"rendered":"Cabide de cer\u00e2mica. Sardinhas. Portugal. Lisboa. Mosaico"},"content":{"rendered":"<p>Este cabide de cer\u00e2mica em forma de sardinha \u00e9 uma lembran\u00e7a encantadora t\u00edpica de Lisboa, que funde funcionalidade e beleza num \u00fanico artigo. Elaborado em cer\u00e2mica de alta qualidade, o seu design vibrante destaca-se por um intrincado mosaico multicolorido que apresenta motivos florais e geom\u00e9tricos, evocando a rica heran\u00e7a cultural desta emblem\u00e1tica cidade portuguesa. A sardinha, um s\u00edmbolo tradicional de Lisboa, presta homenagem \u00e0 gastronomia local e \u00e0 vida marinha que rodeia a costa portuguesa.<\/p>\n<p>Com um acabamento brilhante que reflete a luz de forma cativante, este cabide n\u00e3o serve apenas como objeto decorativo, mas tamb\u00e9m como uma lembran\u00e7a emblem\u00e1tica de Lisboa. Cada detalhe do seu design, desde a forma estilizada at\u00e9 aos padr\u00f5es intrincados, foi cuidadosamente pensado para oferecer uma representa\u00e7\u00e3o aut\u00eantica da cultura lusa. Este cabide \u00e9 uma excelente op\u00e7\u00e3o para quem procura uma recorda\u00e7\u00e3o aut\u00eantica e representativa de Portugal, ideal para decorar qualquer casa ou como um detalhe especial para amigos e familiares.<\/p>\n<p>Na Ol\u00e9 Mosaic, especializamo-nos na distribui\u00e7\u00e3o de lembran\u00e7as por grosso, oferecendo produtos que real\u00e7am a ess\u00eancia de cada regi\u00e3o. Este cabide de cer\u00e2mica \u00e9 uma adi\u00e7\u00e3o perfeita para lojas de presentes tur\u00edsticos que procuram artigos aut\u00eanticos e de qualidade, garantindo aos seus clientes a liga\u00e7\u00e3o com as tradi\u00e7\u00f5es portuguesas atrav\u00e9s de recorda\u00e7\u00f5es memor\u00e1veis.<\/p>\n","protected":false},"excerpt":{"rendered":"<p>Cabide de cer\u00e2mica em forma de sardinha, uma lembran\u00e7a t\u00edpica de Lisboa. Este artigo atraente apresenta um design vibrante com um mosaico multicolorido que inclui motivos florais e geom\u00e9tricos, evocando a rica heran\u00e7a cultural da regi\u00e3o. Elaborado em cer\u00e2mica com um acabamento brilhante, este cabide combina funcionalidade e est\u00e9tica, sendo perfeito para adicionar um toque distintivo a qualquer casa e recordar a espl\u00eandida tradi\u00e7\u00e3o portuguesa.<\/p>\n","protected":false},"featured_media":11244,"template":"","meta":{"_acf_changed":false},"product_brand":[],"product_cat":[792],"product_tag":[516,515],"class_list":{"0":"post-37263","1":"product","2":"type-product","3":"status-publish","4":"has-post-thumbnail","6":"product_cat-cabides","7":"product_tag-animais","8":"product_tag-ceramica","9":"pa_ciudad-lisboa","10":"pa_motivo-sardinhas","11":"pa_pais-portugal","13":"first","14":"instock","15":"shipping-taxable","16":"product-type-simple"},"acf":[],"_links":{"self":[{"href":"https:\/\/olemosaic.orbitalia.org\/pt-pt\/wp-json\/wp\/v2\/product\/37263","targetHints":{"allow":["GET"]}}],"collection":[{"href":"https:\/\/olemosaic.orbitalia.org\/pt-pt\/wp-json\/wp\/v2\/product"}],"about":[{"href":"https:\/\/olemosaic.orbitalia.org\/pt-pt\/wp-json\/wp\/v2\/types\/product"}],"wp:featuredmedia":[{"embeddable":true,"href":"https:\/\/olemosaic.orbitalia.org\/pt-pt\/wp-json\/wp\/v2\/media\/11244"}],"wp:attachment":[{"href":"https:\/\/olemosaic.orbitalia.org\/pt-pt\/wp-json\/wp\/v2\/media?parent=37263"}],"wp:term":[{"taxonomy":"product_brand","embeddable":true,"href":"https:\/\/olemosaic.orbitalia.org\/pt-pt\/wp-json\/wp\/v2\/product_brand?post=37263"},{"taxonomy":"product_cat","embeddable":true,"href":"https:\/\/olemosaic.orbitalia.org\/pt-pt\/wp-json\/wp\/v2\/product_cat?post=37263"},{"taxonomy":"product_tag","embeddable":true,"href":"https:\/\/olemosaic.orbitalia.org\/pt-pt\/wp-json\/wp\/v2\/product_tag?post=37263"}],"curies":[{"name":"wp","href":"https:\/\/api.w.org\/{rel}","templated":true}]}}