{"id":37262,"date":"2025-02-20T23:37:22","date_gmt":"2025-02-20T22:37:22","guid":{"rendered":"https:\/\/olemosaic.orbitalia.org\/producto\/colgador-de-ceramica-sardinas-lisboa\/"},"modified":"2025-07-25T18:33:38","modified_gmt":"2025-07-25T16:33:38","slug":"cabide-de-ceramica-sardinhas-lisboa","status":"publish","type":"product","link":"https:\/\/olemosaic.orbitalia.org\/pt-pt\/produto\/cabide-de-ceramica-sardinhas-lisboa\/","title":{"rendered":"Cabide de cer\u00e2mica. Sardinhas. Lisboa."},"content":{"rendered":"<p>Este cabide de cer\u00e2mica em forma de sardinha \u00e9 uma lembran\u00e7a encantadora que captura a ess\u00eancia do simbolismo tradicional do peixe em Lisboa. Com um design meticuloso pintado \u00e0 m\u00e3o, esta pe\u00e7a \u00fanica exibe uma paleta de cores vibrante \u2014 azul, vermelho, amarelo e verde \u2014 sobre um fundo branco elegante que real\u00e7a o seu apelo visual. Cada detalhe do cabide destaca-se pelos motivos abstratos que evocam o ambiente festivo e animado da capital portuguesa, tornando cada sardinha uma pequena obra de arte.<\/p>\n<p>A cer\u00e2mica de alta qualidade utilizada no seu fabrico n\u00e3o s\u00f3 garante a sua durabilidade, como tamb\u00e9m confere um toque de autenticidade cultural. As sardinhas s\u00e3o um elemento emblem\u00e1tico da gastronomia e da tradi\u00e7\u00e3o lisboeta, representando a influ\u00eancia do mar e a sua rica oferta culin\u00e1ria. Ao pendurar este objeto em qualquer espa\u00e7o, convida-se a hist\u00f3ria e o calor da cultura portuguesa a fazerem parte do lar, tornando-o uma recorda\u00e7\u00e3o significativa para turistas e amantes de Portugal.<\/p>\n<p>Como parte da oferta da Ol\u00e9 Mosaic, este cabide de cer\u00e2mica apresenta-se como um excelente produto ideal para lojas de presentes tur\u00edsticos que procuram lembran\u00e7as aut\u00eanticas de Lisboa. O seu design muito especial e a sua liga\u00e7\u00e3o cultural garantem que ser\u00e1 um artigo popular entre os visitantes que desejem levar consigo um peda\u00e7o da tradi\u00e7\u00e3o portuguesa. Como distribuidores de cer\u00e2mica por grosso, oferecemos aos nossos clientes a oportunidade de incorporar este cabide original na sua sele\u00e7\u00e3o de lembran\u00e7as.<\/p>\n","protected":false},"excerpt":{"rendered":"<p>Cabide de cer\u00e2mica em forma de sardinha, que representa o simbolismo tradicional do peixe em Lisboa. Este encantador objeto decorativo tem um design artesanal, pintado \u00e0 m\u00e3o, e apresenta uma colorida variedade de motivos abstratos em tons de azul, vermelho, amarelo e verde sobre um fundo branco. A cer\u00e2mica de alta qualidade e o design vibrante fazem deste cabide uma pe\u00e7a ideal para adicionar um toque de cultura portuguesa a qualquer espa\u00e7o.<\/p>\n","protected":false},"featured_media":11248,"template":"","meta":{"_acf_changed":false},"product_brand":[],"product_cat":[792],"product_tag":[516,515],"class_list":{"0":"post-37262","1":"product","2":"type-product","3":"status-publish","4":"has-post-thumbnail","6":"product_cat-cabides","7":"product_tag-animais","8":"product_tag-ceramica","9":"pa_ciudad-lisboa","10":"pa_motivo-sardinhas","11":"pa_pais-portugal","13":"first","14":"instock","15":"shipping-taxable","16":"product-type-simple"},"acf":[],"_links":{"self":[{"href":"https:\/\/olemosaic.orbitalia.org\/pt-pt\/wp-json\/wp\/v2\/product\/37262","targetHints":{"allow":["GET"]}}],"collection":[{"href":"https:\/\/olemosaic.orbitalia.org\/pt-pt\/wp-json\/wp\/v2\/product"}],"about":[{"href":"https:\/\/olemosaic.orbitalia.org\/pt-pt\/wp-json\/wp\/v2\/types\/product"}],"wp:featuredmedia":[{"embeddable":true,"href":"https:\/\/olemosaic.orbitalia.org\/pt-pt\/wp-json\/wp\/v2\/media\/11248"}],"wp:attachment":[{"href":"https:\/\/olemosaic.orbitalia.org\/pt-pt\/wp-json\/wp\/v2\/media?parent=37262"}],"wp:term":[{"taxonomy":"product_brand","embeddable":true,"href":"https:\/\/olemosaic.orbitalia.org\/pt-pt\/wp-json\/wp\/v2\/product_brand?post=37262"},{"taxonomy":"product_cat","embeddable":true,"href":"https:\/\/olemosaic.orbitalia.org\/pt-pt\/wp-json\/wp\/v2\/product_cat?post=37262"},{"taxonomy":"product_tag","embeddable":true,"href":"https:\/\/olemosaic.orbitalia.org\/pt-pt\/wp-json\/wp\/v2\/product_tag?post=37262"}],"curies":[{"name":"wp","href":"https:\/\/api.w.org\/{rel}","templated":true}]}}