{"id":37261,"date":"2025-02-20T23:37:22","date_gmt":"2025-02-20T22:37:22","guid":{"rendered":"https:\/\/olemosaic.orbitalia.org\/producto\/colgador-de-ceramica-sardinas-lisboa-mosaico\/"},"modified":"2025-07-25T18:49:33","modified_gmt":"2025-07-25T16:49:33","slug":"cabide-de-ceramica-sardinhas-lisboa-mosaico","status":"publish","type":"product","link":"https:\/\/olemosaic.orbitalia.org\/pt-pt\/produto\/cabide-de-ceramica-sardinhas-lisboa-mosaico\/","title":{"rendered":"Cabide de cer\u00e2mica. Sardinhas. Lisboa. Mosaico"},"content":{"rendered":"<p>Este cabide de cer\u00e2mica com forma de sardinha \u00e9 uma recorda\u00e7\u00e3o encantadora, inspirada na rica tradi\u00e7\u00e3o cultural de Lisboa e que evoca a liga\u00e7\u00e3o mar\u00edtima da cidade. Com um design vibrante que apresenta uma variedade de motivos de mosaico em cores vivas, onde predominam os tons de vermelho, azul e verde que prestam homenagem aos ic\u00f3nicos azulejos portugueses. Cada pe\u00e7a aparenta ser pintada \u00e0 m\u00e3o, assegurando um acabamento \u00fanico e artesanal que reflete o talento dos ceramistas locais. A silhueta da sardinha, reconhecida como s\u00edmbolo do mar Mediterr\u00e2neo e do patrim\u00f3nio gastron\u00f3mico luso, est\u00e1 adornada com pormenores minuciosos que incluem intrincados padr\u00f5es geom\u00e9tricos e florais, criando uma atmosfera festiva e alegre. Este cabide n\u00e3o s\u00f3 serve como um objeto decorativo que acrescenta um toque cultural a qualquer ambiente, como tamb\u00e9m se torna numa recorda\u00e7\u00e3o tang\u00edvel da beleza e da heran\u00e7a de Lisboa. Na Ol\u00e9 Mosaic, oferecemos produtos aut\u00eanticos e representativos, ideais para turistas que procuram recorda\u00e7\u00f5es de cer\u00e2mica \u00fanicas. Este cabide de sardinha \u00e9 uma excelente op\u00e7\u00e3o para lojas de presentes tur\u00edsticos, perfeito para quem deseja levar um peda\u00e7o da cultura portuguesa. Como grossista de souvenirs, garantimos um design excecional e uma qualidade artesanal em cada pe\u00e7a.<\/p>\n","protected":false},"excerpt":{"rendered":"<p>Cabide de cer\u00e2mica com forma de sardinha, inspirado na tradi\u00e7\u00e3o lisboeta. Este design vibrante apresenta motivos de mosaico em cores vivas, como vermelho, azul e verde, que evocam a est\u00e9tica dos azulejos portugueses. Cada pe\u00e7a aparenta ser pintada \u00e0 m\u00e3o, o que lhe confere um acabamento \u00fanico e artesanal. \u00c9 perfeito para acrescentar um toque decorativo e cultural a qualquer espa\u00e7o, evocando a ess\u00eancia do mar e a heran\u00e7a local.<\/p>\n","protected":false},"featured_media":11246,"template":"","meta":{"_acf_changed":false},"product_brand":[],"product_cat":[792],"product_tag":[516,515],"class_list":{"0":"post-37261","1":"product","2":"type-product","3":"status-publish","4":"has-post-thumbnail","6":"product_cat-cabides","7":"product_tag-animais","8":"product_tag-ceramica","9":"pa_ciudad-lisboa","10":"pa_motivo-sardinhas","11":"pa_pais-portugal","13":"first","14":"instock","15":"shipping-taxable","16":"product-type-simple"},"acf":[],"_links":{"self":[{"href":"https:\/\/olemosaic.orbitalia.org\/pt-pt\/wp-json\/wp\/v2\/product\/37261","targetHints":{"allow":["GET"]}}],"collection":[{"href":"https:\/\/olemosaic.orbitalia.org\/pt-pt\/wp-json\/wp\/v2\/product"}],"about":[{"href":"https:\/\/olemosaic.orbitalia.org\/pt-pt\/wp-json\/wp\/v2\/types\/product"}],"wp:featuredmedia":[{"embeddable":true,"href":"https:\/\/olemosaic.orbitalia.org\/pt-pt\/wp-json\/wp\/v2\/media\/11246"}],"wp:attachment":[{"href":"https:\/\/olemosaic.orbitalia.org\/pt-pt\/wp-json\/wp\/v2\/media?parent=37261"}],"wp:term":[{"taxonomy":"product_brand","embeddable":true,"href":"https:\/\/olemosaic.orbitalia.org\/pt-pt\/wp-json\/wp\/v2\/product_brand?post=37261"},{"taxonomy":"product_cat","embeddable":true,"href":"https:\/\/olemosaic.orbitalia.org\/pt-pt\/wp-json\/wp\/v2\/product_cat?post=37261"},{"taxonomy":"product_tag","embeddable":true,"href":"https:\/\/olemosaic.orbitalia.org\/pt-pt\/wp-json\/wp\/v2\/product_tag?post=37261"}],"curies":[{"name":"wp","href":"https:\/\/api.w.org\/{rel}","templated":true}]}}