{"id":37260,"date":"2025-02-20T22:37:22","date_gmt":"2025-02-20T22:37:22","guid":{"rendered":"https:\/\/olemosaic.orbitalia.org\/producto\/colgador-de-ceramica-sardinas\/"},"modified":"2025-07-25T19:24:28","modified_gmt":"2025-07-25T17:24:28","slug":"cabide-de-ceramica-sardinhas","status":"publish","type":"product","link":"https:\/\/olemosaic.orbitalia.org\/pt-pt\/produto\/cabide-de-ceramica-sardinhas\/","title":{"rendered":"Cabide de cer\u00e2mica. Sardinhas."},"content":{"rendered":"<p>Este cabide de cer\u00e2mica com forma de sardinha \u00e9 uma pe\u00e7a decorativa excecional que capta a ess\u00eancia do encanto mediterr\u00e2neo. O seu design vibrante integra padr\u00f5es intrincados em tons de azul e verde, evocando a beleza dos tradicionais azulejos espanh\u00f3is. Com a sua forma estilizada e simp\u00e1tica de sardinha, este acess\u00f3rio n\u00e3o s\u00f3 recorda a rica cultura costeira, como tamb\u00e9m acrescenta um toque de alegria e cor a qualquer espa\u00e7o. A cer\u00e2mica, com o seu acabamento brilhante, real\u00e7a os padr\u00f5es detalhados, tornando-o num objeto apelativo que atrai todos os olhares.<\/p>\n<p>O cabide est\u00e1 equipado com um gancho met\u00e1lico na parte posterior, o que facilita a sua coloca\u00e7\u00e3o e o torna ideal tanto para uso decorativo como funcional. Sendo uma aut\u00eantica recorda\u00e7\u00e3o da tradi\u00e7\u00e3o mediterr\u00e2nea, este cabide representa a liga\u00e7\u00e3o das costas espanholas com a pesca e a gastronomia, sendo um presente ideal para quem deseja levar um pedacinho do estilo de vida espanhol. Na Ol\u00e9 Mosaic, especializamo-nos na distribui\u00e7\u00e3o de souvenirs por grosso, e este cabide de sardinha n\u00e3o s\u00f3 \u00e9 uma excelente op\u00e7\u00e3o para turistas, como tamb\u00e9m um artigo atraente para lojas de presentes tur\u00edsticos que procuram oferecer produtos aut\u00eanticos e representativos. Elevando a est\u00e9tica do seu lar com um toque espanhol, este souvenir \u00e9 uma escolha perfeita para quem valoriza a cultura e o artesanato da nossa terra.<\/p>\n","protected":false},"excerpt":{"rendered":"<p>Cabide de cer\u00e2mica com forma de sardinha, decorado com padr\u00f5es intrincados em tons de azul e verde. Este design original, representativo da cultura mediterr\u00e2nea, inclui detalhes que evocam os azulejos tradicionais. Ideal para acrescentar um toque espanhol a qualquer lar, o seu acabamento brilhante e colorido torna-o numa pe\u00e7a apelativa. Equipado com um gancho met\u00e1lico para facilitar a sua coloca\u00e7\u00e3o, \u00e9 perfeito tanto para uso decorativo como funcional.<\/p>\n","protected":false},"featured_media":8941,"template":"","meta":{"_acf_changed":false},"product_brand":[],"product_cat":[792],"product_tag":[516,515],"class_list":{"0":"post-37260","1":"product","2":"type-product","3":"status-publish","4":"has-post-thumbnail","6":"product_cat-cabides","7":"product_tag-animais","8":"product_tag-ceramica","9":"pa_motivo-sardinhas","11":"first","12":"instock","13":"shipping-taxable","14":"product-type-simple"},"acf":[],"_links":{"self":[{"href":"https:\/\/olemosaic.orbitalia.org\/pt-pt\/wp-json\/wp\/v2\/product\/37260","targetHints":{"allow":["GET"]}}],"collection":[{"href":"https:\/\/olemosaic.orbitalia.org\/pt-pt\/wp-json\/wp\/v2\/product"}],"about":[{"href":"https:\/\/olemosaic.orbitalia.org\/pt-pt\/wp-json\/wp\/v2\/types\/product"}],"wp:featuredmedia":[{"embeddable":true,"href":"https:\/\/olemosaic.orbitalia.org\/pt-pt\/wp-json\/wp\/v2\/media\/8941"}],"wp:attachment":[{"href":"https:\/\/olemosaic.orbitalia.org\/pt-pt\/wp-json\/wp\/v2\/media?parent=37260"}],"wp:term":[{"taxonomy":"product_brand","embeddable":true,"href":"https:\/\/olemosaic.orbitalia.org\/pt-pt\/wp-json\/wp\/v2\/product_brand?post=37260"},{"taxonomy":"product_cat","embeddable":true,"href":"https:\/\/olemosaic.orbitalia.org\/pt-pt\/wp-json\/wp\/v2\/product_cat?post=37260"},{"taxonomy":"product_tag","embeddable":true,"href":"https:\/\/olemosaic.orbitalia.org\/pt-pt\/wp-json\/wp\/v2\/product_tag?post=37260"}],"curies":[{"name":"wp","href":"https:\/\/api.w.org\/{rel}","templated":true}]}}