{"id":37259,"date":"2025-02-20T23:37:22","date_gmt":"2025-02-20T22:37:22","guid":{"rendered":"https:\/\/olemosaic.orbitalia.org\/producto\/cenicero-de-ceramica-de-9-cm-sardinas-blanco\/"},"modified":"2025-07-25T22:14:04","modified_gmt":"2025-07-25T20:14:04","slug":"cinzeiro-de-ceramica-de-9-cm-sardinhas-branco","status":"publish","type":"product","link":"https:\/\/olemosaic.orbitalia.org\/pt-pt\/produto\/cinzeiro-de-ceramica-de-9-cm-sardinhas-branco\/","title":{"rendered":"Cinzeiro de cer\u00e2mica de 9 cm. Sardinhas. Branco"},"content":{"rendered":"<p>Este cinzeiro de cer\u00e2mica de 9 cm \u00e9 uma pe\u00e7a encantadora que confere um toque mediterr\u00e2neo a qualquer lar. O seu design vibrante apresenta peixes coloridos, especialmente sardinhas, em tons de verde, vermelho e amarelo, que animam a sua superf\u00edcie branca. Esta arte pintada \u00e0 m\u00e3o reflete a rica heran\u00e7a cultural das costas espanholas, evocando a frescura e a alegria pr\u00f3prias da sua gastronomia e tradi\u00e7\u00f5es. Na parte superior, um fundo de delicados padr\u00f5es azuis completa a obra, criando um contraste visual fascinante que capta a aten\u00e7\u00e3o e o esp\u00edrito festivo do Mediterr\u00e2neo.<\/p>\n<p>O cinzeiro n\u00e3o s\u00f3 \u00e9 funcional, como tamb\u00e9m \u00e9 um excelente souvenir representativo da cultura espanhola, ideal para turistas que procuram levar para casa um pedacinho desta tradi\u00e7\u00e3o vibrante. Com a sua liga\u00e7\u00e3o cultural \u00e0 rica hist\u00f3ria pesqueira de Espanha, este artigo destaca a autenticidade que a Ol\u00e9 Mosaic oferece em cada um dos seus produtos. Como distribuidores de cer\u00e2mica por grosso, garantimos que este cinzeiro de sardinhas n\u00e3o s\u00f3 embelezar\u00e1 qualquer espa\u00e7o, como tamb\u00e9m servir\u00e1 como uma recorda\u00e7\u00e3o significativa e colorida que certamente ser\u00e1 apreciada pelo seu design e relev\u00e2ncia cultural.<\/p>\n","protected":false},"excerpt":{"rendered":"<p>Cinzeiro de cer\u00e2mica de 9 cm com um design vibrante de sardinhas, ideal para dar um toque mediterr\u00e2neo a qualquer lar. A sua superf\u00edcie branca est\u00e1 decorada com peixes coloridos em tons de verde, vermelho e amarelo sobre um fundo de delicados motivos azuis, evocando o encanto das costas espanholas. Este artigo, de design artesanal, pintado \u00e0 m\u00e3o, combina funcionalidade com um apelo visual, o que o torna numa excelente recorda\u00e7\u00e3o da tradi\u00e7\u00e3o cultural.<\/p>\n","protected":false},"featured_media":9051,"template":"","meta":{"_acf_changed":false},"product_brand":[],"product_cat":[564],"product_tag":[516,515],"class_list":{"0":"post-37259","1":"product","2":"type-product","3":"status-publish","4":"has-post-thumbnail","6":"product_cat-cinzeiros","7":"product_tag-animais","8":"product_tag-ceramica","9":"pa_motivo-sardinhas","11":"first","12":"instock","13":"shipping-taxable","14":"product-type-simple"},"acf":[],"_links":{"self":[{"href":"https:\/\/olemosaic.orbitalia.org\/pt-pt\/wp-json\/wp\/v2\/product\/37259","targetHints":{"allow":["GET"]}}],"collection":[{"href":"https:\/\/olemosaic.orbitalia.org\/pt-pt\/wp-json\/wp\/v2\/product"}],"about":[{"href":"https:\/\/olemosaic.orbitalia.org\/pt-pt\/wp-json\/wp\/v2\/types\/product"}],"wp:featuredmedia":[{"embeddable":true,"href":"https:\/\/olemosaic.orbitalia.org\/pt-pt\/wp-json\/wp\/v2\/media\/9051"}],"wp:attachment":[{"href":"https:\/\/olemosaic.orbitalia.org\/pt-pt\/wp-json\/wp\/v2\/media?parent=37259"}],"wp:term":[{"taxonomy":"product_brand","embeddable":true,"href":"https:\/\/olemosaic.orbitalia.org\/pt-pt\/wp-json\/wp\/v2\/product_brand?post=37259"},{"taxonomy":"product_cat","embeddable":true,"href":"https:\/\/olemosaic.orbitalia.org\/pt-pt\/wp-json\/wp\/v2\/product_cat?post=37259"},{"taxonomy":"product_tag","embeddable":true,"href":"https:\/\/olemosaic.orbitalia.org\/pt-pt\/wp-json\/wp\/v2\/product_tag?post=37259"}],"curies":[{"name":"wp","href":"https:\/\/api.w.org\/{rel}","templated":true}]}}