{"id":37258,"date":"2025-02-20T23:37:22","date_gmt":"2025-02-20T22:37:22","guid":{"rendered":"https:\/\/olemosaic.orbitalia.org\/producto\/cenicero-de-ceramica-de-8-cm-sardinas-blanco\/"},"modified":"2025-07-25T18:58:48","modified_gmt":"2025-07-25T16:58:48","slug":"cinzeiro-de-ceramica-de-8-cm-sardinhas-branco","status":"publish","type":"product","link":"https:\/\/olemosaic.orbitalia.org\/pt-pt\/produto\/cinzeiro-de-ceramica-de-8-cm-sardinhas-branco\/","title":{"rendered":"Cinzeiro de cer\u00e2mica de 8 cm. Sardinhas. Branco"},"content":{"rendered":"<p>Este encantador cinzeiro de cer\u00e2mica, de 8 cm de di\u00e2metro, decorado com sardinhas coloridas, \u00e9 uma aut\u00eantica representa\u00e7\u00e3o da rica cultura mediterr\u00e2nea. O seu design vibrante mostra sardinhas em tons intensos de vermelho, azul e amarelo, nadando alegremente sobre um fundo branco adornado com intrincados motivos decorativos azuis. Cada pe\u00e7a tem um efeito pintado \u00e0 m\u00e3o, o que real\u00e7a a sua singularidade e a dedica\u00e7\u00e3o artesanal que a sustenta, tornando-a num objeto decorativo atraente e funcional.<\/p>\n<p>Este cinzeiro n\u00e3o s\u00f3 \u00e9 ideal para os amantes da cer\u00e2mica artesanal, como tamb\u00e9m \u00e9 uma excelente recorda\u00e7\u00e3o que evoca a frescura e a tradi\u00e7\u00e3o dos mercados de peixe nas costas de Espanha e Portugal. As sardinhas s\u00e3o um s\u00edmbolo tradicional da gastronomia mediterr\u00e2nea, celebradas em festivais, especialmente no ver\u00e3o, o que acrescenta valor cultural a este artigo.<\/p>\n<p>Na Ol\u00e9 Mosaic, especializada na distribui\u00e7\u00e3o de souvenirs por grosso, este cinzeiro de cer\u00e2mica \u00e9 uma op\u00e7\u00e3o perfeita para lojas de presentes tur\u00edsticos que procuram produtos aut\u00eanticos que reflitam a cultura local. O seu design atraente torna-o num presente memor\u00e1vel que capta a ess\u00eancia do Mediterr\u00e2neo, ideal para quem deseja levar um pedacinho de Espanha ou Portugal para casa.<\/p>\n","protected":false},"excerpt":{"rendered":"<p>Cinzeiro de cer\u00e2mica de 8 cm decorado com sardinhas coloridas, ideal para colecionadores e amantes da cer\u00e2mica artesanal. Este design vibrante apresenta sardinhas em tons de vermelho, azul e amarelo sobre um fundo branco adornado com motivos decorativos azuis. A t\u00e9cnica de design artesanal, pintado \u00e0 m\u00e3o, real\u00e7a a sua singularidade e artesanato, tornando-o num elemento decorativo atraente e funcional que evoca o encanto do Mediterr\u00e2neo.<\/p>\n","protected":false},"featured_media":8885,"template":"","meta":{"_acf_changed":false},"product_brand":[],"product_cat":[564],"product_tag":[516,515],"class_list":{"0":"post-37258","1":"product","2":"type-product","3":"status-publish","4":"has-post-thumbnail","6":"product_cat-cinzeiros","7":"product_tag-animais","8":"product_tag-ceramica","9":"pa_motivo-sardinhas","11":"first","12":"instock","13":"shipping-taxable","14":"product-type-simple"},"acf":[],"_links":{"self":[{"href":"https:\/\/olemosaic.orbitalia.org\/pt-pt\/wp-json\/wp\/v2\/product\/37258","targetHints":{"allow":["GET"]}}],"collection":[{"href":"https:\/\/olemosaic.orbitalia.org\/pt-pt\/wp-json\/wp\/v2\/product"}],"about":[{"href":"https:\/\/olemosaic.orbitalia.org\/pt-pt\/wp-json\/wp\/v2\/types\/product"}],"wp:featuredmedia":[{"embeddable":true,"href":"https:\/\/olemosaic.orbitalia.org\/pt-pt\/wp-json\/wp\/v2\/media\/8885"}],"wp:attachment":[{"href":"https:\/\/olemosaic.orbitalia.org\/pt-pt\/wp-json\/wp\/v2\/media?parent=37258"}],"wp:term":[{"taxonomy":"product_brand","embeddable":true,"href":"https:\/\/olemosaic.orbitalia.org\/pt-pt\/wp-json\/wp\/v2\/product_brand?post=37258"},{"taxonomy":"product_cat","embeddable":true,"href":"https:\/\/olemosaic.orbitalia.org\/pt-pt\/wp-json\/wp\/v2\/product_cat?post=37258"},{"taxonomy":"product_tag","embeddable":true,"href":"https:\/\/olemosaic.orbitalia.org\/pt-pt\/wp-json\/wp\/v2\/product_tag?post=37258"}],"curies":[{"name":"wp","href":"https:\/\/api.w.org\/{rel}","templated":true}]}}