{"id":37257,"date":"2025-02-20T22:37:22","date_gmt":"2025-02-20T22:37:22","guid":{"rendered":"https:\/\/olemosaic.orbitalia.org\/producto\/cenicero-de-ceramica-de-10-cm-sardinas-blanco\/"},"modified":"2025-07-25T20:17:49","modified_gmt":"2025-07-25T18:17:49","slug":"cinzeiro-de-ceramica-de-10-cm-sardinhas-branco","status":"publish","type":"product","link":"https:\/\/olemosaic.orbitalia.org\/pt-pt\/produto\/cinzeiro-de-ceramica-de-10-cm-sardinhas-branco\/","title":{"rendered":"Cinzeiro de cer\u00e2mica de 10 cm. Sardinhas. Branco"},"content":{"rendered":"<p>Este cinzeiro de cer\u00e2mica de 10 cm \u00e9 uma joia artesanal que capta a ess\u00eancia do Mediterr\u00e2neo atrav\u00e9s do seu design vibrante. Decorado com sardinhas multicoloridas, em tons de vermelho, verde, azul e amarelo, este artigo atraente destaca-se sobre um fundo azul adornado com padr\u00f5es tradicionais que evocam o ambiente costeiro espanhol. Com um acabamento brilhante e colorido, cada detalhe das sardinhas \u00e9 meticulosamente pintado, criando uma pe\u00e7a \u00fanica que, al\u00e9m de ser pr\u00e1tica, serve como um elemento decorativo atraente para qualquer ocasi\u00e3o.<\/p>\n<p>A cer\u00e2mica, de alta qualidade, garante durabilidade, tornando este cinzeiro num souvenir perfeito para quem deseja levar para casa um peda\u00e7o da cultura mediterr\u00e2nea. As sardinhas, um s\u00edmbolo do mar e da gastronomia local, representam a rica tradi\u00e7\u00e3o pesqueira de Espanha, o que acrescenta valor cultural e um toque de autenticidade a esta bela recorda\u00e7\u00e3o. Na Ol\u00e9 Mosaic, especializamo-nos na distribui\u00e7\u00e3o de souvenirs por grosso, e este cinzeiro de cer\u00e2mica \u00e9 uma op\u00e7\u00e3o ideal para lojas de presentes tur\u00edsticos que procuram produtos atraentes e representativos. Um cinzeiro de cer\u00e2mica vibrante, perfeito para quem procura souvenirs aut\u00eanticos que celebram a heran\u00e7a cultural mediterr\u00e2nea.<\/p>\n","protected":false},"excerpt":{"rendered":"<p>Cinzeiro de cer\u00e2mica de 10 cm, decorado com um design vibrante de sardinhas sobre fundo azul. Este artigo atraente, ideal para qualquer ambiente, apresenta um acabamento brilhante e colorido, com sardinhas em tons de vermelho, verde, azul e amarelo dispostas sobre um fundo com padr\u00f5es tradicionais. A cer\u00e2mica \u00e9 de alta qualidade, o que garante a sua durabilidade, e o seu design evocativo do Mediterr\u00e2neo acrescenta um toque cultural \u00e0 decora\u00e7\u00e3o.<\/p>\n","protected":false},"featured_media":8875,"template":"","meta":{"_acf_changed":false},"product_brand":[],"product_cat":[564],"product_tag":[516,515],"class_list":{"0":"post-37257","1":"product","2":"type-product","3":"status-publish","4":"has-post-thumbnail","6":"product_cat-cinzeiros","7":"product_tag-animais","8":"product_tag-ceramica","9":"pa_motivo-sardinhas","11":"first","12":"instock","13":"shipping-taxable","14":"product-type-simple"},"acf":[],"_links":{"self":[{"href":"https:\/\/olemosaic.orbitalia.org\/pt-pt\/wp-json\/wp\/v2\/product\/37257","targetHints":{"allow":["GET"]}}],"collection":[{"href":"https:\/\/olemosaic.orbitalia.org\/pt-pt\/wp-json\/wp\/v2\/product"}],"about":[{"href":"https:\/\/olemosaic.orbitalia.org\/pt-pt\/wp-json\/wp\/v2\/types\/product"}],"wp:featuredmedia":[{"embeddable":true,"href":"https:\/\/olemosaic.orbitalia.org\/pt-pt\/wp-json\/wp\/v2\/media\/8875"}],"wp:attachment":[{"href":"https:\/\/olemosaic.orbitalia.org\/pt-pt\/wp-json\/wp\/v2\/media?parent=37257"}],"wp:term":[{"taxonomy":"product_brand","embeddable":true,"href":"https:\/\/olemosaic.orbitalia.org\/pt-pt\/wp-json\/wp\/v2\/product_brand?post=37257"},{"taxonomy":"product_cat","embeddable":true,"href":"https:\/\/olemosaic.orbitalia.org\/pt-pt\/wp-json\/wp\/v2\/product_cat?post=37257"},{"taxonomy":"product_tag","embeddable":true,"href":"https:\/\/olemosaic.orbitalia.org\/pt-pt\/wp-json\/wp\/v2\/product_tag?post=37257"}],"curies":[{"name":"wp","href":"https:\/\/api.w.org\/{rel}","templated":true}]}}