{"id":37256,"date":"2025-02-20T23:37:21","date_gmt":"2025-02-20T22:37:21","guid":{"rendered":"https:\/\/olemosaic.orbitalia.org\/producto\/4-bols-de-coco-de-13-x-6-cm-tortuga-mallorca-5\/"},"modified":"2025-07-25T18:39:14","modified_gmt":"2025-07-25T16:39:14","slug":"4-tacas-de-coco-de-13-x-6-cm-tartaruga-maiorca-5","status":"publish","type":"product","link":"https:\/\/olemosaic.orbitalia.org\/pt-pt\/produto\/4-tacas-de-coco-de-13-x-6-cm-tartaruga-maiorca-5\/","title":{"rendered":"4 Ta\u00e7as de coco de 13 x 6 cm. Tartaruga. Azul, vermelho, laranja e rosa. Maiorca."},"content":{"rendered":"<p>Este atraente conjunto de 4 ta\u00e7as de coco decorativas, de 13 x 6 cm, \u00e9 inspirado na espetacular fauna marinha de Maiorca e \u00e9 uma recorda\u00e7\u00e3o perfeita para os amantes da ilha. Cada ta\u00e7a apresenta uma cor vibrante que evoca a beleza do mar Mediterr\u00e2neo: azul profundo, vermelho brilhante, laranja quente e rosa suave. O design central destaca uma encantadora tartaruga marinha, acompanhada pelo nome &#8220;MALLORCA&#8221; impresso com eleg\u00e2ncia, o que as torna uma representa\u00e7\u00e3o aut\u00eantica e cultural desta regi\u00e3o paradis\u00edaca.<\/p>\n<p>Fabricadas em coco, estas ta\u00e7as contam com um acabamento que real\u00e7a a sua textura natural, acrescentando um toque de autenticidade a cada pe\u00e7a. O padr\u00e3o distintivo, que recorda as ondas do mar, n\u00e3o \u00e9 apenas visualmente agrad\u00e1vel, mas tamb\u00e9m refor\u00e7a a liga\u00e7\u00e3o com a costa mediterr\u00e2nica. Ideais para servir aperitivos coloridos em reuni\u00f5es ou como elegantes pe\u00e7as decorativas em qualquer lar, estas ta\u00e7as s\u00e3o mais do que simples utens\u00edlios: s\u00e3o uma homenagem \u00e0 cultura e \u00e0s tradi\u00e7\u00f5es de Maiorca.<\/p>\n<p>Na Ol\u00e9 Mosaic, distribu\u00edmos souvenirs por grosso e oferecemos estas ta\u00e7as de coco como uma op\u00e7\u00e3o excecional para lojas de presentes tur\u00edsticos que procuram produtos representativos e de qualidade. Estes souvenirs de Maiorca s\u00e3o um presente perfeito para quem deseja levar um peda\u00e7o da cultura maiorquina para casa.<\/p>\n","protected":false},"excerpt":{"rendered":"<p>Ta\u00e7as decorativas de coco de 13 x 6 cm, inspiradas na fauna marinha de Maiorca. Cada ta\u00e7a apresenta uma cor vibrante: azul, vermelho, laranja e rosa, com um design central de uma tartaruga e o nome &#8220;MALLORCA&#8221; impresso. Estas pe\u00e7as, feitas de coco, t\u00eam um acabamento que real\u00e7a a sua textura natural e um padr\u00e3o distintivo que evoca as ondas do mar. S\u00e3o ideais para servir aperitivos ou como elemento decorativo em qualquer lar.<\/p>\n","protected":false},"featured_media":13911,"template":"","meta":{"_acf_changed":false},"product_brand":[],"product_cat":[513],"product_tag":[516],"class_list":{"0":"post-37256","1":"product","2":"type-product","3":"status-publish","4":"has-post-thumbnail","6":"product_cat-bols","7":"product_tag-animais","8":"pa_ciudad-mallorca","9":"pa_motivo-tartarugas","10":"pa_pais-espana","12":"first","13":"instock","14":"shipping-taxable","15":"product-type-simple"},"acf":[],"_links":{"self":[{"href":"https:\/\/olemosaic.orbitalia.org\/pt-pt\/wp-json\/wp\/v2\/product\/37256","targetHints":{"allow":["GET"]}}],"collection":[{"href":"https:\/\/olemosaic.orbitalia.org\/pt-pt\/wp-json\/wp\/v2\/product"}],"about":[{"href":"https:\/\/olemosaic.orbitalia.org\/pt-pt\/wp-json\/wp\/v2\/types\/product"}],"wp:featuredmedia":[{"embeddable":true,"href":"https:\/\/olemosaic.orbitalia.org\/pt-pt\/wp-json\/wp\/v2\/media\/13911"}],"wp:attachment":[{"href":"https:\/\/olemosaic.orbitalia.org\/pt-pt\/wp-json\/wp\/v2\/media?parent=37256"}],"wp:term":[{"taxonomy":"product_brand","embeddable":true,"href":"https:\/\/olemosaic.orbitalia.org\/pt-pt\/wp-json\/wp\/v2\/product_brand?post=37256"},{"taxonomy":"product_cat","embeddable":true,"href":"https:\/\/olemosaic.orbitalia.org\/pt-pt\/wp-json\/wp\/v2\/product_cat?post=37256"},{"taxonomy":"product_tag","embeddable":true,"href":"https:\/\/olemosaic.orbitalia.org\/pt-pt\/wp-json\/wp\/v2\/product_tag?post=37256"}],"curies":[{"name":"wp","href":"https:\/\/api.w.org\/{rel}","templated":true}]}}